{"id":104,"date":"2023-03-02T11:12:31","date_gmt":"2023-03-02T08:12:31","guid":{"rendered":"https:\/\/uusi.krookmedia.fi\/uusi_krookmedia_fi\/?page_id=104"},"modified":"2025-01-09T19:28:05","modified_gmt":"2025-01-09T16:28:05","slug":"aineisto-ohjeet","status":"publish","type":"page","link":"https:\/\/krookmedia.fi\/index.php\/aineisto-ohjeet\/","title":{"rendered":"Aineisto-ohjeet"},"content":{"rendered":"\n<h3 class=\"wp-block-heading\">Tekniset tiedot<\/h3>\n\n\n\n<p><strong>Printti<\/strong><\/p>\n\n\n\n<p>Sivukoko 210 x 280mm (+3mm leikkuuvara)<\/p>\n\n\n\n<p>(Hang Up ja Padel.358 210mm x 260mm +3mm leikkuuvara\/bleed)<\/p>\n\n\n\n<p>2\/1 s. Aukeama \/ Spread<br>420 x 280 mm<\/p>\n\n\n\n<p>1\/1 s. Sivu \/ Page<br>210 x 280 mm<\/p>\n\n\n\n<p>1\/2 Puoli sivua vaaka \/ Half page landscape<br>210 x 140 mm<\/p>\n\n\n\n<p>1\/2 s. Puoli sivua pysty \/ Half Page portrait<br>105 x 280 mm<\/p>\n\n\n\n<p>1\/4 s. laatikko \/ box<br>105 x 140 mm<\/p>\n\n\n\n<p>1\/4 s. vaaka \/ landscape<br>210 x 70 mm<\/p>\n\n\n\n<p><strong>HUOM! Jos leikkuuvara ei ole tuttu k\u00e4site, ota yhteytt\u00e4 Krook Mediaan niin neuvomme lis\u00e4\u00e4 <\/strong><\/p>\n\n\n\n<h3 class=\"wp-block-heading\">Tiedostomuodot<\/h3>\n\n\n\n<p>.PDF (suositeltu), .JPG, .TIFF, indesign (+ 3mm leikkuuvara)<\/p>\n\n\n\n<h3 class=\"wp-block-heading\">Aineistotoimitukset<\/h3>\n\n\n\n<p>E-mail: ilmoitukset@krookmedia.fi<\/p>\n\n\n\n<h3 class=\"wp-block-heading\">Alennukset<\/h3>\n\n\n\n<p>Krookmedia my\u00f6nt\u00e4\u00e4 mainos- ja mediatoimisto- sek\u00e4 vuosisopimusalennusta ostojen m\u00e4\u00e4r\u00e4n mukaisesti.<\/p>\n\n\n\n<h3 class=\"wp-block-heading\">Nettisivut<\/h3>\n\n\n\n<p>Tarjoamme lehden ja sivuston yhdistelm\u00e4n\u00e4 kokonaisuuden, jossa perinteisen printtijournalismin ja digitaalisen viestinn\u00e4n parhaat puolet yhdistet\u00e4\u00e4n tehokkaaksi&nbsp;kokonaisuudeksi.<\/p>\n\n\n\n<ul class=\"wp-block-list\">\n<li>Mahdollisuus nopeisiin uutisp\u00e4ivityksiin ja sis\u00e4ll\u00f6n jakamiseen<\/li>\n\n\n\n<li>Videoiden jakamiselle oivallinen alusta<\/li>\n\n\n\n<li>Blogimuotoinen, vaihtuva, monipuolinen kirjoittajakunta<\/li>\n\n\n\n<li>Vakiobanneripaikat ja br\u00e4nd\u00e4tyt sis\u00e4ll\u00f6t<\/li>\n\n\n\n<li>Facebook, Twitter, Instagram, TikTok&#8230;.<\/li>\n<\/ul>\n\n\n\n<p><strong>Banneripaikat<\/strong><\/p>\n\n\n\n<p>1. Paraatipaikka \/&nbsp;Koko 1110 x 168 px<\/p>\n\n\n\n<p>2. Perusbanneri \/&nbsp;Koko 728 x 90 px<\/p>\n\n\n\n<p>3. Boksi \/&nbsp;Koko 300 x 200 px<\/p>\n\n\n\n<h3 class=\"wp-block-heading\">Ilmoitusvaraus ja sitovuus<\/h3>\n\n\n\n<p>Ilmoitukset varataan KrookMedialta joko puhelimitse tai kirjallisesti. Krook Media l\u00e4hett\u00e4\u00e4 jokaisesta varauksesta kirjallisen vahvistuksen, jonka j\u00e4lkeen varaus on asiakasta sitova.<\/p>\n\n\n\n<h3 class=\"wp-block-heading\">Peruutukset<\/h3>\n\n\n\n<p>Peruutus on teht\u00e4v\u00e4 viimeist\u00e4\u00e4n kaksi viikkoa ennen ilmestymisp\u00e4iv\u00e4\u00e4. M\u00e4\u00e4r\u00e4ajan j\u00e4lkeen tehdyst\u00e4 peruutuksesta veloitetaan aiheutuneesta vahingosta 50% ilmoituksen hinnasta. Jos varattuun ilmoitukseen ei toimiteta aineistoa, eik\u00e4 sit\u00e4 ole peruutettu, veloitetaan 80% ilmoituksen hinnasta.<\/p>\n\n\n\n<h3 class=\"wp-block-heading\">Force Majeure<\/h3>\n\n\n\n<p>Lehden julkaisuvastuu ilmoituksista rajoittuu korkeintaan ilmoitushinnan tapauskohtaiseen tarkistamiseen tai ilmoituksen uudelleenjulkaisuun.<\/p>\n\n\n\n<h3 class=\"wp-block-heading\">Reklaamaatiot<\/h3>\n\n\n\n<p>Huomautukset ja reklamaatiot on teht\u00e4v\u00e4 kirjallisesti 7 p\u00e4iv\u00e4n kuluessa ilmoituksen julkaisemisesta.<\/p>\n\n\n\n<h3 class=\"wp-block-heading\">Leikkuuvara<\/h3>\n\n\n\n<p>K\u00e4yt\u00e4 aina +3mm leikkuuvaraa<\/p>\n\n\n\n<p><\/p>\n","protected":false},"excerpt":{"rendered":"<p>Tekniset tiedot Printti Sivukoko 210 x 280mm (+3mm leikkuuvara) (Hang Up ja Padel.358 210mm x 260mm +3mm leikkuuvara\/bleed) 2\/1 s. Aukeama \/ Spread420 x 280 mm 1\/1 s. Sivu \/ Page210 x 280 mm 1\/2 Puoli sivua vaaka \/ Half page landscape210 x 140 mm 1\/2 s. Puoli sivua pysty \/ Half Page portrait105 x [&hellip;]<\/p>\n","protected":false},"author":1,"featured_media":0,"parent":0,"menu_order":0,"comment_status":"closed","ping_status":"closed","template":"","meta":{"footnotes":""},"class_list":["post-104","page","type-page","status-publish","hentry"],"blocksy_meta":[],"yoast_head":"<!-- This site is optimized with the Yoast SEO plugin v26.0 - https:\/\/yoast.com\/wordpress\/plugins\/seo\/ -->\n<title>Aineisto-ohjeet - Krookmedia - Aktivoi tarinasi<\/title>\n<meta name=\"description\" content=\"Katso aineisto-ohjeet KrookMedian printtituotteisiin t\u00e4lt\u00e4 sivulta.\" \/>\n<meta name=\"robots\" content=\"index, follow, max-snippet:-1, max-image-preview:large, max-video-preview:-1\" \/>\n<link rel=\"canonical\" href=\"https:\/\/krookmedia.fi\/index.php\/aineisto-ohjeet\/\" \/>\n<meta property=\"og:locale\" content=\"fi_FI\" \/>\n<meta property=\"og:type\" content=\"article\" \/>\n<meta property=\"og:title\" content=\"Aineisto-ohjeet - Krookmedia - Aktivoi tarinasi\" \/>\n<meta property=\"og:description\" content=\"Katso aineisto-ohjeet KrookMedian printtituotteisiin t\u00e4lt\u00e4 sivulta.\" \/>\n<meta property=\"og:url\" content=\"https:\/\/krookmedia.fi\/index.php\/aineisto-ohjeet\/\" \/>\n<meta property=\"og:site_name\" content=\"Krookmedia - Aktivoi tarinasi\" \/>\n<meta property=\"article:modified_time\" content=\"2025-01-09T16:28:05+00:00\" \/>\n<meta name=\"twitter:card\" content=\"summary_large_image\" \/>\n<meta name=\"twitter:label1\" content=\"Arvioitu lukuaika\" \/>\n\t<meta name=\"twitter:data1\" content=\"2 minuuttia\" \/>\n<script type=\"application\/ld+json\" class=\"yoast-schema-graph\">{\"@context\":\"https:\/\/schema.org\",\"@graph\":[{\"@type\":\"WebPage\",\"@id\":\"https:\/\/krookmedia.fi\/index.php\/aineisto-ohjeet\/\",\"url\":\"https:\/\/krookmedia.fi\/index.php\/aineisto-ohjeet\/\",\"name\":\"Aineisto-ohjeet - Krookmedia - Aktivoi tarinasi\",\"isPartOf\":{\"@id\":\"https:\/\/krookmedia.fi\/#website\"},\"datePublished\":\"2023-03-02T08:12:31+00:00\",\"dateModified\":\"2025-01-09T16:28:05+00:00\",\"description\":\"Katso aineisto-ohjeet KrookMedian printtituotteisiin t\u00e4lt\u00e4 sivulta.\",\"breadcrumb\":{\"@id\":\"https:\/\/krookmedia.fi\/index.php\/aineisto-ohjeet\/#breadcrumb\"},\"inLanguage\":\"fi\",\"potentialAction\":[{\"@type\":\"ReadAction\",\"target\":[\"https:\/\/krookmedia.fi\/index.php\/aineisto-ohjeet\/\"]}]},{\"@type\":\"BreadcrumbList\",\"@id\":\"https:\/\/krookmedia.fi\/index.php\/aineisto-ohjeet\/#breadcrumb\",\"itemListElement\":[{\"@type\":\"ListItem\",\"position\":1,\"name\":\"Etusivu\",\"item\":\"https:\/\/krookmedia.fi\/\"},{\"@type\":\"ListItem\",\"position\":2,\"name\":\"Aineisto-ohjeet\"}]},{\"@type\":\"WebSite\",\"@id\":\"https:\/\/krookmedia.fi\/#website\",\"url\":\"https:\/\/krookmedia.fi\/\",\"name\":\"Krookmedia - Aktivoi tarinasi\",\"description\":\"Kotimainen harrasteiden mediatalo\",\"publisher\":{\"@id\":\"https:\/\/krookmedia.fi\/#organization\"},\"alternateName\":\"Krook-Media\",\"potentialAction\":[{\"@type\":\"SearchAction\",\"target\":{\"@type\":\"EntryPoint\",\"urlTemplate\":\"https:\/\/krookmedia.fi\/?s={search_term_string}\"},\"query-input\":{\"@type\":\"PropertyValueSpecification\",\"valueRequired\":true,\"valueName\":\"search_term_string\"}}],\"inLanguage\":\"fi\"},{\"@type\":\"Organization\",\"@id\":\"https:\/\/krookmedia.fi\/#organization\",\"name\":\"Krook-Media Oy\",\"alternateName\":\"Krook Media\",\"url\":\"https:\/\/krookmedia.fi\/\",\"logo\":{\"@type\":\"ImageObject\",\"inLanguage\":\"fi\",\"@id\":\"https:\/\/krookmedia.fi\/#\/schema\/logo\/image\/\",\"url\":\"https:\/\/krookmedia.fi\/wp-content\/uploads\/2022\/09\/krookmedia-logo-txt.png\",\"contentUrl\":\"https:\/\/krookmedia.fi\/wp-content\/uploads\/2022\/09\/krookmedia-logo-txt.png\",\"width\":600,\"height\":155,\"caption\":\"Krook-Media Oy\"},\"image\":{\"@id\":\"https:\/\/krookmedia.fi\/#\/schema\/logo\/image\/\"}}]}<\/script>\n<!-- \/ Yoast SEO plugin. -->","yoast_head_json":{"title":"Aineisto-ohjeet - Krookmedia - Aktivoi tarinasi","description":"Katso aineisto-ohjeet KrookMedian printtituotteisiin t\u00e4lt\u00e4 sivulta.","robots":{"index":"index","follow":"follow","max-snippet":"max-snippet:-1","max-image-preview":"max-image-preview:large","max-video-preview":"max-video-preview:-1"},"canonical":"https:\/\/krookmedia.fi\/index.php\/aineisto-ohjeet\/","og_locale":"fi_FI","og_type":"article","og_title":"Aineisto-ohjeet - Krookmedia - Aktivoi tarinasi","og_description":"Katso aineisto-ohjeet KrookMedian printtituotteisiin t\u00e4lt\u00e4 sivulta.","og_url":"https:\/\/krookmedia.fi\/index.php\/aineisto-ohjeet\/","og_site_name":"Krookmedia - Aktivoi tarinasi","article_modified_time":"2025-01-09T16:28:05+00:00","twitter_card":"summary_large_image","twitter_misc":{"Arvioitu lukuaika":"2 minuuttia"},"schema":{"@context":"https:\/\/schema.org","@graph":[{"@type":"WebPage","@id":"https:\/\/krookmedia.fi\/index.php\/aineisto-ohjeet\/","url":"https:\/\/krookmedia.fi\/index.php\/aineisto-ohjeet\/","name":"Aineisto-ohjeet - Krookmedia - Aktivoi tarinasi","isPartOf":{"@id":"https:\/\/krookmedia.fi\/#website"},"datePublished":"2023-03-02T08:12:31+00:00","dateModified":"2025-01-09T16:28:05+00:00","description":"Katso aineisto-ohjeet KrookMedian printtituotteisiin t\u00e4lt\u00e4 sivulta.","breadcrumb":{"@id":"https:\/\/krookmedia.fi\/index.php\/aineisto-ohjeet\/#breadcrumb"},"inLanguage":"fi","potentialAction":[{"@type":"ReadAction","target":["https:\/\/krookmedia.fi\/index.php\/aineisto-ohjeet\/"]}]},{"@type":"BreadcrumbList","@id":"https:\/\/krookmedia.fi\/index.php\/aineisto-ohjeet\/#breadcrumb","itemListElement":[{"@type":"ListItem","position":1,"name":"Etusivu","item":"https:\/\/krookmedia.fi\/"},{"@type":"ListItem","position":2,"name":"Aineisto-ohjeet"}]},{"@type":"WebSite","@id":"https:\/\/krookmedia.fi\/#website","url":"https:\/\/krookmedia.fi\/","name":"Krookmedia - Aktivoi tarinasi","description":"Kotimainen harrasteiden mediatalo","publisher":{"@id":"https:\/\/krookmedia.fi\/#organization"},"alternateName":"Krook-Media","potentialAction":[{"@type":"SearchAction","target":{"@type":"EntryPoint","urlTemplate":"https:\/\/krookmedia.fi\/?s={search_term_string}"},"query-input":{"@type":"PropertyValueSpecification","valueRequired":true,"valueName":"search_term_string"}}],"inLanguage":"fi"},{"@type":"Organization","@id":"https:\/\/krookmedia.fi\/#organization","name":"Krook-Media Oy","alternateName":"Krook Media","url":"https:\/\/krookmedia.fi\/","logo":{"@type":"ImageObject","inLanguage":"fi","@id":"https:\/\/krookmedia.fi\/#\/schema\/logo\/image\/","url":"https:\/\/krookmedia.fi\/wp-content\/uploads\/2022\/09\/krookmedia-logo-txt.png","contentUrl":"https:\/\/krookmedia.fi\/wp-content\/uploads\/2022\/09\/krookmedia-logo-txt.png","width":600,"height":155,"caption":"Krook-Media Oy"},"image":{"@id":"https:\/\/krookmedia.fi\/#\/schema\/logo\/image\/"}}]}},"_links":{"self":[{"href":"https:\/\/krookmedia.fi\/index.php\/wp-json\/wp\/v2\/pages\/104","targetHints":{"allow":["GET"]}}],"collection":[{"href":"https:\/\/krookmedia.fi\/index.php\/wp-json\/wp\/v2\/pages"}],"about":[{"href":"https:\/\/krookmedia.fi\/index.php\/wp-json\/wp\/v2\/types\/page"}],"author":[{"embeddable":true,"href":"https:\/\/krookmedia.fi\/index.php\/wp-json\/wp\/v2\/users\/1"}],"replies":[{"embeddable":true,"href":"https:\/\/krookmedia.fi\/index.php\/wp-json\/wp\/v2\/comments?post=104"}],"version-history":[{"count":5,"href":"https:\/\/krookmedia.fi\/index.php\/wp-json\/wp\/v2\/pages\/104\/revisions"}],"predecessor-version":[{"id":490,"href":"https:\/\/krookmedia.fi\/index.php\/wp-json\/wp\/v2\/pages\/104\/revisions\/490"}],"wp:attachment":[{"href":"https:\/\/krookmedia.fi\/index.php\/wp-json\/wp\/v2\/media?parent=104"}],"curies":[{"name":"wp","href":"https:\/\/api.w.org\/{rel}","templated":true}]}}