{"id":118,"date":"2023-03-02T11:18:28","date_gmt":"2023-03-02T08:18:28","guid":{"rendered":"https:\/\/uusi.krookmedia.fi\/uusi_krookmedia_fi\/?page_id=118"},"modified":"2024-01-18T12:48:33","modified_gmt":"2024-01-18T09:48:33","slug":"asiantuntijat","status":"publish","type":"page","link":"https:\/\/krookmedia.fi\/index.php\/asiantuntijat\/","title":{"rendered":"Asiantuntijat"},"content":{"rendered":"\n<h3 class=\"wp-block-heading\"><strong>Jerker Krook \/ Krookmedia<\/strong> \/ Golf<\/h3>\n\n\n\n<figure class=\"wp-block-image alignright\"><img decoding=\"async\" src=\"https:\/\/krookmedia.fi\/wp-content\/uploads\/2015\/10\/jerker.jpg\" alt=\"j\u00e4g\u00e4\"\/><\/figure>\n\n\n\n<p>Jerker Krook on Krook Median perustaja ja toimitusjohtaja. Jerkerin \u00e4lynv\u00e4l\u00e4ys eri lajiharrastajien yhteisest\u00e4 tarpeesta eli laadukkaasta ja r\u00e4\u00e4t\u00e4l\u00f6idyst\u00e4 sis\u00e4ll\u00f6st\u00e4 on siivitt\u00e4nyt yrityksen alansa johtavaksi toimijaksi. \u201cToimimme intohimoisten harrastajien parissa ja heille teht\u00e4v\u00e4n sis\u00e4ll\u00f6n tuottaminen on erityisen palkitsevaa\u201d, sanoo itse aktiivisesti golfaava, kalastava sek\u00e4 lasketteleva Jerker.<\/p>\n\n\n\n<p>Idearikas ja aikaansaava yritt\u00e4j\u00e4 omaa eritt\u00e4in laajan kontaktiverkoston ja h\u00e4nell\u00e4 on selke\u00e4 n\u00e4kemys asiakkaiden tarpeista. Jerker on kotonaan muuttuvassa mediaymp\u00e4rist\u00f6ss\u00e4, jossa tilanteet vaativat nopeita liikkeit\u00e4.<\/p>\n\n\n\n<p>Jerkerin vahvuus on monialaisuus, joten voit olla h\u00e4neen yhteydess\u00e4 kaikissa Krook Median palvelutarjontaan liittyviss\u00e4 asioissa.<\/p>\n\n\n\n<p><strong>Ota yhteytt\u00e4:<\/strong>&nbsp;+358 40 566 3035 | jerker.krook(a)krookmedia.fi<\/p>\n\n\n\n<hr class=\"wp-block-separator has-alpha-channel-opacity\"\/>\n\n\n\n<h3 class=\"wp-block-heading\"><strong>Antti Zetterberg \/ Kalastus<\/strong><\/h3>\n\n\n\n<figure class=\"wp-block-image alignright\"><img decoding=\"async\" src=\"https:\/\/krookmedia.fi\/wp-content\/uploads\/2015\/10\/zettis.jpg\" alt=\"zettis\"\/><\/figure>\n\n\n\n<p>Antti on kahden pojan is\u00e4 ja innokas ulkoilmaihminen. Kalastus, outdoor-el\u00e4m\u00e4 ja lumilajit ovat olleet l\u00e4heisi\u00e4 jo pienest\u00e4 pit\u00e4en. \u201cNe ovat jotenkin aina kuuluneet niihin juttuihin, joista saan eniten kicksej\u00e4\u201d, h\u00e4n sanoo. Antin p\u00e4\u00e4periaatteena kaikessa tekemisess\u00e4 on vastuullisuus.<\/p>\n\n\n\n<p>Toinen Antin intohimo on br\u00e4ndien markkinointi ja kaikenlaisten myynti\u00e4 edist\u00e4vien toimenpiteiden suunnittelu. Antilla on eritt\u00e4in kattava, yli 10 vuoden kokemus Suomen k\u00e4rkip\u00e4\u00e4n mainostoimistoista kuten hasan&amp;partnersilta sek\u00e4 PHS TBWA:lta. Asiakkaan liiketoiminnan ymm\u00e4rrys ja siihen liittyvien markkinointitoimenpiteiden suunnittelu sek\u00e4 toteutus ovat Antin vahvuuksia. T\u00e4m\u00e4 kokemus yhdistettyn\u00e4 el\u00e4m\u00e4ntapalajien ja niiden harrastajien syv\u00e4\u00e4n tuntemukseen on maassamme ainutlaatuista.<\/p>\n\n\n\n<p>Mik\u00e4li tarvitsette apua oman tuotteenne tai palvelunne markkinoinnin suhteen, tarjoaa Antti asiantuntemustaan kanavariippumattomasti k\u00e4ytt\u00f6\u00f6nne.<\/p>\n\n\n\n<p><strong>Ota yhteytt\u00e4:<\/strong>\u00a0+358505695725 | antti.zetterberg(a)krookmedia.fi<\/p>\n\n\n\n<h3 class=\"wp-block-heading\">Antero Hiito \/ Mediamyynti &amp; Kumppanuudet<\/h3>\n\n\n\n<p>antero.hiito@krookmedia.fi<br>+358 400 779 665<\/p>\n\n\n\n<hr class=\"wp-block-separator has-alpha-channel-opacity\"\/>\n\n\n\n<h3 class=\"wp-block-heading\"><strong>Mikko Kempas \/ Skeittaus<\/strong> ja lumilautailu<\/h3>\n\n\n\n<p>Mikko vastaa Krook Media Housen julkaisujen ja tuotteiden ulkoasusta. Erikoisalana skeittaus, jonka parissa h\u00e4n on toiminut yli 20 vuotta. H\u00e4n hallitsee perinteisten painotuotteiden ohella my\u00f6s valokuvauksen ja videotuotannon.<\/p>\n\n\n\n<p>H\u00e4n on toiminut yhteisty\u00f6ss\u00e4 useiden Suomen suurimpien skeittialan yritysten kanssa ja on tuottanut mainosmateriaaleja useille Krook Media Housen asiakkaille.<\/p>\n\n\n\n<p>Vapaa-aika kuluu lumilautailun, skeittauksen ja valokuvauksen parissa.<\/p>\n\n\n\n<p><strong>Ota yhteytt\u00e4:<\/strong>&nbsp;+358 40 160 4069 | kempas(at)hangup.fi<\/p>\n","protected":false},"excerpt":{"rendered":"<p>Jerker Krook \/ Krookmedia \/ Golf Jerker Krook on Krook Median perustaja ja toimitusjohtaja. Jerkerin \u00e4lynv\u00e4l\u00e4ys eri lajiharrastajien yhteisest\u00e4 tarpeesta eli laadukkaasta ja r\u00e4\u00e4t\u00e4l\u00f6idyst\u00e4 sis\u00e4ll\u00f6st\u00e4 on siivitt\u00e4nyt yrityksen alansa johtavaksi toimijaksi. \u201cToimimme intohimoisten harrastajien parissa ja heille teht\u00e4v\u00e4n sis\u00e4ll\u00f6n tuottaminen on erityisen palkitsevaa\u201d, sanoo itse aktiivisesti golfaava, kalastava sek\u00e4 lasketteleva Jerker. Idearikas ja aikaansaava yritt\u00e4j\u00e4 [&hellip;]<\/p>\n","protected":false},"author":1,"featured_media":0,"parent":0,"menu_order":0,"comment_status":"closed","ping_status":"closed","template":"","meta":{"footnotes":""},"class_list":["post-118","page","type-page","status-publish","hentry"],"blocksy_meta":[],"yoast_head":"<!-- This site is optimized with the Yoast SEO plugin v26.0 - https:\/\/yoast.com\/wordpress\/plugins\/seo\/ -->\n<title>Asiantuntijat - Krookmedia - Aktivoi tarinasi<\/title>\n<meta name=\"robots\" content=\"index, follow, max-snippet:-1, max-image-preview:large, max-video-preview:-1\" \/>\n<link rel=\"canonical\" href=\"https:\/\/krookmedia.fi\/index.php\/asiantuntijat\/\" \/>\n<meta property=\"og:locale\" content=\"fi_FI\" \/>\n<meta property=\"og:type\" content=\"article\" \/>\n<meta property=\"og:title\" content=\"Asiantuntijat - Krookmedia - Aktivoi tarinasi\" \/>\n<meta property=\"og:description\" content=\"Jerker Krook \/ Krookmedia \/ Golf Jerker Krook on Krook Median perustaja ja toimitusjohtaja. Jerkerin \u00e4lynv\u00e4l\u00e4ys eri lajiharrastajien yhteisest\u00e4 tarpeesta eli laadukkaasta ja r\u00e4\u00e4t\u00e4l\u00f6idyst\u00e4 sis\u00e4ll\u00f6st\u00e4 on siivitt\u00e4nyt yrityksen alansa johtavaksi toimijaksi. \u201cToimimme intohimoisten harrastajien parissa ja heille teht\u00e4v\u00e4n sis\u00e4ll\u00f6n tuottaminen on erityisen palkitsevaa\u201d, sanoo itse aktiivisesti golfaava, kalastava sek\u00e4 lasketteleva Jerker. Idearikas ja aikaansaava yritt\u00e4j\u00e4 [&hellip;]\" \/>\n<meta property=\"og:url\" content=\"https:\/\/krookmedia.fi\/index.php\/asiantuntijat\/\" \/>\n<meta property=\"og:site_name\" content=\"Krookmedia - Aktivoi tarinasi\" \/>\n<meta property=\"article:modified_time\" content=\"2024-01-18T09:48:33+00:00\" \/>\n<meta property=\"og:image\" content=\"https:\/\/krookmedia.fi\/wp-content\/uploads\/2015\/10\/jerker.jpg\" \/>\n<meta name=\"twitter:card\" content=\"summary_large_image\" \/>\n<meta name=\"twitter:label1\" content=\"Arvioitu lukuaika\" \/>\n\t<meta name=\"twitter:data1\" content=\"3 minuuttia\" \/>\n<script type=\"application\/ld+json\" class=\"yoast-schema-graph\">{\"@context\":\"https:\/\/schema.org\",\"@graph\":[{\"@type\":\"WebPage\",\"@id\":\"https:\/\/krookmedia.fi\/index.php\/asiantuntijat\/\",\"url\":\"https:\/\/krookmedia.fi\/index.php\/asiantuntijat\/\",\"name\":\"Asiantuntijat - Krookmedia - Aktivoi tarinasi\",\"isPartOf\":{\"@id\":\"https:\/\/krookmedia.fi\/#website\"},\"primaryImageOfPage\":{\"@id\":\"https:\/\/krookmedia.fi\/index.php\/asiantuntijat\/#primaryimage\"},\"image\":{\"@id\":\"https:\/\/krookmedia.fi\/index.php\/asiantuntijat\/#primaryimage\"},\"thumbnailUrl\":\"https:\/\/krookmedia.fi\/wp-content\/uploads\/2015\/10\/jerker.jpg\",\"datePublished\":\"2023-03-02T08:18:28+00:00\",\"dateModified\":\"2024-01-18T09:48:33+00:00\",\"breadcrumb\":{\"@id\":\"https:\/\/krookmedia.fi\/index.php\/asiantuntijat\/#breadcrumb\"},\"inLanguage\":\"fi\",\"potentialAction\":[{\"@type\":\"ReadAction\",\"target\":[\"https:\/\/krookmedia.fi\/index.php\/asiantuntijat\/\"]}]},{\"@type\":\"ImageObject\",\"inLanguage\":\"fi\",\"@id\":\"https:\/\/krookmedia.fi\/index.php\/asiantuntijat\/#primaryimage\",\"url\":\"https:\/\/krookmedia.fi\/wp-content\/uploads\/2015\/10\/jerker.jpg\",\"contentUrl\":\"https:\/\/krookmedia.fi\/wp-content\/uploads\/2015\/10\/jerker.jpg\"},{\"@type\":\"BreadcrumbList\",\"@id\":\"https:\/\/krookmedia.fi\/index.php\/asiantuntijat\/#breadcrumb\",\"itemListElement\":[{\"@type\":\"ListItem\",\"position\":1,\"name\":\"Etusivu\",\"item\":\"https:\/\/krookmedia.fi\/\"},{\"@type\":\"ListItem\",\"position\":2,\"name\":\"Asiantuntijat\"}]},{\"@type\":\"WebSite\",\"@id\":\"https:\/\/krookmedia.fi\/#website\",\"url\":\"https:\/\/krookmedia.fi\/\",\"name\":\"Krookmedia - Aktivoi tarinasi\",\"description\":\"Kotimainen harrasteiden mediatalo\",\"publisher\":{\"@id\":\"https:\/\/krookmedia.fi\/#organization\"},\"alternateName\":\"Krook-Media\",\"potentialAction\":[{\"@type\":\"SearchAction\",\"target\":{\"@type\":\"EntryPoint\",\"urlTemplate\":\"https:\/\/krookmedia.fi\/?s={search_term_string}\"},\"query-input\":{\"@type\":\"PropertyValueSpecification\",\"valueRequired\":true,\"valueName\":\"search_term_string\"}}],\"inLanguage\":\"fi\"},{\"@type\":\"Organization\",\"@id\":\"https:\/\/krookmedia.fi\/#organization\",\"name\":\"Krook-Media Oy\",\"alternateName\":\"Krook Media\",\"url\":\"https:\/\/krookmedia.fi\/\",\"logo\":{\"@type\":\"ImageObject\",\"inLanguage\":\"fi\",\"@id\":\"https:\/\/krookmedia.fi\/#\/schema\/logo\/image\/\",\"url\":\"https:\/\/krookmedia.fi\/wp-content\/uploads\/2022\/09\/krookmedia-logo-txt.png\",\"contentUrl\":\"https:\/\/krookmedia.fi\/wp-content\/uploads\/2022\/09\/krookmedia-logo-txt.png\",\"width\":600,\"height\":155,\"caption\":\"Krook-Media Oy\"},\"image\":{\"@id\":\"https:\/\/krookmedia.fi\/#\/schema\/logo\/image\/\"}}]}<\/script>\n<!-- \/ Yoast SEO plugin. -->","yoast_head_json":{"title":"Asiantuntijat - Krookmedia - Aktivoi tarinasi","robots":{"index":"index","follow":"follow","max-snippet":"max-snippet:-1","max-image-preview":"max-image-preview:large","max-video-preview":"max-video-preview:-1"},"canonical":"https:\/\/krookmedia.fi\/index.php\/asiantuntijat\/","og_locale":"fi_FI","og_type":"article","og_title":"Asiantuntijat - Krookmedia - Aktivoi tarinasi","og_description":"Jerker Krook \/ Krookmedia \/ Golf Jerker Krook on Krook Median perustaja ja toimitusjohtaja. Jerkerin \u00e4lynv\u00e4l\u00e4ys eri lajiharrastajien yhteisest\u00e4 tarpeesta eli laadukkaasta ja r\u00e4\u00e4t\u00e4l\u00f6idyst\u00e4 sis\u00e4ll\u00f6st\u00e4 on siivitt\u00e4nyt yrityksen alansa johtavaksi toimijaksi. \u201cToimimme intohimoisten harrastajien parissa ja heille teht\u00e4v\u00e4n sis\u00e4ll\u00f6n tuottaminen on erityisen palkitsevaa\u201d, sanoo itse aktiivisesti golfaava, kalastava sek\u00e4 lasketteleva Jerker. Idearikas ja aikaansaava yritt\u00e4j\u00e4 [&hellip;]","og_url":"https:\/\/krookmedia.fi\/index.php\/asiantuntijat\/","og_site_name":"Krookmedia - Aktivoi tarinasi","article_modified_time":"2024-01-18T09:48:33+00:00","og_image":[{"url":"https:\/\/krookmedia.fi\/wp-content\/uploads\/2015\/10\/jerker.jpg","type":"","width":"","height":""}],"twitter_card":"summary_large_image","twitter_misc":{"Arvioitu lukuaika":"3 minuuttia"},"schema":{"@context":"https:\/\/schema.org","@graph":[{"@type":"WebPage","@id":"https:\/\/krookmedia.fi\/index.php\/asiantuntijat\/","url":"https:\/\/krookmedia.fi\/index.php\/asiantuntijat\/","name":"Asiantuntijat - Krookmedia - Aktivoi tarinasi","isPartOf":{"@id":"https:\/\/krookmedia.fi\/#website"},"primaryImageOfPage":{"@id":"https:\/\/krookmedia.fi\/index.php\/asiantuntijat\/#primaryimage"},"image":{"@id":"https:\/\/krookmedia.fi\/index.php\/asiantuntijat\/#primaryimage"},"thumbnailUrl":"https:\/\/krookmedia.fi\/wp-content\/uploads\/2015\/10\/jerker.jpg","datePublished":"2023-03-02T08:18:28+00:00","dateModified":"2024-01-18T09:48:33+00:00","breadcrumb":{"@id":"https:\/\/krookmedia.fi\/index.php\/asiantuntijat\/#breadcrumb"},"inLanguage":"fi","potentialAction":[{"@type":"ReadAction","target":["https:\/\/krookmedia.fi\/index.php\/asiantuntijat\/"]}]},{"@type":"ImageObject","inLanguage":"fi","@id":"https:\/\/krookmedia.fi\/index.php\/asiantuntijat\/#primaryimage","url":"https:\/\/krookmedia.fi\/wp-content\/uploads\/2015\/10\/jerker.jpg","contentUrl":"https:\/\/krookmedia.fi\/wp-content\/uploads\/2015\/10\/jerker.jpg"},{"@type":"BreadcrumbList","@id":"https:\/\/krookmedia.fi\/index.php\/asiantuntijat\/#breadcrumb","itemListElement":[{"@type":"ListItem","position":1,"name":"Etusivu","item":"https:\/\/krookmedia.fi\/"},{"@type":"ListItem","position":2,"name":"Asiantuntijat"}]},{"@type":"WebSite","@id":"https:\/\/krookmedia.fi\/#website","url":"https:\/\/krookmedia.fi\/","name":"Krookmedia - Aktivoi tarinasi","description":"Kotimainen harrasteiden mediatalo","publisher":{"@id":"https:\/\/krookmedia.fi\/#organization"},"alternateName":"Krook-Media","potentialAction":[{"@type":"SearchAction","target":{"@type":"EntryPoint","urlTemplate":"https:\/\/krookmedia.fi\/?s={search_term_string}"},"query-input":{"@type":"PropertyValueSpecification","valueRequired":true,"valueName":"search_term_string"}}],"inLanguage":"fi"},{"@type":"Organization","@id":"https:\/\/krookmedia.fi\/#organization","name":"Krook-Media Oy","alternateName":"Krook Media","url":"https:\/\/krookmedia.fi\/","logo":{"@type":"ImageObject","inLanguage":"fi","@id":"https:\/\/krookmedia.fi\/#\/schema\/logo\/image\/","url":"https:\/\/krookmedia.fi\/wp-content\/uploads\/2022\/09\/krookmedia-logo-txt.png","contentUrl":"https:\/\/krookmedia.fi\/wp-content\/uploads\/2022\/09\/krookmedia-logo-txt.png","width":600,"height":155,"caption":"Krook-Media Oy"},"image":{"@id":"https:\/\/krookmedia.fi\/#\/schema\/logo\/image\/"}}]}},"_links":{"self":[{"href":"https:\/\/krookmedia.fi\/index.php\/wp-json\/wp\/v2\/pages\/118","targetHints":{"allow":["GET"]}}],"collection":[{"href":"https:\/\/krookmedia.fi\/index.php\/wp-json\/wp\/v2\/pages"}],"about":[{"href":"https:\/\/krookmedia.fi\/index.php\/wp-json\/wp\/v2\/types\/page"}],"author":[{"embeddable":true,"href":"https:\/\/krookmedia.fi\/index.php\/wp-json\/wp\/v2\/users\/1"}],"replies":[{"embeddable":true,"href":"https:\/\/krookmedia.fi\/index.php\/wp-json\/wp\/v2\/comments?post=118"}],"version-history":[{"count":3,"href":"https:\/\/krookmedia.fi\/index.php\/wp-json\/wp\/v2\/pages\/118\/revisions"}],"predecessor-version":[{"id":399,"href":"https:\/\/krookmedia.fi\/index.php\/wp-json\/wp\/v2\/pages\/118\/revisions\/399"}],"wp:attachment":[{"href":"https:\/\/krookmedia.fi\/index.php\/wp-json\/wp\/v2\/media?parent=118"}],"curies":[{"name":"wp","href":"https:\/\/api.w.org\/{rel}","templated":true}]}}