{"id":3,"date":"2022-09-29T12:28:17","date_gmt":"2022-09-29T09:28:17","guid":{"rendered":"https:\/\/uusi.krookmedia.fi\/uusi_krookmedia_fi\/?page_id=3"},"modified":"2023-04-02T16:39:28","modified_gmt":"2023-04-02T13:39:28","slug":"privacy-policy","status":"publish","type":"page","link":"https:\/\/krookmedia.fi\/index.php\/privacy-policy\/","title":{"rendered":"Tietosuojaseloste"},"content":{"rendered":"\n<h2 class=\"wp-block-heading\"><strong>Keit\u00e4 olemme<\/strong><\/h2>\n\n\n\n<p>Verkkosivustomme osoite on: https:\/\/kalamies.com, joka on yrityksen Krook-Media Oy omistuksessa ja on rekisterin yll\u00e4pit\u00e4j\u00e4.<br>K\u00e4sitelt\u00e4vien henkil\u00f6tietojen rekisterinpit\u00e4j\u00e4n\u00e4 toimii:<br>Krook-Media Oy (Y-tunnus 1090873-3)<br><a href=\"https:\/\/www.fonecta.fi\/kartat\/60.152418,24.880309?address=It%C3%A4lahdenkatu%2022%20B%20225%2C%2000210%20Helsinki&amp;edsacid=ofs-finder-profile-location\">It\u00e4lahdenkatu 22 B 225, 00210 Helsinki<\/a><br>Tietosuojasta ja henkil\u00f6tietojen k\u00e4sittelyst\u00e4 voit kysy\u00e4 lis\u00e4\u00e4 s\u00e4hk\u00f6postilla:<br>jerker.krook(at)krookmedia.fi<\/p>\n\n\n\n<h2 class=\"wp-block-heading\"><strong>Mit\u00e4 henkil\u00f6tietoa minusta voidaan ker\u00e4t\u00e4?<\/strong><\/h2>\n\n\n\n<ul class=\"wp-block-list\"><li>K\u00e4ytt\u00e4j\u00e4n itsens\u00e4 antamat tai henkil\u00f6n tunnistavat tiedot<ul><li>Tunnistamistiedot, kuten nimi<\/li><\/ul><ul><li>Yhteystiedot, kuten osoite, s\u00e4hk\u00f6postiosoite ja puhelinnumer<\/li><\/ul><\/li><li>Palvelujen k\u00e4yt\u00f6st\u00e4 havainnoidut ja analytiikan avulla johdetut tiedot<ul><li>Toimitustiedot, kuten valittu toimitustapa ja toimitusosoite<br><\/li><\/ul><\/li><\/ul>\n\n\n\n<p>Tietojen p\u00e4\u00e4asiallinen l\u00e4hde on k\u00e4ytt\u00e4j\u00e4 itse. Kolmansilta osapuolilta saamistamme henkil\u00f6tiedoista ilmoitamme tietosuoja-asetuksen m\u00e4\u00e4r\u00e4ysten mukaisesti ensimm\u00e4isess\u00e4 yhteydenotossa asiakkaaseen tai viimeist\u00e4\u00e4n kuukauden sis\u00e4ll\u00e4 henkil\u00f6tietojen vastaanotosta.<\/p>\n\n\n\n<h2 class=\"wp-block-heading\"><strong>Mihin henkil\u00f6tietoja k\u00e4ytet\u00e4\u00e4n?<\/strong><\/h2>\n\n\n\n<p>Henkil\u00f6tietoja k\u00e4ytet\u00e4\u00e4n<\/p>\n\n\n\n<ul class=\"wp-block-list\"><li>Asiakkuuden yll\u00e4pit\u00e4miseen<\/li><li>Asiakaskokemuksen parantamiseen<\/li><li>Analytiikkaan ja tilastollisiin tarkoituksiin<\/li><li>Henkil\u00f6kohtaisemman kohdennetun sis\u00e4ll\u00f6n ja markkinoinnin tuottamiseen<\/li><li>V\u00e4\u00e4rink\u00e4yt\u00f6sten est\u00e4miseen<\/li><li>Paremman asiakaspalvelun tarjoamiseen<\/li><\/ul>\n\n\n\n<p>Tietoja k\u00e4sitell\u00e4\u00e4n asiakkaan ja <a href=\"http:\/\/krookmedia.fi\">krookmedia.fi<\/a> v\u00e4liseen asiakassuhteeseen, sopimukseen, sivuston k\u00e4ytt\u00f6\u00f6n, asiakkaan erilliseen nimenomaiseen suostumukseen tai lains\u00e4\u00e4d\u00e4nn\u00f6n velvoitteisiin perustuen.<\/p>\n\n\n\n<h2 class=\"wp-block-heading\"><strong>Kenelle jaamme tietosi<\/strong><\/h2>\n\n\n\n<p>Tietoja ei jaeta kolmansille osapuolille.<\/p>\n\n\n\n<h2 class=\"wp-block-heading\"><strong>Mit\u00e4 oikeuksia sinulla on omaan tietoosi<\/strong><\/h2>\n\n\n\n<p>Mik\u00e4li sinulla on (k\u00e4ytt\u00e4j\u00e4tili ei k\u00e4yt\u00f6ss\u00e4) t\u00e4lle sivustolle tai olet j\u00e4tt\u00e4nyt kommentteja tai olet ottanut yhteytt\u00e4 lomakkeella, voit pyyt\u00e4\u00e4 koostetiedostoa omista henkil\u00f6tiedoistasi, sis\u00e4lt\u00e4en kaiken henkil\u00f6tiedon, jonka olet meille antanut. Voit my\u00f6s pyyt\u00e4\u00e4 henkil\u00f6tietojesi poistoa. Oikeus omien tietojen poistoon ei koske sellaista henkil\u00f6tietoa, joka meid\u00e4n on s\u00e4ilytett\u00e4v\u00e4 yll\u00e4pidollisista, juridisista tai tietoturvaan liittyvist\u00e4 syist\u00e4.<\/p>\n\n\n\n<p>Voimme luovuttaa joitakin v\u00e4ltt\u00e4m\u00e4tt\u00f6mi\u00e4 tietoja kolmansille osapuolille toimituksen takaamiseksi sek\u00e4 markkinointia varten.&nbsp;<\/p>\n\n\n\n<p>K\u00e4yt\u00e4mme asiakastietoja kolmansien osapuolten kanssa my\u00f6s analytiikka- ja personointitarkoituksiin. Hy\u00f6dynn\u00e4mme selaustietoja yhteisty\u00f6kumppanien kanssa, jotta voimme paremmin tarjota sinua kiinnostavia tuotteita ja tarjouksia. Analytiikka- ja personointitarkoituksiin k\u00e4ytetty tieto on anonymisoitua tai pseudonymisoitua aina mahdollisuuksien mukaan. Vain me pystymme yhdist\u00e4m\u00e4\u00e4n k\u00e4ytetyn pseudonymisoidun tiedon nimeesi.<\/p>\n\n\n\n<p>Tarvittaessa luovutamme tietoja my\u00f6s viranomaisille. Informoimme tietopyynn\u00f6ist\u00e4 aina my\u00f6s asiakasta, jos se on lain puitteissa sallittua.<\/p>\n\n\n\n<p>V\u00e4lit\u00e4mme tietoja seuraaville kolmansille osapuolille:<\/p>\n\n\n\n<ul class=\"wp-block-list\"><li>Analytiikka- ja tilastointikumppaneille<\/li><li>Tuotesuositus- ja personointikumppaneille<\/li><li>S\u00e4hk\u00f6postimarkkinointikumppaneille, jos asiakas on sallinut sen, selaushistoriaan perustuvan viestinn\u00e4n tai tuotearvostelupyynn\u00f6t<\/li><li>Kuljetusliikkeelle, jos valittu toimitustapa on kuljetus noutopisteeseen, l\u00e4himp\u00e4\u00e4n postiin tai perille asti<\/li><li>Tuotteen toimittajalle tai suoratoimitustuotteita tilattaessa<\/li><li>Krookmedia.fi huolehtii tietoja siirrett\u00e4ess\u00e4 ja k\u00e4sitelt\u00e4ess\u00e4 tietoturvan ja -suojan korkeasta tasosta EU:n tietosuoja-asetuksen mukaisesti.<\/li><\/ul>\n\n\n\n<p>krookmedia.fi huolehtii tietoja siirrett\u00e4ess\u00e4 ja k\u00e4sitelt\u00e4ess\u00e4 tietoturvan ja -suojan korkeasta tasosta EU:n tietosuoja-asetuksen mukaisesti. Henkil\u00f6tietojen k\u00e4sittelyss\u00e4 on huomioitu 25.5.2018 alkaen sovellettavan EU:n tietosuoja-asetuksen vaatimukset.<br>Kaikkea p\u00e4\u00e4sy\u00e4 henkil\u00f6tietoon valvotaan hyvien k\u00e4yt\u00e4nt\u00f6jen mukaisesti.<\/p>\n\n\n\n<h2 class=\"wp-block-heading\"><strong>Kuinka kauan henkil\u00f6tietojani s\u00e4ilytet\u00e4\u00e4n?<\/strong><\/h2>\n\n\n\n<p>S\u00e4ilyt\u00e4mme henkil\u00f6tietojasi niin kauan, kuin on tarpeellista rekisterin k\u00e4ytt\u00f6tarkoitusten toteuttamiseksi.<\/p>\n\n\n\n<p>Lis\u00e4ksi joitain tietoja voidaan s\u00e4ilytt\u00e4\u00e4 kauemmin niilt\u00e4 osin kuin se on tarpeen laissa asetettujen velvollisuuksien, kuten kirjanpitoa ja kuluttajakauppaa koskevien vastuiden hoitamiseksi.<\/p>\n\n\n\n<h2 class=\"wp-block-heading\"><strong>Luovutetaanko henkil\u00f6tietojani kolmansille osapuolille?<\/strong><\/h2>\n\n\n\n<p>Voimme luovuttaa joitakin v\u00e4ltt\u00e4m\u00e4tt\u00f6mi\u00e4 tietoja kolmansille osapuolille toimituksen takaamiseksi sek\u00e4 markkinointia varten.&nbsp;<\/p>\n\n\n\n<p>K\u00e4yt\u00e4mme asiakastietoja kolmansien osapuolten kanssa my\u00f6s analytiikka- ja personointitarkoituksiin. Hy\u00f6dynn\u00e4mme selaustietoja yhteisty\u00f6kumppanien kanssa, jotta voimme paremmin tarjota sinua kiinnostavia tuotteita ja tarjouksia. Analytiikka- ja personointitarkoituksiin k\u00e4ytetty tieto on anonymisoitua tai pseudonymisoitua aina mahdollisuuksien mukaan. Vain me pystymme yhdist\u00e4m\u00e4\u00e4n k\u00e4ytetyn pseudonymisoidun tiedon nimeesi.<\/p>\n\n\n\n<p>Tarvittaessa luovutamme tietoja my\u00f6s viranomaisille. Informoimme tietopyynn\u00f6ist\u00e4 aina my\u00f6s asiakasta, jos se on lain puitteissa sallittua.<\/p>\n\n\n\n<p>V\u00e4lit\u00e4mme tietoja seuraaville kolmansille osapuolille:<\/p>\n\n\n\n<ul class=\"wp-block-list\"><li>Analytiikka- ja tilastointikumppaneille<\/li><li>Tuotesuositus- ja personointikumppaneille<\/li><li>S\u00e4hk\u00f6postimarkkinointikumppaneille, jos asiakas on sallinut sen, selaushistoriaan perustuvan viestinn\u00e4n tai tuotearvostelupyynn\u00f6t<\/li><li>Kuljetusliikkeelle, jos valittu toimitustapa on kuljetus noutopisteeseen, l\u00e4himp\u00e4\u00e4n postiin tai perille asti<\/li><li>Tuotteen toimittajalle tai suoratoimitustuotteita tilattaessa<\/li><li>Krookmedia.fi huolehtii tietoja siirrett\u00e4ess\u00e4 ja k\u00e4sitelt\u00e4ess\u00e4 tietoturvan ja -suojan korkeasta tasosta EU:n tietosuoja-asetuksen mukaisesti.<\/li><\/ul>\n\n\n\n<p>krookmedia.fi huolehtii tietoja siirrett\u00e4ess\u00e4 ja k\u00e4sitelt\u00e4ess\u00e4 tietoturvan ja -suojan korkeasta tasosta EU:n tietosuoja-asetuksen mukaisesti. Henkil\u00f6tietojen k\u00e4sittelyss\u00e4 on huomioitu 25.5.2018 alkaen sovellettavan EU:n tietosuoja-asetuksen vaatimukset.<br>Kaikkea p\u00e4\u00e4sy\u00e4 henkil\u00f6tietoon valvotaan hyvien k\u00e4yt\u00e4nt\u00f6jen mukaisesti.<\/p>\n\n\n\n<h2 class=\"wp-block-heading\"><strong>Kuka k\u00e4sittelee henkil\u00f6tietojani?<\/strong><\/h2>\n\n\n\n<p>Asiakastietoihin on p\u00e4\u00e4sy vain Krookmedia.fi omilla ty\u00f6ntekij\u00f6ill\u00e4 ja henkil\u00f6kuntamme on koulutettu k\u00e4ytt\u00e4m\u00e4\u00e4n tietoja turvallisesti ja eettisesti. Kukin henkil\u00f6kunnastamme n\u00e4kee asiakastietoja vain niilt\u00e4 osin kuin se on ty\u00f6teht\u00e4vien suorittamiselle v\u00e4ltt\u00e4m\u00e4t\u00f6nt\u00e4.<\/p>\n\n\n\n<p>K\u00e4yt\u00e4mme luotettuja sopimuskumppaneita, jolloin tietoa voidaan siirt\u00e4\u00e4 kolmannelle osapuolelle. Kaikkien kumppanien kanssa on sopimuksissa huomioitu EU:n tietosuoja-asetuksen ja muun lains\u00e4\u00e4d\u00e4nn\u00f6n asettamat vaatimukset.<\/p>\n\n\n\n<h2 class=\"wp-block-heading\"><strong>Ev\u00e4steet<\/strong><\/h2>\n\n\n\n<p>Krook Media Oy k\u00e4ytt\u00e4\u00e4 palveluissaan ev\u00e4steit\u00e4 (cookies). Ev\u00e4ste on pieni tekstitiedosto, jonka internetselain tallentaa k\u00e4ytt\u00e4j\u00e4n laitteelle. Ev\u00e4stetietojen hy\u00f6dynt\u00e4minen edellytt\u00e4\u00e4 palvelussa uudelle k\u00e4ytt\u00e4j\u00e4lle n\u00e4ytett\u00e4v\u00e4n ev\u00e4steviestin mukaisesti sit\u00e4, ett\u00e4 k\u00e4ytt\u00e4j\u00e4 on hyv\u00e4ksynyt ev\u00e4steet k\u00e4ytt\u00e4m\u00e4ll\u00e4 verkkopalveluamme.&nbsp;K\u00e4vij\u00e4\u00e4 ei voida tunnistaa pelkkien ev\u00e4steiden avulla ja tunnistamiseen tarvitaankin aina viranomaisten erikseen antama lupa. Ev\u00e4steet eiv\u00e4t vahingoita k\u00e4ytt\u00e4j\u00e4n laitetta tai tiedostoja. Ev\u00e4steiden k\u00e4ytt\u00e4minen on yleinen k\u00e4yt\u00e4nt\u00f6 useimmissa isoissa verkkosivustoissa.<\/p>\n\n\n\n<p>Ev\u00e4steiden avulla seurataan muun muassa palveluiden k\u00e4vij\u00e4m\u00e4\u00e4ri\u00e4 sek\u00e4 tietoja k\u00e4vij\u00f6iden k\u00e4ytt\u00e4mist\u00e4 sivuista, selaimista ja k\u00e4ytt\u00f6j\u00e4rjestelmist\u00e4. My\u00f6s k\u00e4ytt\u00e4j\u00e4n IP- ja verkko-osoite tallentuu ev\u00e4steiden avulla. Ev\u00e4steet tallentavat tietoa my\u00f6s laitteen k\u00e4yt\u00f6st\u00e4 ja k\u00e4ytt\u00f6tavoista, esimerkiksi k\u00e4ytt\u00e4j\u00e4tunnuksen, valitun k\u00e4ytt\u00f6kielen, fonttikoon ja erilaiset n\u00e4ytt\u00f6asetukset. Ev\u00e4ste muistaa n\u00e4m\u00e4 tiedot eik\u00e4 k\u00e4ytt\u00e4j\u00e4n tarvitse m\u00e4\u00e4ritt\u00e4\u00e4 niit\u00e4 aina erikseen verkkopalvelussa k\u00e4ydess\u00e4\u00e4n.<\/p>\n\n\n\n<p>Ev\u00e4steiden avulla Krook Media Oy pyrkii tekem\u00e4\u00e4n palveluistaan yh\u00e4 parempia ja kehitt\u00e4m\u00e4\u00e4n niit\u00e4 siten, ett\u00e4 ne vastaisivat mahdollisimman hyvin kunkin k\u00e4ytt\u00e4j\u00e4n yksil\u00f6llisi\u00e4 tarpeita ja toiveita sis\u00e4ll\u00f6n suhteen. Ev\u00e4steiden avulla on mahdollista luoda yksil\u00f6llisi\u00e4 suosituksia ja tunnistaa kiinnostusalueita. Ev\u00e4steiden avulla ker\u00e4ttyj\u00e4 tietoja voidaan my\u00f6s yhdist\u00e4\u00e4 k\u00e4ytt\u00e4j\u00e4lt\u00e4 muussa yhteydess\u00e4 saatuihin tietoihin paremman k\u00e4ytt\u00f6kokemuksen mahdollistamiseksi.<\/p>\n\n\n\n<p>My\u00f6s ns. kolmannet osapuolet kuten mainostajat saattavat hy\u00f6dynt\u00e4\u00e4 ja ker\u00e4t\u00e4 ev\u00e4steiden avulla ker\u00e4ttyj\u00e4 tietoja kohdistaakseen mainontaa. K\u00e4yt\u00e4mme verkkopalveluissamme mm. Google Analyticsi\u00e4 mittaamaan verkkopalveluidemme k\u00e4ytt\u00f6\u00e4. Kolmannet osapuolet, kuten Google Analytics, voivat asettaa ev\u00e4steit\u00e4 k\u00e4ytt\u00e4j\u00e4n laitteelle ker\u00e4t\u00e4kseen tietoja esimerkiksi sivustojen k\u00e4vij\u00e4m\u00e4\u00e4rist\u00e4. Lis\u00e4tietoja&nbsp;<a href=\"https:\/\/www.google.com\/intl\/fi\/policies\/privacy\/partners\/\">Google Analyticsin ehdoista voi lukea t\u00e4\u00e4lt\u00e4<\/a>.<\/p>\n\n\n\n<p>K\u00e4ytt\u00e4j\u00e4 voi tyhjent\u00e4\u00e4 ev\u00e4steet k\u00e4ytt\u00e4m\u00e4ns\u00e4 laitteen selaimen asetuksista jolloin tunniste, jolla k\u00e4ytt\u00e4j\u00e4st\u00e4 ker\u00e4t\u00e4\u00e4n tietoa, vaihtuu. K\u00e4ytt\u00e4j\u00e4ll\u00e4 on my\u00f6s mahdollisuus est\u00e4\u00e4 ev\u00e4steiden k\u00e4ytt\u00f6 kokonaan muuttamalla k\u00e4ytt\u00e4m\u00e4ns\u00e4 laitteen selaimen asetuksia. Ev\u00e4steiden est\u00e4minen saattaa vaikuttaa Krook Media Oy:n palveluiden toiminnallisuuteen. Mik\u00e4li k\u00e4ytt\u00e4j\u00e4 p\u00e4\u00e4tt\u00e4\u00e4 est\u00e4\u00e4 ev\u00e4steet, k\u00e4ytt\u00e4j\u00e4 ei v\u00e4ltt\u00e4m\u00e4tt\u00e4 voi t\u00e4ysin hy\u00f6dynt\u00e4\u00e4 Krook Media Oy:ns tarjoamia verkkopalveluja.<\/p>\n\n\n\n<h2 class=\"wp-block-heading\"><strong>Muilta sivustoilta upotettu sis\u00e4lt\u00f6<\/strong><\/h2>\n\n\n\n<p>T\u00e4m\u00e4n sivuston artikkelit voivat sis\u00e4lt\u00e4\u00e4 upotettua sis\u00e4lt\u00f6\u00e4 (esimerkiksi videoita, kuvia, artikkeleita jne.). Toisilta sivustoilta tuodun upotetun sis\u00e4ll\u00f6n avaaminen on verrattavissa siihen, ett\u00e4 vierailija itse k\u00e4visi kolmannen osapuolen sivustolla.<\/p>\n\n\n\n<h2 class=\"wp-block-heading\"><strong>K\u00c4YTT\u00d6EHDOT<\/strong><\/h2>\n\n\n\n<p>Krook-Media Oyj:n&nbsp; osoitteessa www.krookmedia.fi sijaitseviin Krook-Media www-sivuihin sovelletaan n\u00e4it\u00e4 k\u00e4ytt\u00f6ehtoja. Krook-Media www-sivut on suojattu tekij\u00e4noikeuslain ja kansainv\u00e4listen sopimusten mukaisesti. Sivuilla esiintyvien Krook-Media tuotteiden ja palveluiden nimet ja tunnusmerkit ovat Krook-Media tavaramerkkej\u00e4.<\/p>\n\n\n\n<p>Krook-Media esitt\u00e4\u00e4 www-sivut sellaisina kuin ne ovat. Krook-Media ei vastaa mist\u00e4\u00e4n sivuilla olevan aineiston tai aineiston muuttamisen aiheuttamista vahingoista tai oikeudenmenetyksist\u00e4 taikka vahingoista, jotka aiheutuvat siit\u00e4, ettei sivuja voida k\u00e4ytt\u00e4\u00e4 tai sivuille ei p\u00e4\u00e4st\u00e4. Krook-Media voi muuttaa sivuja tai est\u00e4\u00e4 niiden k\u00e4yt\u00f6n oman harkintansa mukaan. Krook-Media ei vastaa Krook-Media sivuilla sijaitsevien tai sivuilla esitettyjen linkkien kautta saatavilla olevista sivuista tai niill\u00e4 olevista tiedosta mill\u00e4\u00e4n tavalla.<\/p>\n\n\n\n<p>L\u00e4hett\u00e4m\u00e4ll\u00e4 Krook-Media:ialle osoitettua tilaamatonta aineistoa esimerkiksi s\u00e4hk\u00f6postin tai www-sivujen kautta k\u00e4ytt\u00e4j\u00e4 samalla luovuttaa Krook-Media:ialle veloituksettoman k\u00e4ytt\u00f6- ja luovutusoikeuden l\u00e4hett\u00e4m\u00e4\u00e4ns\u00e4 aineistoon, jollei toisin ole sovittu. K\u00e4ytt\u00e4j\u00e4n l\u00e4hett\u00e4mi\u00e4 henkil\u00f6tietoja ei luovuteta kolmansille osapuolille.<\/p>\n\n\n\n<h2 class=\"wp-block-heading\"><strong>TIETOSUOJA<\/strong><\/h2>\n\n\n\n<p>Me Krook-Media:ialla ymm\u00e4rr\u00e4mme, ett\u00e4 yksityisyyden suoja on t\u00e4rke\u00e4\u00e4 asiakkaillemme. Olemme sitoutuneet kunnioittamaan ja turvaamaan asiakkaidemme yksityisyytt\u00e4. Asiakkaamme uskovat k\u00e4siimme heid\u00e4n luottamuksellisia tietojaan ja olemme velvollisia toimimaan t\u00e4m\u00e4n luottamuksen mukaisesti joka p\u00e4iv\u00e4.<\/p>\n\n\n\n<p>Noudatamme henkil\u00f6tietojesi k\u00e4sittelyss\u00e4 Suomen lains\u00e4\u00e4d\u00e4nt\u00f6\u00e4, viranomaisten antamia m\u00e4\u00e4r\u00e4yksi\u00e4 ja ohjeita.<\/p>\n\n\n\n<p>Tietosuojalausuntoa (p\u00e4ivitetty 25.5.2022) sovelletaan, kun k\u00e4yt\u00e4t tuotteitamme ja palveluitamme tai vierailet verkkosivuillamme. Tietosuojalausuntoa ei sovelleta muiden yhti\u00f6iden tarjoamiin palveluihin tai verkkosivuihin, vaikka p\u00e4\u00e4sy n\u00e4ihin palveluihin tapahtuisi Krook-Media viestint\u00e4verkon tai palveluiden kautta.<\/p>\n\n\n\n<h2 class=\"wp-block-heading\"><strong>TURVALLISESTI NETTIIN<\/strong><\/h2>\n\n\n\n<p>Osoitteessa&nbsp;<a href=\"http:\/\/www.tietoturvaopas.fi\/\">www.tietoturvaopas.fi<\/a>&nbsp;on jatkuvasti p\u00e4ivittyv\u00e4\u00e4 tietoa esimerkiksi liikkeell\u00e4 olevista viruksista ja tietoturva-aukkojen p\u00e4ivityksist\u00e4.<\/p>\n\n\n\n<h2 class=\"wp-block-heading\"><strong>TIETOTURVALOUKKAUSTEN HAVAINNOINTI JA RATKAISU<\/strong><\/h2>\n\n\n\n<p>Viestint\u00e4viraston sivuilta&nbsp;<a href=\"http:\/\/www.cert.fi\/\">www.cert.fi<\/a>&nbsp;saat ajankohtaista CERT-FI-ryhm\u00e4\u00e4n tai yleiseen tietoturvallisuuteen liittyv\u00e4\u00e4 tietoa.<\/p>\n","protected":false},"excerpt":{"rendered":"<p>Keit\u00e4 olemme Verkkosivustomme osoite on: https:\/\/kalamies.com, joka on yrityksen Krook-Media Oy omistuksessa ja on rekisterin yll\u00e4pit\u00e4j\u00e4.K\u00e4sitelt\u00e4vien henkil\u00f6tietojen rekisterinpit\u00e4j\u00e4n\u00e4 toimii:Krook-Media Oy (Y-tunnus 1090873-3)It\u00e4lahdenkatu 22 B 225, 00210 HelsinkiTietosuojasta ja henkil\u00f6tietojen k\u00e4sittelyst\u00e4 voit kysy\u00e4 lis\u00e4\u00e4 s\u00e4hk\u00f6postilla:jerker.krook(at)krookmedia.fi Mit\u00e4 henkil\u00f6tietoa minusta voidaan ker\u00e4t\u00e4? K\u00e4ytt\u00e4j\u00e4n itsens\u00e4 antamat tai henkil\u00f6n tunnistavat tiedot Tunnistamistiedot, kuten nimi Yhteystiedot, kuten osoite, s\u00e4hk\u00f6postiosoite ja puhelinnumer [&hellip;]<\/p>\n","protected":false},"author":1,"featured_media":0,"parent":0,"menu_order":0,"comment_status":"closed","ping_status":"closed","template":"","meta":{"footnotes":""},"class_list":["post-3","page","type-page","status-publish","hentry"],"blocksy_meta":[],"yoast_head":"<!-- This site is optimized with the Yoast SEO plugin v26.0 - https:\/\/yoast.com\/wordpress\/plugins\/seo\/ -->\n<title>Tietosuojaseloste - Krookmedia - Aktivoi tarinasi<\/title>\n<meta name=\"robots\" content=\"index, follow, max-snippet:-1, max-image-preview:large, max-video-preview:-1\" \/>\n<link rel=\"canonical\" href=\"https:\/\/krookmedia.fi\/index.php\/privacy-policy\/\" \/>\n<meta property=\"og:locale\" content=\"fi_FI\" \/>\n<meta property=\"og:type\" content=\"article\" \/>\n<meta property=\"og:title\" content=\"Tietosuojaseloste - Krookmedia - Aktivoi tarinasi\" \/>\n<meta property=\"og:description\" content=\"Keit\u00e4 olemme Verkkosivustomme osoite on: https:\/\/kalamies.com, joka on yrityksen Krook-Media Oy omistuksessa ja on rekisterin yll\u00e4pit\u00e4j\u00e4.K\u00e4sitelt\u00e4vien henkil\u00f6tietojen rekisterinpit\u00e4j\u00e4n\u00e4 toimii:Krook-Media Oy (Y-tunnus 1090873-3)It\u00e4lahdenkatu 22 B 225, 00210 HelsinkiTietosuojasta ja henkil\u00f6tietojen k\u00e4sittelyst\u00e4 voit kysy\u00e4 lis\u00e4\u00e4 s\u00e4hk\u00f6postilla:jerker.krook(at)krookmedia.fi Mit\u00e4 henkil\u00f6tietoa minusta voidaan ker\u00e4t\u00e4? K\u00e4ytt\u00e4j\u00e4n itsens\u00e4 antamat tai henkil\u00f6n tunnistavat tiedot Tunnistamistiedot, kuten nimi Yhteystiedot, kuten osoite, s\u00e4hk\u00f6postiosoite ja puhelinnumer [&hellip;]\" \/>\n<meta property=\"og:url\" content=\"https:\/\/krookmedia.fi\/index.php\/privacy-policy\/\" \/>\n<meta property=\"og:site_name\" content=\"Krookmedia - Aktivoi tarinasi\" \/>\n<meta property=\"article:modified_time\" content=\"2023-04-02T13:39:28+00:00\" \/>\n<meta name=\"twitter:card\" content=\"summary_large_image\" \/>\n<meta name=\"twitter:label1\" content=\"Arvioitu lukuaika\" \/>\n\t<meta name=\"twitter:data1\" content=\"8 minuuttia\" \/>\n<script type=\"application\/ld+json\" class=\"yoast-schema-graph\">{\"@context\":\"https:\/\/schema.org\",\"@graph\":[{\"@type\":\"WebPage\",\"@id\":\"https:\/\/krookmedia.fi\/index.php\/privacy-policy\/\",\"url\":\"https:\/\/krookmedia.fi\/index.php\/privacy-policy\/\",\"name\":\"Tietosuojaseloste - Krookmedia - Aktivoi tarinasi\",\"isPartOf\":{\"@id\":\"https:\/\/krookmedia.fi\/#website\"},\"datePublished\":\"2022-09-29T09:28:17+00:00\",\"dateModified\":\"2023-04-02T13:39:28+00:00\",\"breadcrumb\":{\"@id\":\"https:\/\/krookmedia.fi\/index.php\/privacy-policy\/#breadcrumb\"},\"inLanguage\":\"fi\",\"potentialAction\":[{\"@type\":\"ReadAction\",\"target\":[\"https:\/\/krookmedia.fi\/index.php\/privacy-policy\/\"]}]},{\"@type\":\"BreadcrumbList\",\"@id\":\"https:\/\/krookmedia.fi\/index.php\/privacy-policy\/#breadcrumb\",\"itemListElement\":[{\"@type\":\"ListItem\",\"position\":1,\"name\":\"Etusivu\",\"item\":\"https:\/\/krookmedia.fi\/\"},{\"@type\":\"ListItem\",\"position\":2,\"name\":\"Tietosuojaseloste\"}]},{\"@type\":\"WebSite\",\"@id\":\"https:\/\/krookmedia.fi\/#website\",\"url\":\"https:\/\/krookmedia.fi\/\",\"name\":\"Krookmedia - Aktivoi tarinasi\",\"description\":\"Kotimainen harrasteiden mediatalo\",\"publisher\":{\"@id\":\"https:\/\/krookmedia.fi\/#organization\"},\"alternateName\":\"Krook-Media\",\"potentialAction\":[{\"@type\":\"SearchAction\",\"target\":{\"@type\":\"EntryPoint\",\"urlTemplate\":\"https:\/\/krookmedia.fi\/?s={search_term_string}\"},\"query-input\":{\"@type\":\"PropertyValueSpecification\",\"valueRequired\":true,\"valueName\":\"search_term_string\"}}],\"inLanguage\":\"fi\"},{\"@type\":\"Organization\",\"@id\":\"https:\/\/krookmedia.fi\/#organization\",\"name\":\"Krook-Media Oy\",\"alternateName\":\"Krook Media\",\"url\":\"https:\/\/krookmedia.fi\/\",\"logo\":{\"@type\":\"ImageObject\",\"inLanguage\":\"fi\",\"@id\":\"https:\/\/krookmedia.fi\/#\/schema\/logo\/image\/\",\"url\":\"https:\/\/krookmedia.fi\/wp-content\/uploads\/2022\/09\/krookmedia-logo-txt.png\",\"contentUrl\":\"https:\/\/krookmedia.fi\/wp-content\/uploads\/2022\/09\/krookmedia-logo-txt.png\",\"width\":600,\"height\":155,\"caption\":\"Krook-Media Oy\"},\"image\":{\"@id\":\"https:\/\/krookmedia.fi\/#\/schema\/logo\/image\/\"}}]}<\/script>\n<!-- \/ Yoast SEO plugin. -->","yoast_head_json":{"title":"Tietosuojaseloste - Krookmedia - Aktivoi tarinasi","robots":{"index":"index","follow":"follow","max-snippet":"max-snippet:-1","max-image-preview":"max-image-preview:large","max-video-preview":"max-video-preview:-1"},"canonical":"https:\/\/krookmedia.fi\/index.php\/privacy-policy\/","og_locale":"fi_FI","og_type":"article","og_title":"Tietosuojaseloste - Krookmedia - Aktivoi tarinasi","og_description":"Keit\u00e4 olemme Verkkosivustomme osoite on: https:\/\/kalamies.com, joka on yrityksen Krook-Media Oy omistuksessa ja on rekisterin yll\u00e4pit\u00e4j\u00e4.K\u00e4sitelt\u00e4vien henkil\u00f6tietojen rekisterinpit\u00e4j\u00e4n\u00e4 toimii:Krook-Media Oy (Y-tunnus 1090873-3)It\u00e4lahdenkatu 22 B 225, 00210 HelsinkiTietosuojasta ja henkil\u00f6tietojen k\u00e4sittelyst\u00e4 voit kysy\u00e4 lis\u00e4\u00e4 s\u00e4hk\u00f6postilla:jerker.krook(at)krookmedia.fi Mit\u00e4 henkil\u00f6tietoa minusta voidaan ker\u00e4t\u00e4? K\u00e4ytt\u00e4j\u00e4n itsens\u00e4 antamat tai henkil\u00f6n tunnistavat tiedot Tunnistamistiedot, kuten nimi Yhteystiedot, kuten osoite, s\u00e4hk\u00f6postiosoite ja puhelinnumer [&hellip;]","og_url":"https:\/\/krookmedia.fi\/index.php\/privacy-policy\/","og_site_name":"Krookmedia - Aktivoi tarinasi","article_modified_time":"2023-04-02T13:39:28+00:00","twitter_card":"summary_large_image","twitter_misc":{"Arvioitu lukuaika":"8 minuuttia"},"schema":{"@context":"https:\/\/schema.org","@graph":[{"@type":"WebPage","@id":"https:\/\/krookmedia.fi\/index.php\/privacy-policy\/","url":"https:\/\/krookmedia.fi\/index.php\/privacy-policy\/","name":"Tietosuojaseloste - Krookmedia - Aktivoi tarinasi","isPartOf":{"@id":"https:\/\/krookmedia.fi\/#website"},"datePublished":"2022-09-29T09:28:17+00:00","dateModified":"2023-04-02T13:39:28+00:00","breadcrumb":{"@id":"https:\/\/krookmedia.fi\/index.php\/privacy-policy\/#breadcrumb"},"inLanguage":"fi","potentialAction":[{"@type":"ReadAction","target":["https:\/\/krookmedia.fi\/index.php\/privacy-policy\/"]}]},{"@type":"BreadcrumbList","@id":"https:\/\/krookmedia.fi\/index.php\/privacy-policy\/#breadcrumb","itemListElement":[{"@type":"ListItem","position":1,"name":"Etusivu","item":"https:\/\/krookmedia.fi\/"},{"@type":"ListItem","position":2,"name":"Tietosuojaseloste"}]},{"@type":"WebSite","@id":"https:\/\/krookmedia.fi\/#website","url":"https:\/\/krookmedia.fi\/","name":"Krookmedia - Aktivoi tarinasi","description":"Kotimainen harrasteiden mediatalo","publisher":{"@id":"https:\/\/krookmedia.fi\/#organization"},"alternateName":"Krook-Media","potentialAction":[{"@type":"SearchAction","target":{"@type":"EntryPoint","urlTemplate":"https:\/\/krookmedia.fi\/?s={search_term_string}"},"query-input":{"@type":"PropertyValueSpecification","valueRequired":true,"valueName":"search_term_string"}}],"inLanguage":"fi"},{"@type":"Organization","@id":"https:\/\/krookmedia.fi\/#organization","name":"Krook-Media Oy","alternateName":"Krook Media","url":"https:\/\/krookmedia.fi\/","logo":{"@type":"ImageObject","inLanguage":"fi","@id":"https:\/\/krookmedia.fi\/#\/schema\/logo\/image\/","url":"https:\/\/krookmedia.fi\/wp-content\/uploads\/2022\/09\/krookmedia-logo-txt.png","contentUrl":"https:\/\/krookmedia.fi\/wp-content\/uploads\/2022\/09\/krookmedia-logo-txt.png","width":600,"height":155,"caption":"Krook-Media Oy"},"image":{"@id":"https:\/\/krookmedia.fi\/#\/schema\/logo\/image\/"}}]}},"_links":{"self":[{"href":"https:\/\/krookmedia.fi\/index.php\/wp-json\/wp\/v2\/pages\/3","targetHints":{"allow":["GET"]}}],"collection":[{"href":"https:\/\/krookmedia.fi\/index.php\/wp-json\/wp\/v2\/pages"}],"about":[{"href":"https:\/\/krookmedia.fi\/index.php\/wp-json\/wp\/v2\/types\/page"}],"author":[{"embeddable":true,"href":"https:\/\/krookmedia.fi\/index.php\/wp-json\/wp\/v2\/users\/1"}],"replies":[{"embeddable":true,"href":"https:\/\/krookmedia.fi\/index.php\/wp-json\/wp\/v2\/comments?post=3"}],"version-history":[{"count":1,"href":"https:\/\/krookmedia.fi\/index.php\/wp-json\/wp\/v2\/pages\/3\/revisions"}],"predecessor-version":[{"id":8,"href":"https:\/\/krookmedia.fi\/index.php\/wp-json\/wp\/v2\/pages\/3\/revisions\/8"}],"wp:attachment":[{"href":"https:\/\/krookmedia.fi\/index.php\/wp-json\/wp\/v2\/media?parent=3"}],"curies":[{"name":"wp","href":"https:\/\/api.w.org\/{rel}","templated":true}]}}