{"id":382,"date":"2023-12-04T13:18:02","date_gmt":"2023-12-04T10:18:02","guid":{"rendered":"https:\/\/krookmedia.fi\/?page_id=382"},"modified":"2024-11-13T16:25:04","modified_gmt":"2024-11-13T13:25:04","slug":"padel-358","status":"publish","type":"page","link":"https:\/\/krookmedia.fi\/index.php\/padel-358\/","title":{"rendered":"Padel.358"},"content":{"rendered":"\n<p><a href=\"https:\/\/padel358.fi\/\" target=\"_blank\" rel=\"noreferrer noopener\">Padel.358<\/a> on kotimainen padel-harrastajien \u00e4\u00e4nenkannattaja, joka tavoittaa kaikki lajin harrastajat Ivalosta aina Hankoon asti, Espanjan aurinkorannikoita unohtamatta. Padel.358 -lehti l\u00f6ytyy ilmaiseksi Suomen kaikista Padel-halleista ja Padel.358 toteutetaan yhdess\u00e4 Suomen Padelliiton kanssa. Padel.358 -lehti on lajin ainoa s\u00e4\u00e4nn\u00f6llisesti julkaistava lajimedia Suomessa.&nbsp;<\/p>\n\n\n\n<p>Padel.358 sanoutuu irti kaikista urheilumaailman yleisist\u00e4 k\u00e4rh\u00e4m\u00f6ist\u00e4, keskittyen edist\u00e4m\u00e4\u00e4n lajia, antaen suomalaisille harrastajille virikkeit\u00e4, sek\u00e4 el\u00e4\u00e4 ja hengitt\u00e4\u00e4 padelia. Padel.358 julkaistaan my\u00f6s digitaalisena n\u00e4k\u00f6islehten\u00e4, joka antaa harrastajille mahdollisuuden lukea mediaa my\u00f6s mobiililaitteiden kautta. Padel.358 -toimitus koostuu ammattitoimituksesta, sek\u00e4 aktiivisista padel-harrastajista, joita yhdist\u00e4\u00e4 halu kasvattaa padelia Suomessa.&nbsp;<\/p>\n\n\n\n<h2 class=\"wp-block-heading\">PADEL SUOMESSA<\/h2>\n\n\n\n<p>Padel on maailman nopeimmin kasvava urheilulaji. Lajin sosiaalisuus, helppo aloituskynnys ja pelaajin nopea kehittyminen lajissa ovat suosion takana olevia elementtej\u00e4.&nbsp;<\/p>\n\n\n\n<p>Suomessa harrastajam\u00e4\u00e4r\u00e4t ovat kasvaneet viime vuosina jopa 50% vuosivauhdilla ja padel-harrastajia l\u00f6ytyy Suomesta jo yli 100.000. Olosuhteiden kehitys on mahdollistanut lajin rajun kasvun, sill\u00e4 t\u00e4ll\u00e4 hetkell\u00e4 Suomessa on 1086 padel-kentt\u00e4\u00e4.&nbsp;<\/p>\n\n\n\n<p>Padel sopii liikuntamuodoksi junioreista senioreihin ja tarjoaa kunnon kohenemisen lis\u00e4ksi taktista sek\u00e4 teknist\u00e4 haastetta niin harraste- kuin kilpapelaajillekin. Padelille ominaista ovat pitk\u00e4t pallorallit, jotka tuovat liikunnan riemua.&nbsp;<\/p>\n\n\n\n<p>Padelia pelataan Suomessa p\u00e4\u00e4osin harrastetasolla ja lisenssoituja pelaajia maassamme on alle 3000kpl.&nbsp;<\/p>\n\n\n\n<p>Padelin mediapeitto on uudeksi lajiksi varsin poikkeuksellinen, kun esim. Viaplay esitt\u00e4\u00e4 World Padel Tourin osakilpailut suorina l\u00e4hetyksin\u00e4.&nbsp;<\/p>\n\n\n\n<h2 class=\"wp-block-heading\">SUOMALAISEN PADEL PELAAJAN PROFIILI 2023<\/h2>\n\n\n\n<p>M 30-50 \u2013 Suurin kohderyhm\u00e4 ja lajin ensimm\u00e4isen\u00e4 l\u00f6yt\u00e4neet. Hyvin verkostoituneita p\u00e4\u00e4tt\u00e4ji\u00e4 jotka ovat yleisesti kiinnostuneita urheilusta, bisneksest\u00e4 ja trendeist\u00e4. He ovat usein eritt\u00e4in sitoutuneita ja saattavat pelata jopa 4-6 kertaa viikossa. He kuluttavat aktiivisesti my\u00f6s padelsis\u00e4lt\u00f6j\u00e4.<\/p>\n\n\n\n<p>N 25-50 \u2013 Sporttinen ja sosiaalinen ryhm\u00e4, joka on kiinnostunut ohjatusta toiminnasta ja paikallisista tapahtumista.&nbsp;<\/p>\n\n\n\n<p>M\/N 18-25 \u2013 Vahvistuu padelkenttien lis\u00e4\u00e4ntyess\u00e4. Pelaa padelia, koska se on tapa pit\u00e4\u00e4 kavereiden kanssa hauskaa ja tehd\u00e4 samalla hyv\u00e4 treeni.<\/p>\n\n\n\n<p>Juniorit \u2013 Matalan aloituskynnyksens\u00e4 vuoksi padel sopii erinomaisesti my\u00f6s lapsille ja nuorille. Seuratoiminnan kehittyess\u00e4 junioreiden m\u00e4\u00e4r\u00e4 on l\u00e4htenyt kasvamaan ilahduttavan nopeasti. Lapset, nuoret ja perheet ovat my\u00f6s Padelliiton strateginen painopiste tulevina vuosina.<\/p>\n\n\n\n<h2 class=\"wp-block-heading\">Miksi padel kiinnostaa?<\/h2>\n\n\n\n<p>Padelissa vieh\u00e4tt\u00e4v\u00e4t erityisesti lajin trendikkyys, vahva sosiaalisuus sek\u00e4 matala aloituskynnys, jotka mahdollistavat rennon tunnelman ja hyv\u00e4n treenin kaikentasoisille pelaajille.&nbsp;<\/p>\n\n\n\n<p>2021: &nbsp; &nbsp; &nbsp; &nbsp; &nbsp; 50.000<\/p>\n\n\n\n<p>2022&nbsp; &nbsp; &nbsp; &nbsp; &nbsp; &nbsp; 75.000<\/p>\n\n\n\n<p>2023&nbsp; &nbsp; &nbsp; &nbsp; &nbsp; &nbsp; 100.000<\/p>\n\n\n\n<p>2024&nbsp; &nbsp; &nbsp; &nbsp; &nbsp; &nbsp; arvio 150.000<\/p>\n\n\n\n<p><strong>Kenttien m\u00e4\u00e4r\u00e4 Suomessa:&nbsp;<\/strong><\/p>\n\n\n\n<p>2021: &nbsp; &nbsp; &nbsp; &nbsp; &nbsp; 680<\/p>\n\n\n\n<p>2022&nbsp; &nbsp; &nbsp; &nbsp; &nbsp; &nbsp; 1016<\/p>\n\n\n\n<p>2023&nbsp; &nbsp; &nbsp; &nbsp; &nbsp; &nbsp; 1086<\/p>\n\n\n\n<p><strong>J\u00e4senseuroja:&nbsp;<\/strong><\/p>\n\n\n\n<p>2022&nbsp; &nbsp; &nbsp; &nbsp; &nbsp; &nbsp; 77<\/p>\n\n\n\n<p>2023&nbsp; &nbsp; &nbsp; &nbsp; &nbsp; &nbsp; 90 &nbsp;<\/p>\n\n\n\n<p><em>L\u00e4hde: Suomen Padelliitto<\/em><\/p>\n\n\n\n<h2 class=\"wp-block-heading\">Padel.358 myynti&nbsp;<\/h2>\n\n\n\n<p><strong>Jerker Krook<\/strong><br>jerker.krook@krookmedia.fi<br>+358 40 566 3035<\/p>\n\n\n\n<p><strong>Antero Hiito<\/strong><br>antero.hiito@krookmedia.fi<br>puh. +358 400 779 665<\/p>\n\n\n\n<p><strong>Mikael H\u00e4stbacka<\/strong><br>mikael@padel358.fi<br>+358 40 555 3222<\/p>\n\n\n\n<p><strong>Sami Suominen<\/strong><br>Sami@padel358.fi&nbsp;<br>+358 45 636 6363<\/p>\n\n\n\n<h2 class=\"wp-block-heading\">Aikataulu 2024<\/h2>\n\n\n\n<figure class=\"wp-block-table\"><table><tbody><tr><td>Numero<\/td><td>Deadline<\/td><td>Ilmestyy<\/td><\/tr><tr><td>1\/2024<\/td><td> 15.1<\/td><td> 31.1<\/td><\/tr><tr><td>2\/2024<\/td><td>15.11<\/td><td>28.11<\/td><\/tr><tr><td><\/td><td><\/td><td><\/td><\/tr><\/tbody><\/table><\/figure>\n\n\n\n<p><\/p>\n\n\n\n<h2 class=\"wp-block-heading\">Aineistohje<\/h2>\n\n\n\n<p>Sivukoko 210mm x 260mm +3mm leikkuuvara. <\/p>\n\n\n\n<p>Katso tarkemmat tiedot <a href=\"https:\/\/krookmedia.fi\/index.php\/aineisto-ohjeet\/\" target=\"_blank\" rel=\"noreferrer noopener\">T\u00c4\u00c4LT\u00c4<\/a><\/p>\n\n\n\n<p>Toimitus s\u00e4hk\u00f6postilla: ilmoitukset@krookmedia.fi <\/p>\n\n\n\n<p><\/p>\n\n\n\n<figure class=\"wp-block-image size-large\"><img loading=\"lazy\" decoding=\"async\" width=\"1212\" height=\"1500\" src=\"https:\/\/krookmedia.fi\/wp-content\/uploads\/2024\/08\/Padel358_12024_kansi-1212x1500.jpg\" alt=\"\" class=\"wp-image-435\" srcset=\"https:\/\/krookmedia.fi\/wp-content\/uploads\/2024\/08\/Padel358_12024_kansi-1212x1500.jpg 1212w, https:\/\/krookmedia.fi\/wp-content\/uploads\/2024\/08\/Padel358_12024_kansi-600x743.jpg 600w, https:\/\/krookmedia.fi\/wp-content\/uploads\/2024\/08\/Padel358_12024_kansi-150x186.jpg 150w, https:\/\/krookmedia.fi\/wp-content\/uploads\/2024\/08\/Padel358_12024_kansi-768x951.jpg 768w, https:\/\/krookmedia.fi\/wp-content\/uploads\/2024\/08\/Padel358_12024_kansi-1241x1536.jpg 1241w, https:\/\/krookmedia.fi\/wp-content\/uploads\/2024\/08\/Padel358_12024_kansi-1654x2048.jpg 1654w, https:\/\/krookmedia.fi\/wp-content\/uploads\/2024\/08\/Padel358_12024_kansi.jpg 2000w\" sizes=\"auto, (max-width: 1212px) 100vw, 1212px\" \/><\/figure>\n\n\n\n<p><\/p>\n\n\n\n<p><\/p>\n","protected":false},"excerpt":{"rendered":"<p>Padel.358 on kotimainen padel-harrastajien \u00e4\u00e4nenkannattaja, joka tavoittaa kaikki lajin harrastajat Ivalosta aina Hankoon asti, Espanjan aurinkorannikoita unohtamatta. Padel.358 -lehti l\u00f6ytyy ilmaiseksi Suomen kaikista Padel-halleista ja Padel.358 toteutetaan yhdess\u00e4 Suomen Padelliiton kanssa. Padel.358 -lehti on lajin ainoa s\u00e4\u00e4nn\u00f6llisesti julkaistava lajimedia Suomessa.\u00a0<\/p>\n","protected":false},"author":1,"featured_media":0,"parent":0,"menu_order":0,"comment_status":"closed","ping_status":"closed","template":"","meta":{"footnotes":""},"class_list":["post-382","page","type-page","status-publish","hentry"],"blocksy_meta":[],"yoast_head":"<!-- This site is optimized with the Yoast SEO plugin v26.0 - https:\/\/yoast.com\/wordpress\/plugins\/seo\/ -->\n<title>Padel.358 - Krookmedia - Aktivoi tarinasi<\/title>\n<meta name=\"description\" content=\"Padel.358 on kotimainen padel-harrastajien \u00e4\u00e4nenkannattaja, joka tavoittaa kaikki lajin harrastajat Ivalosta aina Hankoon asti, Espanjan aurinkorannikoita unohtamatta. Padel.358 -lehti l\u00f6ytyy ilmaiseksi Suomen kaikista Padel-halleista ja Padel.358 toteutetaan yhdess\u00e4 Suomen Padelliiton kanssa. Padel.358 -lehti on lajin ainoa s\u00e4\u00e4nn\u00f6llisesti julkaistava lajimedia Suomessa.\u00a0\" \/>\n<meta name=\"robots\" content=\"index, follow, max-snippet:-1, max-image-preview:large, max-video-preview:-1\" \/>\n<link rel=\"canonical\" href=\"https:\/\/krookmedia.fi\/index.php\/padel-358\/\" \/>\n<meta property=\"og:locale\" content=\"fi_FI\" \/>\n<meta property=\"og:type\" content=\"article\" \/>\n<meta property=\"og:title\" content=\"Padel.358 - Krookmedia - Aktivoi tarinasi\" \/>\n<meta property=\"og:description\" content=\"Padel.358 on kotimainen padel-harrastajien \u00e4\u00e4nenkannattaja, joka tavoittaa kaikki lajin harrastajat Ivalosta aina Hankoon asti, Espanjan aurinkorannikoita unohtamatta. Padel.358 -lehti l\u00f6ytyy ilmaiseksi Suomen kaikista Padel-halleista ja Padel.358 toteutetaan yhdess\u00e4 Suomen Padelliiton kanssa. Padel.358 -lehti on lajin ainoa s\u00e4\u00e4nn\u00f6llisesti julkaistava lajimedia Suomessa.\u00a0\" \/>\n<meta property=\"og:url\" content=\"https:\/\/krookmedia.fi\/index.php\/padel-358\/\" \/>\n<meta property=\"og:site_name\" content=\"Krookmedia - Aktivoi tarinasi\" \/>\n<meta property=\"article:modified_time\" content=\"2024-11-13T13:25:04+00:00\" \/>\n<meta property=\"og:image\" content=\"https:\/\/krookmedia.fi\/wp-content\/uploads\/2024\/08\/Padel358_12024_kansi-1212x1500.jpg\" \/>\n<meta name=\"twitter:card\" content=\"summary_large_image\" \/>\n<meta name=\"twitter:label1\" content=\"Arvioitu lukuaika\" \/>\n\t<meta name=\"twitter:data1\" content=\"3 minuuttia\" \/>\n<script type=\"application\/ld+json\" class=\"yoast-schema-graph\">{\"@context\":\"https:\/\/schema.org\",\"@graph\":[{\"@type\":\"WebPage\",\"@id\":\"https:\/\/krookmedia.fi\/index.php\/padel-358\/\",\"url\":\"https:\/\/krookmedia.fi\/index.php\/padel-358\/\",\"name\":\"Padel.358 - Krookmedia - Aktivoi tarinasi\",\"isPartOf\":{\"@id\":\"https:\/\/krookmedia.fi\/#website\"},\"primaryImageOfPage\":{\"@id\":\"https:\/\/krookmedia.fi\/index.php\/padel-358\/#primaryimage\"},\"image\":{\"@id\":\"https:\/\/krookmedia.fi\/index.php\/padel-358\/#primaryimage\"},\"thumbnailUrl\":\"https:\/\/krookmedia.fi\/wp-content\/uploads\/2024\/08\/Padel358_12024_kansi-1212x1500.jpg\",\"datePublished\":\"2023-12-04T10:18:02+00:00\",\"dateModified\":\"2024-11-13T13:25:04+00:00\",\"description\":\"Padel.358 on kotimainen padel-harrastajien \u00e4\u00e4nenkannattaja, joka tavoittaa kaikki lajin harrastajat Ivalosta aina Hankoon asti, Espanjan aurinkorannikoita unohtamatta. Padel.358 -lehti l\u00f6ytyy ilmaiseksi Suomen kaikista Padel-halleista ja Padel.358 toteutetaan yhdess\u00e4 Suomen Padelliiton kanssa. Padel.358 -lehti on lajin ainoa s\u00e4\u00e4nn\u00f6llisesti julkaistava lajimedia Suomessa.\u00a0\",\"breadcrumb\":{\"@id\":\"https:\/\/krookmedia.fi\/index.php\/padel-358\/#breadcrumb\"},\"inLanguage\":\"fi\",\"potentialAction\":[{\"@type\":\"ReadAction\",\"target\":[\"https:\/\/krookmedia.fi\/index.php\/padel-358\/\"]}]},{\"@type\":\"ImageObject\",\"inLanguage\":\"fi\",\"@id\":\"https:\/\/krookmedia.fi\/index.php\/padel-358\/#primaryimage\",\"url\":\"https:\/\/krookmedia.fi\/wp-content\/uploads\/2024\/08\/Padel358_12024_kansi.jpg\",\"contentUrl\":\"https:\/\/krookmedia.fi\/wp-content\/uploads\/2024\/08\/Padel358_12024_kansi.jpg\",\"width\":2000,\"height\":2476},{\"@type\":\"BreadcrumbList\",\"@id\":\"https:\/\/krookmedia.fi\/index.php\/padel-358\/#breadcrumb\",\"itemListElement\":[{\"@type\":\"ListItem\",\"position\":1,\"name\":\"Etusivu\",\"item\":\"https:\/\/krookmedia.fi\/\"},{\"@type\":\"ListItem\",\"position\":2,\"name\":\"Padel.358\"}]},{\"@type\":\"WebSite\",\"@id\":\"https:\/\/krookmedia.fi\/#website\",\"url\":\"https:\/\/krookmedia.fi\/\",\"name\":\"Krookmedia - Aktivoi tarinasi\",\"description\":\"Kotimainen harrasteiden mediatalo\",\"publisher\":{\"@id\":\"https:\/\/krookmedia.fi\/#organization\"},\"alternateName\":\"Krook-Media\",\"potentialAction\":[{\"@type\":\"SearchAction\",\"target\":{\"@type\":\"EntryPoint\",\"urlTemplate\":\"https:\/\/krookmedia.fi\/?s={search_term_string}\"},\"query-input\":{\"@type\":\"PropertyValueSpecification\",\"valueRequired\":true,\"valueName\":\"search_term_string\"}}],\"inLanguage\":\"fi\"},{\"@type\":\"Organization\",\"@id\":\"https:\/\/krookmedia.fi\/#organization\",\"name\":\"Krook-Media Oy\",\"alternateName\":\"Krook Media\",\"url\":\"https:\/\/krookmedia.fi\/\",\"logo\":{\"@type\":\"ImageObject\",\"inLanguage\":\"fi\",\"@id\":\"https:\/\/krookmedia.fi\/#\/schema\/logo\/image\/\",\"url\":\"https:\/\/krookmedia.fi\/wp-content\/uploads\/2022\/09\/krookmedia-logo-txt.png\",\"contentUrl\":\"https:\/\/krookmedia.fi\/wp-content\/uploads\/2022\/09\/krookmedia-logo-txt.png\",\"width\":600,\"height\":155,\"caption\":\"Krook-Media Oy\"},\"image\":{\"@id\":\"https:\/\/krookmedia.fi\/#\/schema\/logo\/image\/\"}}]}<\/script>\n<!-- \/ Yoast SEO plugin. -->","yoast_head_json":{"title":"Padel.358 - Krookmedia - Aktivoi tarinasi","description":"Padel.358 on kotimainen padel-harrastajien \u00e4\u00e4nenkannattaja, joka tavoittaa kaikki lajin harrastajat Ivalosta aina Hankoon asti, Espanjan aurinkorannikoita unohtamatta. Padel.358 -lehti l\u00f6ytyy ilmaiseksi Suomen kaikista Padel-halleista ja Padel.358 toteutetaan yhdess\u00e4 Suomen Padelliiton kanssa. Padel.358 -lehti on lajin ainoa s\u00e4\u00e4nn\u00f6llisesti julkaistava lajimedia Suomessa.\u00a0","robots":{"index":"index","follow":"follow","max-snippet":"max-snippet:-1","max-image-preview":"max-image-preview:large","max-video-preview":"max-video-preview:-1"},"canonical":"https:\/\/krookmedia.fi\/index.php\/padel-358\/","og_locale":"fi_FI","og_type":"article","og_title":"Padel.358 - Krookmedia - Aktivoi tarinasi","og_description":"Padel.358 on kotimainen padel-harrastajien \u00e4\u00e4nenkannattaja, joka tavoittaa kaikki lajin harrastajat Ivalosta aina Hankoon asti, Espanjan aurinkorannikoita unohtamatta. Padel.358 -lehti l\u00f6ytyy ilmaiseksi Suomen kaikista Padel-halleista ja Padel.358 toteutetaan yhdess\u00e4 Suomen Padelliiton kanssa. Padel.358 -lehti on lajin ainoa s\u00e4\u00e4nn\u00f6llisesti julkaistava lajimedia Suomessa.\u00a0","og_url":"https:\/\/krookmedia.fi\/index.php\/padel-358\/","og_site_name":"Krookmedia - Aktivoi tarinasi","article_modified_time":"2024-11-13T13:25:04+00:00","og_image":[{"url":"https:\/\/krookmedia.fi\/wp-content\/uploads\/2024\/08\/Padel358_12024_kansi-1212x1500.jpg","type":"","width":"","height":""}],"twitter_card":"summary_large_image","twitter_misc":{"Arvioitu lukuaika":"3 minuuttia"},"schema":{"@context":"https:\/\/schema.org","@graph":[{"@type":"WebPage","@id":"https:\/\/krookmedia.fi\/index.php\/padel-358\/","url":"https:\/\/krookmedia.fi\/index.php\/padel-358\/","name":"Padel.358 - Krookmedia - Aktivoi tarinasi","isPartOf":{"@id":"https:\/\/krookmedia.fi\/#website"},"primaryImageOfPage":{"@id":"https:\/\/krookmedia.fi\/index.php\/padel-358\/#primaryimage"},"image":{"@id":"https:\/\/krookmedia.fi\/index.php\/padel-358\/#primaryimage"},"thumbnailUrl":"https:\/\/krookmedia.fi\/wp-content\/uploads\/2024\/08\/Padel358_12024_kansi-1212x1500.jpg","datePublished":"2023-12-04T10:18:02+00:00","dateModified":"2024-11-13T13:25:04+00:00","description":"Padel.358 on kotimainen padel-harrastajien \u00e4\u00e4nenkannattaja, joka tavoittaa kaikki lajin harrastajat Ivalosta aina Hankoon asti, Espanjan aurinkorannikoita unohtamatta. Padel.358 -lehti l\u00f6ytyy ilmaiseksi Suomen kaikista Padel-halleista ja Padel.358 toteutetaan yhdess\u00e4 Suomen Padelliiton kanssa. Padel.358 -lehti on lajin ainoa s\u00e4\u00e4nn\u00f6llisesti julkaistava lajimedia Suomessa.\u00a0","breadcrumb":{"@id":"https:\/\/krookmedia.fi\/index.php\/padel-358\/#breadcrumb"},"inLanguage":"fi","potentialAction":[{"@type":"ReadAction","target":["https:\/\/krookmedia.fi\/index.php\/padel-358\/"]}]},{"@type":"ImageObject","inLanguage":"fi","@id":"https:\/\/krookmedia.fi\/index.php\/padel-358\/#primaryimage","url":"https:\/\/krookmedia.fi\/wp-content\/uploads\/2024\/08\/Padel358_12024_kansi.jpg","contentUrl":"https:\/\/krookmedia.fi\/wp-content\/uploads\/2024\/08\/Padel358_12024_kansi.jpg","width":2000,"height":2476},{"@type":"BreadcrumbList","@id":"https:\/\/krookmedia.fi\/index.php\/padel-358\/#breadcrumb","itemListElement":[{"@type":"ListItem","position":1,"name":"Etusivu","item":"https:\/\/krookmedia.fi\/"},{"@type":"ListItem","position":2,"name":"Padel.358"}]},{"@type":"WebSite","@id":"https:\/\/krookmedia.fi\/#website","url":"https:\/\/krookmedia.fi\/","name":"Krookmedia - Aktivoi tarinasi","description":"Kotimainen harrasteiden mediatalo","publisher":{"@id":"https:\/\/krookmedia.fi\/#organization"},"alternateName":"Krook-Media","potentialAction":[{"@type":"SearchAction","target":{"@type":"EntryPoint","urlTemplate":"https:\/\/krookmedia.fi\/?s={search_term_string}"},"query-input":{"@type":"PropertyValueSpecification","valueRequired":true,"valueName":"search_term_string"}}],"inLanguage":"fi"},{"@type":"Organization","@id":"https:\/\/krookmedia.fi\/#organization","name":"Krook-Media Oy","alternateName":"Krook Media","url":"https:\/\/krookmedia.fi\/","logo":{"@type":"ImageObject","inLanguage":"fi","@id":"https:\/\/krookmedia.fi\/#\/schema\/logo\/image\/","url":"https:\/\/krookmedia.fi\/wp-content\/uploads\/2022\/09\/krookmedia-logo-txt.png","contentUrl":"https:\/\/krookmedia.fi\/wp-content\/uploads\/2022\/09\/krookmedia-logo-txt.png","width":600,"height":155,"caption":"Krook-Media Oy"},"image":{"@id":"https:\/\/krookmedia.fi\/#\/schema\/logo\/image\/"}}]}},"_links":{"self":[{"href":"https:\/\/krookmedia.fi\/index.php\/wp-json\/wp\/v2\/pages\/382","targetHints":{"allow":["GET"]}}],"collection":[{"href":"https:\/\/krookmedia.fi\/index.php\/wp-json\/wp\/v2\/pages"}],"about":[{"href":"https:\/\/krookmedia.fi\/index.php\/wp-json\/wp\/v2\/types\/page"}],"author":[{"embeddable":true,"href":"https:\/\/krookmedia.fi\/index.php\/wp-json\/wp\/v2\/users\/1"}],"replies":[{"embeddable":true,"href":"https:\/\/krookmedia.fi\/index.php\/wp-json\/wp\/v2\/comments?post=382"}],"version-history":[{"count":7,"href":"https:\/\/krookmedia.fi\/index.php\/wp-json\/wp\/v2\/pages\/382\/revisions"}],"predecessor-version":[{"id":497,"href":"https:\/\/krookmedia.fi\/index.php\/wp-json\/wp\/v2\/pages\/382\/revisions\/497"}],"wp:attachment":[{"href":"https:\/\/krookmedia.fi\/index.php\/wp-json\/wp\/v2\/media?parent=382"}],"curies":[{"name":"wp","href":"https:\/\/api.w.org\/{rel}","templated":true}]}}