{"id":474,"date":"2024-10-24T11:58:32","date_gmt":"2024-10-24T08:58:32","guid":{"rendered":"https:\/\/krookmedia.fi\/?page_id=474"},"modified":"2026-03-05T10:12:35","modified_gmt":"2026-03-05T07:12:35","slug":"mediatiedot","status":"publish","type":"page","link":"https:\/\/krookmedia.fi\/index.php\/mediatiedot\/","title":{"rendered":"Mediatiedot"},"content":{"rendered":"\n<div class=\"wp-block-media-text alignwide is-stacked-on-mobile\" style=\"grid-template-columns:31% auto\"><figure class=\"wp-block-media-text__media\"><img loading=\"lazy\" decoding=\"async\" width=\"1125\" height=\"1500\" src=\"https:\/\/krookmedia.fi\/wp-content\/uploads\/2026\/03\/kansi-fore-3-2025-1-1125x1500.jpg\" alt=\"\" class=\"wp-image-613 size-full\" srcset=\"https:\/\/krookmedia.fi\/wp-content\/uploads\/2026\/03\/kansi-fore-3-2025-1-1125x1500.jpg 1125w, https:\/\/krookmedia.fi\/wp-content\/uploads\/2026\/03\/kansi-fore-3-2025-1-600x800.jpg 600w, https:\/\/krookmedia.fi\/wp-content\/uploads\/2026\/03\/kansi-fore-3-2025-1-150x200.jpg 150w, https:\/\/krookmedia.fi\/wp-content\/uploads\/2026\/03\/kansi-fore-3-2025-1-768x1024.jpg 768w, https:\/\/krookmedia.fi\/wp-content\/uploads\/2026\/03\/kansi-fore-3-2025-1-1152x1536.jpg 1152w, https:\/\/krookmedia.fi\/wp-content\/uploads\/2026\/03\/kansi-fore-3-2025-1-1536x2048.jpg 1536w, https:\/\/krookmedia.fi\/wp-content\/uploads\/2026\/03\/kansi-fore-3-2025-1-scaled.jpg 1920w\" sizes=\"auto, (max-width: 1125px) 100vw, 1125px\" \/><\/figure><div class=\"wp-block-media-text__content\">\n<p>Katso mediatiedot <a href=\"https:\/\/foregolf.fi\/mediatiedot-mediakit\/\" target=\"_blank\" rel=\"noreferrer noopener\">T\u00c4\u00c4LT\u00c4<\/a><\/p>\n\n\n\n<p><\/p>\n<\/div><\/div>\n\n\n\n<div class=\"wp-block-media-text alignwide is-stacked-on-mobile\" style=\"grid-template-columns:31% auto\"><figure class=\"wp-block-media-text__media\"><img loading=\"lazy\" decoding=\"async\" width=\"1118\" height=\"1500\" src=\"https:\/\/krookmedia.fi\/wp-content\/uploads\/2026\/02\/Edge_2_2026_kansi-1118x1500.jpg\" alt=\"\" class=\"wp-image-600 size-full\" srcset=\"https:\/\/krookmedia.fi\/wp-content\/uploads\/2026\/02\/Edge_2_2026_kansi-1118x1500.jpg 1118w, https:\/\/krookmedia.fi\/wp-content\/uploads\/2026\/02\/Edge_2_2026_kansi-600x805.jpg 600w, https:\/\/krookmedia.fi\/wp-content\/uploads\/2026\/02\/Edge_2_2026_kansi-150x201.jpg 150w, https:\/\/krookmedia.fi\/wp-content\/uploads\/2026\/02\/Edge_2_2026_kansi-768x1030.jpg 768w, https:\/\/krookmedia.fi\/wp-content\/uploads\/2026\/02\/Edge_2_2026_kansi-1145x1536.jpg 1145w, https:\/\/krookmedia.fi\/wp-content\/uploads\/2026\/02\/Edge_2_2026_kansi-1527x2048.jpg 1527w, https:\/\/krookmedia.fi\/wp-content\/uploads\/2026\/02\/Edge_2_2026_kansi-scaled.jpg 1909w\" sizes=\"auto, (max-width: 1118px) 100vw, 1118px\" \/><\/figure><div class=\"wp-block-media-text__content\">\n<p>Katso mediatiedot <a href=\"https:\/\/edgeski.fi\/edge-ski-magazine-mediatiedot\/\" target=\"_blank\" rel=\"noreferrer noopener\">T\u00c4\u00c4LT\u00c4<\/a><\/p>\n\n\n\n<p><\/p>\n<\/div><\/div>\n\n\n\n<div class=\"wp-block-media-text alignwide is-stacked-on-mobile\" style=\"grid-template-columns:30% auto\"><figure class=\"wp-block-media-text__media\"><img loading=\"lazy\" decoding=\"async\" width=\"1125\" height=\"1500\" src=\"https:\/\/krookmedia.fi\/wp-content\/uploads\/2026\/02\/kalastus_2-25_kansi-1125x1500.jpg\" alt=\"\" class=\"wp-image-601 size-full\" srcset=\"https:\/\/krookmedia.fi\/wp-content\/uploads\/2026\/02\/kalastus_2-25_kansi-1125x1500.jpg 1125w, https:\/\/krookmedia.fi\/wp-content\/uploads\/2026\/02\/kalastus_2-25_kansi-600x800.jpg 600w, https:\/\/krookmedia.fi\/wp-content\/uploads\/2026\/02\/kalastus_2-25_kansi-150x200.jpg 150w, https:\/\/krookmedia.fi\/wp-content\/uploads\/2026\/02\/kalastus_2-25_kansi-768x1024.jpg 768w, https:\/\/krookmedia.fi\/wp-content\/uploads\/2026\/02\/kalastus_2-25_kansi-1152x1536.jpg 1152w, https:\/\/krookmedia.fi\/wp-content\/uploads\/2026\/02\/kalastus_2-25_kansi.jpg 1240w\" sizes=\"auto, (max-width: 1125px) 100vw, 1125px\" \/><\/figure><div class=\"wp-block-media-text__content\">\n<p>Katso mediatiedot <a href=\"https:\/\/kalamies.com\/mediatiedot\/\" target=\"_blank\" rel=\"noreferrer noopener\">T\u00c4\u00c4LT\u00c4<\/a><\/p>\n\n\n\n<p><\/p>\n<\/div><\/div>\n\n\n\n<div class=\"wp-block-media-text alignwide is-stacked-on-mobile\" style=\"grid-template-columns:30% auto\"><figure class=\"wp-block-media-text__media\"><img loading=\"lazy\" decoding=\"async\" width=\"1000\" height=\"1500\" src=\"https:\/\/uusi.krookmedia.fi\/uusi_krookmedia_fi\/wp-content\/uploads\/2023\/05\/Jopi_talma-1-of-1-1000x1500.jpg\" alt=\"\" class=\"wp-image-287 size-full\" srcset=\"https:\/\/krookmedia.fi\/wp-content\/uploads\/2023\/05\/Jopi_talma-1-of-1-1000x1500.jpg 1000w, https:\/\/krookmedia.fi\/wp-content\/uploads\/2023\/05\/Jopi_talma-1-of-1-600x900.jpg 600w, https:\/\/krookmedia.fi\/wp-content\/uploads\/2023\/05\/Jopi_talma-1-of-1-150x225.jpg 150w, https:\/\/krookmedia.fi\/wp-content\/uploads\/2023\/05\/Jopi_talma-1-of-1-768x1152.jpg 768w, https:\/\/krookmedia.fi\/wp-content\/uploads\/2023\/05\/Jopi_talma-1-of-1-1024x1536.jpg 1024w, https:\/\/krookmedia.fi\/wp-content\/uploads\/2023\/05\/Jopi_talma-1-of-1-1366x2048.jpg 1366w, https:\/\/krookmedia.fi\/wp-content\/uploads\/2023\/05\/Jopi_talma-1-of-1.jpg 1667w\" sizes=\"auto, (max-width: 1000px) 100vw, 1000px\" \/><\/figure><div class=\"wp-block-media-text__content\">\n<p>Rodeo ja Hang Up Media: <\/p>\n\n\n\n<p>Kysy lis\u00e4tietoja: info@krookmedia.fi<\/p>\n<\/div><\/div>\n","protected":false},"excerpt":{"rendered":"<p>Katso mediatiedot T\u00c4\u00c4LT\u00c4 Katso mediatiedot T\u00c4\u00c4LT\u00c4 Katso mediatiedot T\u00c4\u00c4LT\u00c4 Rodeo ja Hang Up Media: Kysy lis\u00e4tietoja: info@krookmedia.fi<\/p>\n","protected":false},"author":1,"featured_media":0,"parent":0,"menu_order":0,"comment_status":"closed","ping_status":"closed","template":"","meta":{"footnotes":""},"class_list":["post-474","page","type-page","status-publish","hentry"],"blocksy_meta":[],"yoast_head":"<!-- This site is optimized with the Yoast SEO plugin v26.0 - https:\/\/yoast.com\/wordpress\/plugins\/seo\/ -->\n<title>Mediatiedot - Krookmedia - Aktivoi tarinasi<\/title>\n<meta name=\"description\" content=\"Krook Media mediakortit ja mediatiedot. Lataa alta.\" \/>\n<meta name=\"robots\" content=\"index, follow, max-snippet:-1, max-image-preview:large, max-video-preview:-1\" \/>\n<link rel=\"canonical\" href=\"https:\/\/krookmedia.fi\/index.php\/mediatiedot\/\" \/>\n<meta property=\"og:locale\" content=\"fi_FI\" \/>\n<meta property=\"og:type\" content=\"article\" \/>\n<meta property=\"og:title\" content=\"Mediatiedot - Krookmedia - Aktivoi tarinasi\" \/>\n<meta property=\"og:description\" content=\"Krook Media mediakortit ja mediatiedot. Lataa alta.\" \/>\n<meta property=\"og:url\" content=\"https:\/\/krookmedia.fi\/index.php\/mediatiedot\/\" \/>\n<meta property=\"og:site_name\" content=\"Krookmedia - Aktivoi tarinasi\" \/>\n<meta property=\"article:modified_time\" content=\"2026-03-05T07:12:35+00:00\" \/>\n<meta property=\"og:image\" content=\"https:\/\/krookmedia.fi\/wp-content\/uploads\/2026\/03\/kansi-fore-3-2025-1-scaled.jpg\" \/>\n\t<meta property=\"og:image:width\" content=\"1920\" \/>\n\t<meta property=\"og:image:height\" content=\"2560\" \/>\n\t<meta property=\"og:image:type\" content=\"image\/jpeg\" \/>\n<meta name=\"twitter:card\" content=\"summary_large_image\" \/>\n<meta name=\"twitter:label1\" content=\"Arvioitu lukuaika\" \/>\n\t<meta name=\"twitter:data1\" content=\"1 minuutti\" \/>\n<script type=\"application\/ld+json\" class=\"yoast-schema-graph\">{\"@context\":\"https:\/\/schema.org\",\"@graph\":[{\"@type\":\"WebPage\",\"@id\":\"https:\/\/krookmedia.fi\/index.php\/mediatiedot\/\",\"url\":\"https:\/\/krookmedia.fi\/index.php\/mediatiedot\/\",\"name\":\"Mediatiedot - Krookmedia - Aktivoi tarinasi\",\"isPartOf\":{\"@id\":\"https:\/\/krookmedia.fi\/#website\"},\"primaryImageOfPage\":{\"@id\":\"https:\/\/krookmedia.fi\/index.php\/mediatiedot\/#primaryimage\"},\"image\":{\"@id\":\"https:\/\/krookmedia.fi\/index.php\/mediatiedot\/#primaryimage\"},\"thumbnailUrl\":\"https:\/\/krookmedia.fi\/wp-content\/uploads\/2026\/03\/kansi-fore-3-2025-1-1125x1500.jpg\",\"datePublished\":\"2024-10-24T08:58:32+00:00\",\"dateModified\":\"2026-03-05T07:12:35+00:00\",\"description\":\"Krook Media mediakortit ja mediatiedot. Lataa alta.\",\"breadcrumb\":{\"@id\":\"https:\/\/krookmedia.fi\/index.php\/mediatiedot\/#breadcrumb\"},\"inLanguage\":\"fi\",\"potentialAction\":[{\"@type\":\"ReadAction\",\"target\":[\"https:\/\/krookmedia.fi\/index.php\/mediatiedot\/\"]}]},{\"@type\":\"ImageObject\",\"inLanguage\":\"fi\",\"@id\":\"https:\/\/krookmedia.fi\/index.php\/mediatiedot\/#primaryimage\",\"url\":\"https:\/\/krookmedia.fi\/wp-content\/uploads\/2026\/03\/kansi-fore-3-2025-1-scaled.jpg\",\"contentUrl\":\"https:\/\/krookmedia.fi\/wp-content\/uploads\/2026\/03\/kansi-fore-3-2025-1-scaled.jpg\",\"width\":1920,\"height\":2560},{\"@type\":\"BreadcrumbList\",\"@id\":\"https:\/\/krookmedia.fi\/index.php\/mediatiedot\/#breadcrumb\",\"itemListElement\":[{\"@type\":\"ListItem\",\"position\":1,\"name\":\"Etusivu\",\"item\":\"https:\/\/krookmedia.fi\/\"},{\"@type\":\"ListItem\",\"position\":2,\"name\":\"Mediatiedot\"}]},{\"@type\":\"WebSite\",\"@id\":\"https:\/\/krookmedia.fi\/#website\",\"url\":\"https:\/\/krookmedia.fi\/\",\"name\":\"Krookmedia - Aktivoi tarinasi\",\"description\":\"Kotimainen harrasteiden mediatalo\",\"publisher\":{\"@id\":\"https:\/\/krookmedia.fi\/#organization\"},\"alternateName\":\"Krook-Media\",\"potentialAction\":[{\"@type\":\"SearchAction\",\"target\":{\"@type\":\"EntryPoint\",\"urlTemplate\":\"https:\/\/krookmedia.fi\/?s={search_term_string}\"},\"query-input\":{\"@type\":\"PropertyValueSpecification\",\"valueRequired\":true,\"valueName\":\"search_term_string\"}}],\"inLanguage\":\"fi\"},{\"@type\":\"Organization\",\"@id\":\"https:\/\/krookmedia.fi\/#organization\",\"name\":\"Krook-Media Oy\",\"alternateName\":\"Krook Media\",\"url\":\"https:\/\/krookmedia.fi\/\",\"logo\":{\"@type\":\"ImageObject\",\"inLanguage\":\"fi\",\"@id\":\"https:\/\/krookmedia.fi\/#\/schema\/logo\/image\/\",\"url\":\"https:\/\/krookmedia.fi\/wp-content\/uploads\/2022\/09\/krookmedia-logo-txt.png\",\"contentUrl\":\"https:\/\/krookmedia.fi\/wp-content\/uploads\/2022\/09\/krookmedia-logo-txt.png\",\"width\":600,\"height\":155,\"caption\":\"Krook-Media Oy\"},\"image\":{\"@id\":\"https:\/\/krookmedia.fi\/#\/schema\/logo\/image\/\"}}]}<\/script>\n<!-- \/ Yoast SEO plugin. -->","yoast_head_json":{"title":"Mediatiedot - Krookmedia - Aktivoi tarinasi","description":"Krook Media mediakortit ja mediatiedot. Lataa alta.","robots":{"index":"index","follow":"follow","max-snippet":"max-snippet:-1","max-image-preview":"max-image-preview:large","max-video-preview":"max-video-preview:-1"},"canonical":"https:\/\/krookmedia.fi\/index.php\/mediatiedot\/","og_locale":"fi_FI","og_type":"article","og_title":"Mediatiedot - Krookmedia - Aktivoi tarinasi","og_description":"Krook Media mediakortit ja mediatiedot. Lataa alta.","og_url":"https:\/\/krookmedia.fi\/index.php\/mediatiedot\/","og_site_name":"Krookmedia - Aktivoi tarinasi","article_modified_time":"2026-03-05T07:12:35+00:00","og_image":[{"width":1920,"height":2560,"url":"https:\/\/krookmedia.fi\/wp-content\/uploads\/2026\/03\/kansi-fore-3-2025-1-scaled.jpg","type":"image\/jpeg"}],"twitter_card":"summary_large_image","twitter_misc":{"Arvioitu lukuaika":"1 minuutti"},"schema":{"@context":"https:\/\/schema.org","@graph":[{"@type":"WebPage","@id":"https:\/\/krookmedia.fi\/index.php\/mediatiedot\/","url":"https:\/\/krookmedia.fi\/index.php\/mediatiedot\/","name":"Mediatiedot - Krookmedia - Aktivoi tarinasi","isPartOf":{"@id":"https:\/\/krookmedia.fi\/#website"},"primaryImageOfPage":{"@id":"https:\/\/krookmedia.fi\/index.php\/mediatiedot\/#primaryimage"},"image":{"@id":"https:\/\/krookmedia.fi\/index.php\/mediatiedot\/#primaryimage"},"thumbnailUrl":"https:\/\/krookmedia.fi\/wp-content\/uploads\/2026\/03\/kansi-fore-3-2025-1-1125x1500.jpg","datePublished":"2024-10-24T08:58:32+00:00","dateModified":"2026-03-05T07:12:35+00:00","description":"Krook Media mediakortit ja mediatiedot. Lataa alta.","breadcrumb":{"@id":"https:\/\/krookmedia.fi\/index.php\/mediatiedot\/#breadcrumb"},"inLanguage":"fi","potentialAction":[{"@type":"ReadAction","target":["https:\/\/krookmedia.fi\/index.php\/mediatiedot\/"]}]},{"@type":"ImageObject","inLanguage":"fi","@id":"https:\/\/krookmedia.fi\/index.php\/mediatiedot\/#primaryimage","url":"https:\/\/krookmedia.fi\/wp-content\/uploads\/2026\/03\/kansi-fore-3-2025-1-scaled.jpg","contentUrl":"https:\/\/krookmedia.fi\/wp-content\/uploads\/2026\/03\/kansi-fore-3-2025-1-scaled.jpg","width":1920,"height":2560},{"@type":"BreadcrumbList","@id":"https:\/\/krookmedia.fi\/index.php\/mediatiedot\/#breadcrumb","itemListElement":[{"@type":"ListItem","position":1,"name":"Etusivu","item":"https:\/\/krookmedia.fi\/"},{"@type":"ListItem","position":2,"name":"Mediatiedot"}]},{"@type":"WebSite","@id":"https:\/\/krookmedia.fi\/#website","url":"https:\/\/krookmedia.fi\/","name":"Krookmedia - Aktivoi tarinasi","description":"Kotimainen harrasteiden mediatalo","publisher":{"@id":"https:\/\/krookmedia.fi\/#organization"},"alternateName":"Krook-Media","potentialAction":[{"@type":"SearchAction","target":{"@type":"EntryPoint","urlTemplate":"https:\/\/krookmedia.fi\/?s={search_term_string}"},"query-input":{"@type":"PropertyValueSpecification","valueRequired":true,"valueName":"search_term_string"}}],"inLanguage":"fi"},{"@type":"Organization","@id":"https:\/\/krookmedia.fi\/#organization","name":"Krook-Media Oy","alternateName":"Krook Media","url":"https:\/\/krookmedia.fi\/","logo":{"@type":"ImageObject","inLanguage":"fi","@id":"https:\/\/krookmedia.fi\/#\/schema\/logo\/image\/","url":"https:\/\/krookmedia.fi\/wp-content\/uploads\/2022\/09\/krookmedia-logo-txt.png","contentUrl":"https:\/\/krookmedia.fi\/wp-content\/uploads\/2022\/09\/krookmedia-logo-txt.png","width":600,"height":155,"caption":"Krook-Media Oy"},"image":{"@id":"https:\/\/krookmedia.fi\/#\/schema\/logo\/image\/"}}]}},"_links":{"self":[{"href":"https:\/\/krookmedia.fi\/index.php\/wp-json\/wp\/v2\/pages\/474","targetHints":{"allow":["GET"]}}],"collection":[{"href":"https:\/\/krookmedia.fi\/index.php\/wp-json\/wp\/v2\/pages"}],"about":[{"href":"https:\/\/krookmedia.fi\/index.php\/wp-json\/wp\/v2\/types\/page"}],"author":[{"embeddable":true,"href":"https:\/\/krookmedia.fi\/index.php\/wp-json\/wp\/v2\/users\/1"}],"replies":[{"embeddable":true,"href":"https:\/\/krookmedia.fi\/index.php\/wp-json\/wp\/v2\/comments?post=474"}],"version-history":[{"count":3,"href":"https:\/\/krookmedia.fi\/index.php\/wp-json\/wp\/v2\/pages\/474\/revisions"}],"predecessor-version":[{"id":614,"href":"https:\/\/krookmedia.fi\/index.php\/wp-json\/wp\/v2\/pages\/474\/revisions\/614"}],"wp:attachment":[{"href":"https:\/\/krookmedia.fi\/index.php\/wp-json\/wp\/v2\/media?parent=474"}],"curies":[{"name":"wp","href":"https:\/\/api.w.org\/{rel}","templated":true}]}}