{"id":570,"date":"2025-04-23T14:56:49","date_gmt":"2025-04-23T11:56:49","guid":{"rendered":"https:\/\/krookmedia.fi\/?page_id=570"},"modified":"2025-04-23T14:58:22","modified_gmt":"2025-04-23T11:58:22","slug":"laskutusohjeet","status":"publish","type":"page","link":"https:\/\/krookmedia.fi\/index.php\/laskutusohjeet\/","title":{"rendered":"Laskutusohjeet"},"content":{"rendered":"\n<p>Arvoisa yhteisty\u00f6kumppanimme, <\/p>\n\n\n\n<p>Olemme siirtyneet s\u00e4hk\u00f6iseen laskutukseen ja toivomme saavamme laskut ensisijaisesti s\u00e4hk\u00f6isess\u00e4 muodossa.<br>Mik\u00e4li yrityksell\u00e4nne ei ole mahdollisuutta toimittaa verkkolaskuja tai l\u00e4hett\u00e4\u00e4 laskuja s\u00e4hk\u00f6postilla, voitte l\u00e4hett\u00e4\u00e4<br>paperilaskut skannauspalveluosoitteeseen.<\/p>\n\n\n\n<p>Emme vastaanota laskuja k\u00e4yntiosoitteeseemme.<\/p>\n\n\n\n<p><strong>Verkkolaskut<\/strong><br>Krook-Media Oy, 1090873-3<br>Verkkolaskuosoite: 003710908733<br>Operaattori: Maventa (003721291126)<br>V\u00e4litt\u00e4j\u00e4tunnus pankkiverkosta l\u00e4hetett\u00e4ess\u00e4: DABAFIHH*<br>*K\u00e4ytt\u00e4k\u00e4\u00e4 t\u00e4t\u00e4 v\u00e4litt\u00e4j\u00e4tunnusta mik\u00e4li k\u00e4yt\u00f6ss\u00e4nne olevasta verkkolaskutusohjelmasta ei voi l\u00e4hett\u00e4\u00e4 laskuja suoraan Maventan<br>v\u00e4litt\u00e4j\u00e4tunnukselle.<br>Verkkolaskuosoite: FI9210153000205083<br>Operaattori: Nordea (NDEAFIHH)<\/p>\n\n\n\n<p><strong>Laskujen vastaanotto s\u00e4hk\u00f6postitse skannauspalveluun<br><\/strong>Toivomme, ett\u00e4 l\u00e4het\u00e4tte t\u00e4h\u00e4n osoitteeseen ainoastaan laskuja.<br>Laskut l\u00e4hetet\u00e4\u00e4n palveluun s\u00e4hk\u00f6postin PDF-muotoisina liitetiedostoina ja laskun liitteiden tulee olla samassa<br>tiedostossa itse laskun kanssa.<br>S\u00e4hk\u00f6postilaskun osoite: 10908733@scan.netvisor.fi<\/p>\n\n\n\n<ul class=\"wp-block-list\">\n<li>Voit l\u00e4hett\u00e4\u00e4 useita laskuja yhdess\u00e4 s\u00e4hk\u00f6postiviestiss\u00e4, kunhan jokainen lasku on erillisen\u00e4 liitetiedostona. Kaikilla tiedostoilla tulee olla<br>eri nimi.<\/li>\n\n\n\n<li>Yhden s\u00e4hk\u00f6postin maksimikoko on 5Mb.<\/li>\n\n\n\n<li>PDF-tiedostojen tulee olla aitoja PDF-dokumentteja (PDF- versio 1.3 tai uudempi).<\/li>\n\n\n\n<li>PDF-tiedostot eiv\u00e4t saa olla lukittuja tai salasanalla suojattuja.<\/li>\n\n\n\n<li>Dokumentin ulkomitta voi olla maksimissaan 210 x 297 mm.<\/li>\n\n\n\n<li>Liitteen nimen sallitut merkit ovat tavallisia kirjoitusmerkkej\u00e4, a-z, A-Z, 0-9. Eth\u00e4n k\u00e4yt\u00e4 erikoismerkkej\u00e4 liitteiden nime\u00e4miseen.<\/li>\n<\/ul>\n\n\n\n<p><strong>Laskujen vastaanotto postitse skannauspalveluun<br><\/strong>Osoitetietojen tulee olla t\u00e4ydellisin\u00e4 sek\u00e4 laskussa ett\u00e4 kirjekuoressa, jotta lasku voidaan v\u00e4litt\u00e4\u00e4 nopeasti ja<br>luotettavasti vastaanottajalleen.<br>Krook-Media Oy<br>10908733<br>PL 100<br>80020 Kollektor Scan<\/p>\n\n\n\n<ul class=\"wp-block-list\">\n<li>L\u00e4het\u00e4th\u00e4n skannausosoitteeseen ainoastaan laskumateriaalia. N\u00e4m\u00e4 postit luetaan automaattisesti yrityksemme reskontraan, eik\u00e4<br>mik\u00e4\u00e4n muu materiaali (esimerkiksi kuitit, liikelahjat, luottokortit ja p\u00e4\u00e4syliput) saavuta vastaanottajaansa t\u00e4t\u00e4 kautta.<\/li>\n\n\n\n<li>K\u00e4yt\u00e4th\u00e4n mieluiten tekstiss\u00e4 vain mustaa v\u00e4ri\u00e4 valkoisella pohjalla: se antaa selkeimm\u00e4n lopputuloksen laskun tietojen tunnistusta<br>varten.<\/li>\n\n\n\n<li>Eth\u00e4n k\u00e4yt\u00e4 niittej\u00e4 skannauspalveluun l\u00e4hetetyiss\u00e4 laskuissa.<\/li>\n<\/ul>\n","protected":false},"excerpt":{"rendered":"<p>Arvoisa yhteisty\u00f6kumppanimme, Olemme siirtyneet s\u00e4hk\u00f6iseen laskutukseen ja toivomme saavamme laskut ensisijaisesti s\u00e4hk\u00f6isess\u00e4 muodossa.Mik\u00e4li yrityksell\u00e4nne ei ole mahdollisuutta toimittaa verkkolaskuja tai l\u00e4hett\u00e4\u00e4 laskuja s\u00e4hk\u00f6postilla, voitte l\u00e4hett\u00e4\u00e4paperilaskut skannauspalveluosoitteeseen. Emme vastaanota laskuja k\u00e4yntiosoitteeseemme. VerkkolaskutKrook-Media Oy, 1090873-3Verkkolaskuosoite: 003710908733Operaattori: Maventa (003721291126)V\u00e4litt\u00e4j\u00e4tunnus pankkiverkosta l\u00e4hetett\u00e4ess\u00e4: DABAFIHH**K\u00e4ytt\u00e4k\u00e4\u00e4 t\u00e4t\u00e4 v\u00e4litt\u00e4j\u00e4tunnusta mik\u00e4li k\u00e4yt\u00f6ss\u00e4nne olevasta verkkolaskutusohjelmasta ei voi l\u00e4hett\u00e4\u00e4 laskuja suoraan Maventanv\u00e4litt\u00e4j\u00e4tunnukselle.Verkkolaskuosoite: FI9210153000205083Operaattori: Nordea (NDEAFIHH) Laskujen [&hellip;]<\/p>\n","protected":false},"author":1,"featured_media":0,"parent":0,"menu_order":0,"comment_status":"closed","ping_status":"closed","template":"","meta":{"footnotes":""},"class_list":["post-570","page","type-page","status-publish","hentry"],"blocksy_meta":[],"yoast_head":"<!-- This site is optimized with the Yoast SEO plugin v26.0 - https:\/\/yoast.com\/wordpress\/plugins\/seo\/ -->\n<title>Laskutusohjeet - Krookmedia - Aktivoi tarinasi<\/title>\n<meta name=\"robots\" content=\"index, follow, max-snippet:-1, max-image-preview:large, max-video-preview:-1\" \/>\n<link rel=\"canonical\" href=\"https:\/\/krookmedia.fi\/index.php\/laskutusohjeet\/\" \/>\n<meta property=\"og:locale\" content=\"fi_FI\" \/>\n<meta property=\"og:type\" content=\"article\" \/>\n<meta property=\"og:title\" content=\"Laskutusohjeet - Krookmedia - Aktivoi tarinasi\" \/>\n<meta property=\"og:description\" content=\"Arvoisa yhteisty\u00f6kumppanimme, Olemme siirtyneet s\u00e4hk\u00f6iseen laskutukseen ja toivomme saavamme laskut ensisijaisesti s\u00e4hk\u00f6isess\u00e4 muodossa.Mik\u00e4li yrityksell\u00e4nne ei ole mahdollisuutta toimittaa verkkolaskuja tai l\u00e4hett\u00e4\u00e4 laskuja s\u00e4hk\u00f6postilla, voitte l\u00e4hett\u00e4\u00e4paperilaskut skannauspalveluosoitteeseen. Emme vastaanota laskuja k\u00e4yntiosoitteeseemme. VerkkolaskutKrook-Media Oy, 1090873-3Verkkolaskuosoite: 003710908733Operaattori: Maventa (003721291126)V\u00e4litt\u00e4j\u00e4tunnus pankkiverkosta l\u00e4hetett\u00e4ess\u00e4: DABAFIHH**K\u00e4ytt\u00e4k\u00e4\u00e4 t\u00e4t\u00e4 v\u00e4litt\u00e4j\u00e4tunnusta mik\u00e4li k\u00e4yt\u00f6ss\u00e4nne olevasta verkkolaskutusohjelmasta ei voi l\u00e4hett\u00e4\u00e4 laskuja suoraan Maventanv\u00e4litt\u00e4j\u00e4tunnukselle.Verkkolaskuosoite: FI9210153000205083Operaattori: Nordea (NDEAFIHH) Laskujen [&hellip;]\" \/>\n<meta property=\"og:url\" content=\"https:\/\/krookmedia.fi\/index.php\/laskutusohjeet\/\" \/>\n<meta property=\"og:site_name\" content=\"Krookmedia - Aktivoi tarinasi\" \/>\n<meta property=\"article:modified_time\" content=\"2025-04-23T11:58:22+00:00\" \/>\n<meta name=\"twitter:card\" content=\"summary_large_image\" \/>\n<meta name=\"twitter:label1\" content=\"Arvioitu lukuaika\" \/>\n\t<meta name=\"twitter:data1\" content=\"2 minuuttia\" \/>\n<script type=\"application\/ld+json\" class=\"yoast-schema-graph\">{\"@context\":\"https:\/\/schema.org\",\"@graph\":[{\"@type\":\"WebPage\",\"@id\":\"https:\/\/krookmedia.fi\/index.php\/laskutusohjeet\/\",\"url\":\"https:\/\/krookmedia.fi\/index.php\/laskutusohjeet\/\",\"name\":\"Laskutusohjeet - Krookmedia - Aktivoi tarinasi\",\"isPartOf\":{\"@id\":\"https:\/\/krookmedia.fi\/#website\"},\"datePublished\":\"2025-04-23T11:56:49+00:00\",\"dateModified\":\"2025-04-23T11:58:22+00:00\",\"breadcrumb\":{\"@id\":\"https:\/\/krookmedia.fi\/index.php\/laskutusohjeet\/#breadcrumb\"},\"inLanguage\":\"fi\",\"potentialAction\":[{\"@type\":\"ReadAction\",\"target\":[\"https:\/\/krookmedia.fi\/index.php\/laskutusohjeet\/\"]}]},{\"@type\":\"BreadcrumbList\",\"@id\":\"https:\/\/krookmedia.fi\/index.php\/laskutusohjeet\/#breadcrumb\",\"itemListElement\":[{\"@type\":\"ListItem\",\"position\":1,\"name\":\"Etusivu\",\"item\":\"https:\/\/krookmedia.fi\/\"},{\"@type\":\"ListItem\",\"position\":2,\"name\":\"Laskutusohjeet\"}]},{\"@type\":\"WebSite\",\"@id\":\"https:\/\/krookmedia.fi\/#website\",\"url\":\"https:\/\/krookmedia.fi\/\",\"name\":\"Krookmedia - Aktivoi tarinasi\",\"description\":\"Kotimainen harrasteiden mediatalo\",\"publisher\":{\"@id\":\"https:\/\/krookmedia.fi\/#organization\"},\"alternateName\":\"Krook-Media\",\"potentialAction\":[{\"@type\":\"SearchAction\",\"target\":{\"@type\":\"EntryPoint\",\"urlTemplate\":\"https:\/\/krookmedia.fi\/?s={search_term_string}\"},\"query-input\":{\"@type\":\"PropertyValueSpecification\",\"valueRequired\":true,\"valueName\":\"search_term_string\"}}],\"inLanguage\":\"fi\"},{\"@type\":\"Organization\",\"@id\":\"https:\/\/krookmedia.fi\/#organization\",\"name\":\"Krook-Media Oy\",\"alternateName\":\"Krook Media\",\"url\":\"https:\/\/krookmedia.fi\/\",\"logo\":{\"@type\":\"ImageObject\",\"inLanguage\":\"fi\",\"@id\":\"https:\/\/krookmedia.fi\/#\/schema\/logo\/image\/\",\"url\":\"https:\/\/krookmedia.fi\/wp-content\/uploads\/2022\/09\/krookmedia-logo-txt.png\",\"contentUrl\":\"https:\/\/krookmedia.fi\/wp-content\/uploads\/2022\/09\/krookmedia-logo-txt.png\",\"width\":600,\"height\":155,\"caption\":\"Krook-Media Oy\"},\"image\":{\"@id\":\"https:\/\/krookmedia.fi\/#\/schema\/logo\/image\/\"}}]}<\/script>\n<!-- \/ Yoast SEO plugin. -->","yoast_head_json":{"title":"Laskutusohjeet - Krookmedia - Aktivoi tarinasi","robots":{"index":"index","follow":"follow","max-snippet":"max-snippet:-1","max-image-preview":"max-image-preview:large","max-video-preview":"max-video-preview:-1"},"canonical":"https:\/\/krookmedia.fi\/index.php\/laskutusohjeet\/","og_locale":"fi_FI","og_type":"article","og_title":"Laskutusohjeet - Krookmedia - Aktivoi tarinasi","og_description":"Arvoisa yhteisty\u00f6kumppanimme, Olemme siirtyneet s\u00e4hk\u00f6iseen laskutukseen ja toivomme saavamme laskut ensisijaisesti s\u00e4hk\u00f6isess\u00e4 muodossa.Mik\u00e4li yrityksell\u00e4nne ei ole mahdollisuutta toimittaa verkkolaskuja tai l\u00e4hett\u00e4\u00e4 laskuja s\u00e4hk\u00f6postilla, voitte l\u00e4hett\u00e4\u00e4paperilaskut skannauspalveluosoitteeseen. Emme vastaanota laskuja k\u00e4yntiosoitteeseemme. VerkkolaskutKrook-Media Oy, 1090873-3Verkkolaskuosoite: 003710908733Operaattori: Maventa (003721291126)V\u00e4litt\u00e4j\u00e4tunnus pankkiverkosta l\u00e4hetett\u00e4ess\u00e4: DABAFIHH**K\u00e4ytt\u00e4k\u00e4\u00e4 t\u00e4t\u00e4 v\u00e4litt\u00e4j\u00e4tunnusta mik\u00e4li k\u00e4yt\u00f6ss\u00e4nne olevasta verkkolaskutusohjelmasta ei voi l\u00e4hett\u00e4\u00e4 laskuja suoraan Maventanv\u00e4litt\u00e4j\u00e4tunnukselle.Verkkolaskuosoite: FI9210153000205083Operaattori: Nordea (NDEAFIHH) Laskujen [&hellip;]","og_url":"https:\/\/krookmedia.fi\/index.php\/laskutusohjeet\/","og_site_name":"Krookmedia - Aktivoi tarinasi","article_modified_time":"2025-04-23T11:58:22+00:00","twitter_card":"summary_large_image","twitter_misc":{"Arvioitu lukuaika":"2 minuuttia"},"schema":{"@context":"https:\/\/schema.org","@graph":[{"@type":"WebPage","@id":"https:\/\/krookmedia.fi\/index.php\/laskutusohjeet\/","url":"https:\/\/krookmedia.fi\/index.php\/laskutusohjeet\/","name":"Laskutusohjeet - Krookmedia - Aktivoi tarinasi","isPartOf":{"@id":"https:\/\/krookmedia.fi\/#website"},"datePublished":"2025-04-23T11:56:49+00:00","dateModified":"2025-04-23T11:58:22+00:00","breadcrumb":{"@id":"https:\/\/krookmedia.fi\/index.php\/laskutusohjeet\/#breadcrumb"},"inLanguage":"fi","potentialAction":[{"@type":"ReadAction","target":["https:\/\/krookmedia.fi\/index.php\/laskutusohjeet\/"]}]},{"@type":"BreadcrumbList","@id":"https:\/\/krookmedia.fi\/index.php\/laskutusohjeet\/#breadcrumb","itemListElement":[{"@type":"ListItem","position":1,"name":"Etusivu","item":"https:\/\/krookmedia.fi\/"},{"@type":"ListItem","position":2,"name":"Laskutusohjeet"}]},{"@type":"WebSite","@id":"https:\/\/krookmedia.fi\/#website","url":"https:\/\/krookmedia.fi\/","name":"Krookmedia - Aktivoi tarinasi","description":"Kotimainen harrasteiden mediatalo","publisher":{"@id":"https:\/\/krookmedia.fi\/#organization"},"alternateName":"Krook-Media","potentialAction":[{"@type":"SearchAction","target":{"@type":"EntryPoint","urlTemplate":"https:\/\/krookmedia.fi\/?s={search_term_string}"},"query-input":{"@type":"PropertyValueSpecification","valueRequired":true,"valueName":"search_term_string"}}],"inLanguage":"fi"},{"@type":"Organization","@id":"https:\/\/krookmedia.fi\/#organization","name":"Krook-Media Oy","alternateName":"Krook Media","url":"https:\/\/krookmedia.fi\/","logo":{"@type":"ImageObject","inLanguage":"fi","@id":"https:\/\/krookmedia.fi\/#\/schema\/logo\/image\/","url":"https:\/\/krookmedia.fi\/wp-content\/uploads\/2022\/09\/krookmedia-logo-txt.png","contentUrl":"https:\/\/krookmedia.fi\/wp-content\/uploads\/2022\/09\/krookmedia-logo-txt.png","width":600,"height":155,"caption":"Krook-Media Oy"},"image":{"@id":"https:\/\/krookmedia.fi\/#\/schema\/logo\/image\/"}}]}},"_links":{"self":[{"href":"https:\/\/krookmedia.fi\/index.php\/wp-json\/wp\/v2\/pages\/570","targetHints":{"allow":["GET"]}}],"collection":[{"href":"https:\/\/krookmedia.fi\/index.php\/wp-json\/wp\/v2\/pages"}],"about":[{"href":"https:\/\/krookmedia.fi\/index.php\/wp-json\/wp\/v2\/types\/page"}],"author":[{"embeddable":true,"href":"https:\/\/krookmedia.fi\/index.php\/wp-json\/wp\/v2\/users\/1"}],"replies":[{"embeddable":true,"href":"https:\/\/krookmedia.fi\/index.php\/wp-json\/wp\/v2\/comments?post=570"}],"version-history":[{"count":2,"href":"https:\/\/krookmedia.fi\/index.php\/wp-json\/wp\/v2\/pages\/570\/revisions"}],"predecessor-version":[{"id":573,"href":"https:\/\/krookmedia.fi\/index.php\/wp-json\/wp\/v2\/pages\/570\/revisions\/573"}],"wp:attachment":[{"href":"https:\/\/krookmedia.fi\/index.php\/wp-json\/wp\/v2\/media?parent=570"}],"curies":[{"name":"wp","href":"https:\/\/api.w.org\/{rel}","templated":true}]}}