{"id":577,"date":"2025-05-07T09:34:31","date_gmt":"2025-05-07T06:34:31","guid":{"rendered":"https:\/\/krookmedia.fi\/?page_id=577"},"modified":"2025-05-21T11:21:59","modified_gmt":"2025-05-21T08:21:59","slug":"logot","status":"publish","type":"page","link":"https:\/\/krookmedia.fi\/index.php\/logot\/","title":{"rendered":"Logot"},"content":{"rendered":"\n<p>T\u00e4st\u00e4 l\u00f6yd\u00e4t Krookmedian medioiden logot. Jos tarvitset logoa isompana tai muussa muodossa niin otathan yhteytt\u00e4. <\/p>\n\n\n\n<p>FORE!-lehti logo <\/p>\n\n\n\n<figure class=\"wp-block-image size-full\"><img loading=\"lazy\" decoding=\"async\" width=\"1240\" height=\"419\" src=\"https:\/\/krookmedia.fi\/wp-content\/uploads\/2025\/05\/Fore_logo.jpg\" alt=\"\" class=\"wp-image-578\" srcset=\"https:\/\/krookmedia.fi\/wp-content\/uploads\/2025\/05\/Fore_logo.jpg 1240w, https:\/\/krookmedia.fi\/wp-content\/uploads\/2025\/05\/Fore_logo-600x203.jpg 600w, https:\/\/krookmedia.fi\/wp-content\/uploads\/2025\/05\/Fore_logo-150x51.jpg 150w, https:\/\/krookmedia.fi\/wp-content\/uploads\/2025\/05\/Fore_logo-768x260.jpg 768w\" sizes=\"auto, (max-width: 1240px) 100vw, 1240px\" \/><\/figure>\n\n\n\n<p>Kalastus-lehti logo<\/p>\n\n\n\n<figure class=\"wp-block-image size-full\"><img loading=\"lazy\" decoding=\"async\" width=\"1240\" height=\"224\" src=\"https:\/\/krookmedia.fi\/wp-content\/uploads\/2025\/05\/Kalastuslehti_logo.jpg\" alt=\"\" class=\"wp-image-581\" srcset=\"https:\/\/krookmedia.fi\/wp-content\/uploads\/2025\/05\/Kalastuslehti_logo.jpg 1240w, https:\/\/krookmedia.fi\/wp-content\/uploads\/2025\/05\/Kalastuslehti_logo-600x108.jpg 600w, https:\/\/krookmedia.fi\/wp-content\/uploads\/2025\/05\/Kalastuslehti_logo-150x27.jpg 150w, https:\/\/krookmedia.fi\/wp-content\/uploads\/2025\/05\/Kalastuslehti_logo-768x139.jpg 768w\" sizes=\"auto, (max-width: 1240px) 100vw, 1240px\" \/><\/figure>\n\n\n\n<p>Edge-lehti logo<\/p>\n\n\n\n<figure class=\"wp-block-image size-large\"><img loading=\"lazy\" decoding=\"async\" width=\"1500\" height=\"577\" src=\"https:\/\/krookmedia.fi\/wp-content\/uploads\/2025\/05\/Edge_logo-1500x577.jpg\" alt=\"\" class=\"wp-image-584\" srcset=\"https:\/\/krookmedia.fi\/wp-content\/uploads\/2025\/05\/Edge_logo-1500x577.jpg 1500w, https:\/\/krookmedia.fi\/wp-content\/uploads\/2025\/05\/Edge_logo-600x231.jpg 600w, https:\/\/krookmedia.fi\/wp-content\/uploads\/2025\/05\/Edge_logo-150x58.jpg 150w, https:\/\/krookmedia.fi\/wp-content\/uploads\/2025\/05\/Edge_logo-768x296.jpg 768w, https:\/\/krookmedia.fi\/wp-content\/uploads\/2025\/05\/Edge_logo-1536x591.jpg 1536w, https:\/\/krookmedia.fi\/wp-content\/uploads\/2025\/05\/Edge_logo.jpg 1707w\" sizes=\"auto, (max-width: 1500px) 100vw, 1500px\" \/><\/figure>\n\n\n\n<p>Padel.358 logo <\/p>\n\n\n\n<figure class=\"wp-block-image size-large\"><img loading=\"lazy\" decoding=\"async\" width=\"1500\" height=\"853\" src=\"https:\/\/krookmedia.fi\/wp-content\/uploads\/2025\/05\/padel_logo-1500x853.png\" alt=\"\" class=\"wp-image-586\" srcset=\"https:\/\/krookmedia.fi\/wp-content\/uploads\/2025\/05\/padel_logo-1500x853.png 1500w, https:\/\/krookmedia.fi\/wp-content\/uploads\/2025\/05\/padel_logo-600x341.png 600w, https:\/\/krookmedia.fi\/wp-content\/uploads\/2025\/05\/padel_logo-150x85.png 150w, https:\/\/krookmedia.fi\/wp-content\/uploads\/2025\/05\/padel_logo-768x437.png 768w, https:\/\/krookmedia.fi\/wp-content\/uploads\/2025\/05\/padel_logo-1536x873.png 1536w, https:\/\/krookmedia.fi\/wp-content\/uploads\/2025\/05\/padel_logo-2048x1164.png 2048w\" sizes=\"auto, (max-width: 1500px) 100vw, 1500px\" \/><\/figure>\n\n\n\n<p><\/p>\n","protected":false},"excerpt":{"rendered":"<p>T\u00e4st\u00e4 l\u00f6yd\u00e4t Krookmedian medioiden logot. Jos tarvitset logoa isompana tai muussa muodossa niin otathan yhteytt\u00e4. FORE!-lehti logo Kalastus-lehti logo Edge-lehti logo Padel.358 logo<\/p>\n","protected":false},"author":1,"featured_media":0,"parent":0,"menu_order":0,"comment_status":"closed","ping_status":"closed","template":"","meta":{"footnotes":""},"class_list":["post-577","page","type-page","status-publish","hentry"],"blocksy_meta":[],"yoast_head":"<!-- This site is optimized with the Yoast SEO plugin v26.0 - https:\/\/yoast.com\/wordpress\/plugins\/seo\/ -->\n<title>Logot - Krookmedia - Aktivoi tarinasi<\/title>\n<meta name=\"description\" content=\"T\u00e4\u00e4lt\u00e4 l\u00f6yd\u00e4t Krookmedian edustamien medioiden logot.\" \/>\n<meta name=\"robots\" content=\"index, follow, max-snippet:-1, max-image-preview:large, max-video-preview:-1\" \/>\n<link rel=\"canonical\" href=\"https:\/\/krookmedia.fi\/index.php\/logot\/\" \/>\n<meta property=\"og:locale\" content=\"fi_FI\" \/>\n<meta property=\"og:type\" content=\"article\" \/>\n<meta property=\"og:title\" content=\"Logot - Krookmedia - Aktivoi tarinasi\" \/>\n<meta property=\"og:description\" content=\"T\u00e4\u00e4lt\u00e4 l\u00f6yd\u00e4t Krookmedian edustamien medioiden logot.\" \/>\n<meta property=\"og:url\" content=\"https:\/\/krookmedia.fi\/index.php\/logot\/\" \/>\n<meta property=\"og:site_name\" content=\"Krookmedia - Aktivoi tarinasi\" \/>\n<meta property=\"article:modified_time\" content=\"2025-05-21T08:21:59+00:00\" \/>\n<meta property=\"og:image\" content=\"https:\/\/krookmedia.fi\/wp-content\/uploads\/2025\/05\/Fore_logo.jpg\" \/>\n\t<meta property=\"og:image:width\" content=\"1240\" \/>\n\t<meta property=\"og:image:height\" content=\"419\" \/>\n\t<meta property=\"og:image:type\" content=\"image\/jpeg\" \/>\n<meta name=\"twitter:card\" content=\"summary_large_image\" \/>\n<meta name=\"twitter:label1\" content=\"Arvioitu lukuaika\" \/>\n\t<meta name=\"twitter:data1\" content=\"1 minuutti\" \/>\n<script type=\"application\/ld+json\" class=\"yoast-schema-graph\">{\"@context\":\"https:\/\/schema.org\",\"@graph\":[{\"@type\":\"WebPage\",\"@id\":\"https:\/\/krookmedia.fi\/index.php\/logot\/\",\"url\":\"https:\/\/krookmedia.fi\/index.php\/logot\/\",\"name\":\"Logot - Krookmedia - Aktivoi tarinasi\",\"isPartOf\":{\"@id\":\"https:\/\/krookmedia.fi\/#website\"},\"primaryImageOfPage\":{\"@id\":\"https:\/\/krookmedia.fi\/index.php\/logot\/#primaryimage\"},\"image\":{\"@id\":\"https:\/\/krookmedia.fi\/index.php\/logot\/#primaryimage\"},\"thumbnailUrl\":\"https:\/\/krookmedia.fi\/wp-content\/uploads\/2025\/05\/Fore_logo.jpg\",\"datePublished\":\"2025-05-07T06:34:31+00:00\",\"dateModified\":\"2025-05-21T08:21:59+00:00\",\"description\":\"T\u00e4\u00e4lt\u00e4 l\u00f6yd\u00e4t Krookmedian edustamien medioiden logot.\",\"breadcrumb\":{\"@id\":\"https:\/\/krookmedia.fi\/index.php\/logot\/#breadcrumb\"},\"inLanguage\":\"fi\",\"potentialAction\":[{\"@type\":\"ReadAction\",\"target\":[\"https:\/\/krookmedia.fi\/index.php\/logot\/\"]}]},{\"@type\":\"ImageObject\",\"inLanguage\":\"fi\",\"@id\":\"https:\/\/krookmedia.fi\/index.php\/logot\/#primaryimage\",\"url\":\"https:\/\/krookmedia.fi\/wp-content\/uploads\/2025\/05\/Fore_logo.jpg\",\"contentUrl\":\"https:\/\/krookmedia.fi\/wp-content\/uploads\/2025\/05\/Fore_logo.jpg\",\"width\":1240,\"height\":419},{\"@type\":\"BreadcrumbList\",\"@id\":\"https:\/\/krookmedia.fi\/index.php\/logot\/#breadcrumb\",\"itemListElement\":[{\"@type\":\"ListItem\",\"position\":1,\"name\":\"Etusivu\",\"item\":\"https:\/\/krookmedia.fi\/\"},{\"@type\":\"ListItem\",\"position\":2,\"name\":\"Logot\"}]},{\"@type\":\"WebSite\",\"@id\":\"https:\/\/krookmedia.fi\/#website\",\"url\":\"https:\/\/krookmedia.fi\/\",\"name\":\"Krookmedia - Aktivoi tarinasi\",\"description\":\"Kotimainen harrasteiden mediatalo\",\"publisher\":{\"@id\":\"https:\/\/krookmedia.fi\/#organization\"},\"alternateName\":\"Krook-Media\",\"potentialAction\":[{\"@type\":\"SearchAction\",\"target\":{\"@type\":\"EntryPoint\",\"urlTemplate\":\"https:\/\/krookmedia.fi\/?s={search_term_string}\"},\"query-input\":{\"@type\":\"PropertyValueSpecification\",\"valueRequired\":true,\"valueName\":\"search_term_string\"}}],\"inLanguage\":\"fi\"},{\"@type\":\"Organization\",\"@id\":\"https:\/\/krookmedia.fi\/#organization\",\"name\":\"Krook-Media Oy\",\"alternateName\":\"Krook Media\",\"url\":\"https:\/\/krookmedia.fi\/\",\"logo\":{\"@type\":\"ImageObject\",\"inLanguage\":\"fi\",\"@id\":\"https:\/\/krookmedia.fi\/#\/schema\/logo\/image\/\",\"url\":\"https:\/\/krookmedia.fi\/wp-content\/uploads\/2022\/09\/krookmedia-logo-txt.png\",\"contentUrl\":\"https:\/\/krookmedia.fi\/wp-content\/uploads\/2022\/09\/krookmedia-logo-txt.png\",\"width\":600,\"height\":155,\"caption\":\"Krook-Media Oy\"},\"image\":{\"@id\":\"https:\/\/krookmedia.fi\/#\/schema\/logo\/image\/\"}}]}<\/script>\n<!-- \/ Yoast SEO plugin. -->","yoast_head_json":{"title":"Logot - Krookmedia - Aktivoi tarinasi","description":"T\u00e4\u00e4lt\u00e4 l\u00f6yd\u00e4t Krookmedian edustamien medioiden logot.","robots":{"index":"index","follow":"follow","max-snippet":"max-snippet:-1","max-image-preview":"max-image-preview:large","max-video-preview":"max-video-preview:-1"},"canonical":"https:\/\/krookmedia.fi\/index.php\/logot\/","og_locale":"fi_FI","og_type":"article","og_title":"Logot - Krookmedia - Aktivoi tarinasi","og_description":"T\u00e4\u00e4lt\u00e4 l\u00f6yd\u00e4t Krookmedian edustamien medioiden logot.","og_url":"https:\/\/krookmedia.fi\/index.php\/logot\/","og_site_name":"Krookmedia - Aktivoi tarinasi","article_modified_time":"2025-05-21T08:21:59+00:00","og_image":[{"width":1240,"height":419,"url":"https:\/\/krookmedia.fi\/wp-content\/uploads\/2025\/05\/Fore_logo.jpg","type":"image\/jpeg"}],"twitter_card":"summary_large_image","twitter_misc":{"Arvioitu lukuaika":"1 minuutti"},"schema":{"@context":"https:\/\/schema.org","@graph":[{"@type":"WebPage","@id":"https:\/\/krookmedia.fi\/index.php\/logot\/","url":"https:\/\/krookmedia.fi\/index.php\/logot\/","name":"Logot - Krookmedia - Aktivoi tarinasi","isPartOf":{"@id":"https:\/\/krookmedia.fi\/#website"},"primaryImageOfPage":{"@id":"https:\/\/krookmedia.fi\/index.php\/logot\/#primaryimage"},"image":{"@id":"https:\/\/krookmedia.fi\/index.php\/logot\/#primaryimage"},"thumbnailUrl":"https:\/\/krookmedia.fi\/wp-content\/uploads\/2025\/05\/Fore_logo.jpg","datePublished":"2025-05-07T06:34:31+00:00","dateModified":"2025-05-21T08:21:59+00:00","description":"T\u00e4\u00e4lt\u00e4 l\u00f6yd\u00e4t Krookmedian edustamien medioiden logot.","breadcrumb":{"@id":"https:\/\/krookmedia.fi\/index.php\/logot\/#breadcrumb"},"inLanguage":"fi","potentialAction":[{"@type":"ReadAction","target":["https:\/\/krookmedia.fi\/index.php\/logot\/"]}]},{"@type":"ImageObject","inLanguage":"fi","@id":"https:\/\/krookmedia.fi\/index.php\/logot\/#primaryimage","url":"https:\/\/krookmedia.fi\/wp-content\/uploads\/2025\/05\/Fore_logo.jpg","contentUrl":"https:\/\/krookmedia.fi\/wp-content\/uploads\/2025\/05\/Fore_logo.jpg","width":1240,"height":419},{"@type":"BreadcrumbList","@id":"https:\/\/krookmedia.fi\/index.php\/logot\/#breadcrumb","itemListElement":[{"@type":"ListItem","position":1,"name":"Etusivu","item":"https:\/\/krookmedia.fi\/"},{"@type":"ListItem","position":2,"name":"Logot"}]},{"@type":"WebSite","@id":"https:\/\/krookmedia.fi\/#website","url":"https:\/\/krookmedia.fi\/","name":"Krookmedia - Aktivoi tarinasi","description":"Kotimainen harrasteiden mediatalo","publisher":{"@id":"https:\/\/krookmedia.fi\/#organization"},"alternateName":"Krook-Media","potentialAction":[{"@type":"SearchAction","target":{"@type":"EntryPoint","urlTemplate":"https:\/\/krookmedia.fi\/?s={search_term_string}"},"query-input":{"@type":"PropertyValueSpecification","valueRequired":true,"valueName":"search_term_string"}}],"inLanguage":"fi"},{"@type":"Organization","@id":"https:\/\/krookmedia.fi\/#organization","name":"Krook-Media Oy","alternateName":"Krook Media","url":"https:\/\/krookmedia.fi\/","logo":{"@type":"ImageObject","inLanguage":"fi","@id":"https:\/\/krookmedia.fi\/#\/schema\/logo\/image\/","url":"https:\/\/krookmedia.fi\/wp-content\/uploads\/2022\/09\/krookmedia-logo-txt.png","contentUrl":"https:\/\/krookmedia.fi\/wp-content\/uploads\/2022\/09\/krookmedia-logo-txt.png","width":600,"height":155,"caption":"Krook-Media Oy"},"image":{"@id":"https:\/\/krookmedia.fi\/#\/schema\/logo\/image\/"}}]}},"_links":{"self":[{"href":"https:\/\/krookmedia.fi\/index.php\/wp-json\/wp\/v2\/pages\/577","targetHints":{"allow":["GET"]}}],"collection":[{"href":"https:\/\/krookmedia.fi\/index.php\/wp-json\/wp\/v2\/pages"}],"about":[{"href":"https:\/\/krookmedia.fi\/index.php\/wp-json\/wp\/v2\/types\/page"}],"author":[{"embeddable":true,"href":"https:\/\/krookmedia.fi\/index.php\/wp-json\/wp\/v2\/users\/1"}],"replies":[{"embeddable":true,"href":"https:\/\/krookmedia.fi\/index.php\/wp-json\/wp\/v2\/comments?post=577"}],"version-history":[{"count":4,"href":"https:\/\/krookmedia.fi\/index.php\/wp-json\/wp\/v2\/pages\/577\/revisions"}],"predecessor-version":[{"id":589,"href":"https:\/\/krookmedia.fi\/index.php\/wp-json\/wp\/v2\/pages\/577\/revisions\/589"}],"wp:attachment":[{"href":"https:\/\/krookmedia.fi\/index.php\/wp-json\/wp\/v2\/media?parent=577"}],"curies":[{"name":"wp","href":"https:\/\/api.w.org\/{rel}","templated":true}]}}