{"id":83,"date":"2023-03-02T10:06:28","date_gmt":"2023-03-02T07:06:28","guid":{"rendered":"https:\/\/uusi.krookmedia.fi\/uusi_krookmedia_fi\/?page_id=83"},"modified":"2025-01-09T19:32:48","modified_gmt":"2025-01-09T16:32:48","slug":"laskettelu","status":"publish","type":"page","link":"https:\/\/krookmedia.fi\/index.php\/laskettelu\/","title":{"rendered":"Edge Ski \u2013 Alppihiihdon erikoismedia"},"content":{"rendered":"\n<p>EDGE on Ski Sport Finlandin virallinen lehti, Se on nelj\u00e4 kertaa vuodessa ilmestyv\u00e4 alppi- ja freestylehiihtoon sek\u00e4 muuhun lasketteluun ett\u00e4 ulkoilmael\u00e4m\u00e4\u00e4n keskittynyt korkeatasoinen julkaisu.&nbsp;<\/p>\n\n\n\n<p>Liiton j\u00e4senlehten\u00e4 EDGE tarjoaa n\u00e4k\u00f6alapaikan alppilajien sis\u00e4piiriin ainoana Suomessa. Lehti valoittaa kisalaskijoidemme fiiliksi\u00e4 ja tuntemuksia kauden aikana, kertoo lajien ajankohtaiset kuulumiset niin juniori- kuin&nbsp; ammattilaistasolla sek\u00e4 taustoittaa asiantuntevasti&nbsp; alppi- ja freestylehiihdon tapahtumat.<\/p>\n\n\n\n<p>EDGE on my\u00f6s aktiivisen ulkonaliikkujan ja vapaa-ajan laskettelijan lehti. Kohde- ja v\u00e4line-esittelyt sek\u00e4 ulkoilmael\u00e4m\u00e4st\u00e4 nauttiminen ovat osa lehden rikasta ja hyvi\u00e4 fiiliksi\u00e4 luovaa sis\u00e4lt\u00f6\u00e4.<\/p>\n\n\n\n<p>EDGEn painos on 15 000 kpl ja lehti l\u00e4hetet\u00e4\u00e4n kotiin maamme jokaiselle hiihtoseuran j\u00e4senelle, Ski Sport Finlandin sek\u00e4 SHKY ry:n yhteisty\u00f6kumppanille, kaikkiin hiihtokeskuksiin sek\u00e4 lisenssilaskijoille.&nbsp;<\/p>\n\n\n\n<p>Lehti on myynniss\u00e4 Lehtipisteiss\u00e4 ja erikoisliikkeiss\u00e4 kautta maan. T\u00e4m\u00e4n lis\u00e4ksi EDGEn digitaalinen n\u00e4k\u00f6islehti l\u00f6ytyy <a href=\"https:\/\/www.lehtiluukku.fi\/lehdet\/edge\/\" target=\"_blank\" rel=\"noreferrer noopener\">Lehtiluukku.fi<\/a> palvelusta n. viikko ilmestymisen j\u00e4lkeen.\u00a0<\/p>\n\n\n\n<p>EDGE tavoittaa aktiiviset ja ostovoimaiset 20-55-vuotiaat edell\u00e4k\u00e4vij\u00e4t, jotka k\u00e4ytt\u00e4v\u00e4t aikaa ja rahaa harrastustensa parissa ja luovat ymp\u00e4rilleen positiivista ilmapiiri\u00e4. Laskettelu koetaan mukavana ja haluttavana koko perheen harrastuksena, joka sopii kaikille ja sen avulla p\u00e4\u00e4see helposti irti arjesta.&nbsp;<\/p>\n\n\n\n<h2 class=\"wp-block-heading\"><strong>Innostumme br\u00e4ndien tarinoista<\/strong><\/h2>\n\n\n\n<p>Tunnetut br\u00e4ndit eiv\u00e4t ole tunnettuja sattumalta. Niiden taustalla on aina vahva tarina tai ajatus. Me autamme br\u00e4ndej\u00e4 kertomaan tarinoistaan uskottavan kanavan kautta.&nbsp;<\/p>\n\n\n\n<h2 class=\"wp-block-heading\"><strong>Oikea viesti oikealle kohderyhm\u00e4lle<\/strong><\/h2>\n\n\n\n<p>Keski\u00f6ss\u00e4mme on kohderyhm\u00e4l\u00e4ht\u00f6inen viestint\u00e4. Ydinkohderyhm\u00e4mme muodostavat suomalaiset aktiivilaskettelijat ja heid\u00e4n perheens\u00e4.<\/p>\n\n\n\n<h2 class=\"wp-block-heading\"><strong>Rakkaudesta lajiin<\/strong><\/h2>\n\n\n\n<p>Laskettelu niin kilparinteill\u00e4 kuin vuorten koskemattomilla puuterikentill\u00e4 on meille suurinta intohimoa. Me tied\u00e4mme mit\u00e4 laskettelijan mieless\u00e4 liikkuu ja mit\u00e4 asioita he arvostavat.<\/p>\n\n\n\n<p>KATSO MEDIATIEDOT <a href=\"https:\/\/krookmedia.fi\/index.php\/mediatiedot\/\">T\u00c4\u00c4LT\u00c4<\/a><\/p>\n\n\n\n<figure class=\"wp-block-image size-full\"><img loading=\"lazy\" decoding=\"async\" width=\"1500\" height=\"1000\" src=\"https:\/\/uusi.krookmedia.fi\/uusi_krookmedia_fi\/wp-content\/uploads\/2023\/04\/Edgemagazine_freeski-1.jpg\" alt=\"\" class=\"wp-image-251\" srcset=\"https:\/\/krookmedia.fi\/wp-content\/uploads\/2023\/04\/Edgemagazine_freeski-1.jpg 1500w, https:\/\/krookmedia.fi\/wp-content\/uploads\/2023\/04\/Edgemagazine_freeski-1-600x400.jpg 600w, https:\/\/krookmedia.fi\/wp-content\/uploads\/2023\/04\/Edgemagazine_freeski-1-150x100.jpg 150w, https:\/\/krookmedia.fi\/wp-content\/uploads\/2023\/04\/Edgemagazine_freeski-1-768x512.jpg 768w\" sizes=\"auto, (max-width: 1500px) 100vw, 1500px\" \/><\/figure>\n\n\n\n<p><strong>Edge on my\u00f6s muuta kun laskettelua<\/strong><\/p>\n\n\n\n<p>EDGEn lukija harrastaa usein my\u00f6s golfia, kalastusta, veneily\u00e4, maastopy\u00f6r\u00e4ily\u00e4 tai vaikkapa triathlonia. Siksi osa sis\u00e4ll\u00f6st\u00e4mme on my\u00f6s muuta kuin laskettelua, sill\u00e4 intohimoa vaativat lajit rikastuttavat toisiaan.<\/p>\n\n\n\n<h3 class=\"wp-block-heading\">Laskettelu Suomessa<\/h3>\n\n\n\n<p>Ski Sport Finlandin vuonna 2021 teett\u00e4m\u00e4n hiihtokeskustutkimuksen mukaan laskettelua harrastaa Suomessa noin 976 000 henkil\u00f6\u00e4. N\u00e4ist\u00e4 yli 50% laskee aktiivisesti ja on valmis satsaamaan laatuun ja vapaa-aikaan.&nbsp;<\/p>\n\n\n\n<p>Lasketteluun ja laskettelumatkailuun k\u00e4ytettiin kaudella 2021-22 noin 410 miljoonaa euroa ja v\u00e4lineisiin sek\u00e4 asusteisiin noin 200 miljoonaa euroa. Kotimaan kauden keskim\u00e4\u00e4r\u00e4inen laskettelukertym\u00e4 on noin 610 miljoonaa euroa.&nbsp;<\/p>\n\n\n\n<p>Verrattaessa edelliseen kauteen (2020\u20132021) viime kaudella nousi laskettelup\u00e4iv\u00e4t +7,67 %, hissilippumyynti +12,4 % ja hissinousut +8,9 %. Hissinousuja tehtiin l\u00e4hes 45 miljoonaa lauden aikana. (L\u00e4hde: <a href=\"https:\/\/ski.fi\/\" target=\"_blank\" rel=\"noreferrer noopener\">Ski.fi<\/a>)<\/p>\n\n\n\n<p><\/p>\n\n\n\n<figure class=\"wp-block-image aligncenter size-full\"><img loading=\"lazy\" decoding=\"async\" width=\"595\" height=\"793\" src=\"https:\/\/uusi.krookmedia.fi\/uusi_krookmedia_fi\/wp-content\/uploads\/2023\/03\/Edge_4_21_kansi.png\" alt=\"Edge kansi \" class=\"wp-image-85\" srcset=\"https:\/\/krookmedia.fi\/wp-content\/uploads\/2023\/03\/Edge_4_21_kansi.png 595w, https:\/\/krookmedia.fi\/wp-content\/uploads\/2023\/03\/Edge_4_21_kansi-150x200.png 150w\" sizes=\"auto, (max-width: 595px) 100vw, 595px\" \/><\/figure>\n","protected":false},"excerpt":{"rendered":"<p>EDGE on Ski Sport Finlandin virallinen lehti, Se on nelj\u00e4 kertaa vuodessa ilmestyv\u00e4 alppi- ja freestylehiihtoon sek\u00e4 muuhun lasketteluun ett\u00e4 ulkoilmael\u00e4m\u00e4\u00e4n keskittynyt korkeatasoinen julkaisu.&nbsp; Liiton j\u00e4senlehten\u00e4 EDGE tarjoaa n\u00e4k\u00f6alapaikan alppilajien sis\u00e4piiriin ainoana Suomessa. Lehti valoittaa kisalaskijoidemme fiiliksi\u00e4 ja tuntemuksia kauden aikana, kertoo lajien ajankohtaiset kuulumiset niin juniori- kuin&nbsp; ammattilaistasolla sek\u00e4 taustoittaa asiantuntevasti&nbsp; alppi- ja freestylehiihdon [&hellip;]<\/p>\n","protected":false},"author":1,"featured_media":57,"parent":0,"menu_order":0,"comment_status":"closed","ping_status":"closed","template":"","meta":{"footnotes":""},"class_list":["post-83","page","type-page","status-publish","has-post-thumbnail","hentry"],"blocksy_meta":[],"yoast_head":"<!-- This site is optimized with the Yoast SEO plugin v26.0 - https:\/\/yoast.com\/wordpress\/plugins\/seo\/ -->\n<title>Edge Ski \u2013 Alppihiihdon erikoismedia - Krookmedia - Aktivoi tarinasi<\/title>\n<meta name=\"description\" content=\"Laskettelu, alppihiihto, vapaalasku tai freestyle. Sill\u00e4 ei ole mit\u00e4\u00e4n v\u00e4li\u00e4 onko m\u00e4ki tai laskija isompi vai pienempi \u2013 p\u00e4\u00e4asia on, ett\u00e4 lajista nauttii.\" \/>\n<meta name=\"robots\" content=\"index, follow, max-snippet:-1, max-image-preview:large, max-video-preview:-1\" \/>\n<link rel=\"canonical\" href=\"https:\/\/krookmedia.fi\/index.php\/laskettelu\/\" \/>\n<meta property=\"og:locale\" content=\"fi_FI\" \/>\n<meta property=\"og:type\" content=\"article\" \/>\n<meta property=\"og:title\" content=\"Edge Ski \u2013 Alppihiihdon erikoismedia - Krookmedia - Aktivoi tarinasi\" \/>\n<meta property=\"og:description\" content=\"Laskettelu, alppihiihto, vapaalasku tai freestyle. Sill\u00e4 ei ole mit\u00e4\u00e4n v\u00e4li\u00e4 onko m\u00e4ki tai laskija isompi vai pienempi \u2013 p\u00e4\u00e4asia on, ett\u00e4 lajista nauttii.\" \/>\n<meta property=\"og:url\" content=\"https:\/\/krookmedia.fi\/index.php\/laskettelu\/\" \/>\n<meta property=\"og:site_name\" content=\"Krookmedia - Aktivoi tarinasi\" \/>\n<meta property=\"article:modified_time\" content=\"2025-01-09T16:32:48+00:00\" \/>\n<meta property=\"og:image\" content=\"https:\/\/krookmedia.fi\/wp-content\/uploads\/2022\/09\/krookmedia-slider1.jpeg\" \/>\n\t<meta property=\"og:image:width\" content=\"1183\" \/>\n\t<meta property=\"og:image:height\" content=\"634\" \/>\n\t<meta property=\"og:image:type\" content=\"image\/jpeg\" \/>\n<meta name=\"twitter:card\" content=\"summary_large_image\" \/>\n<meta name=\"twitter:label1\" content=\"Arvioitu lukuaika\" \/>\n\t<meta name=\"twitter:data1\" content=\"3 minuuttia\" \/>\n<script type=\"application\/ld+json\" class=\"yoast-schema-graph\">{\"@context\":\"https:\/\/schema.org\",\"@graph\":[{\"@type\":\"WebPage\",\"@id\":\"https:\/\/krookmedia.fi\/index.php\/laskettelu\/\",\"url\":\"https:\/\/krookmedia.fi\/index.php\/laskettelu\/\",\"name\":\"Edge Ski \u2013 Alppihiihdon erikoismedia - Krookmedia - Aktivoi tarinasi\",\"isPartOf\":{\"@id\":\"https:\/\/krookmedia.fi\/#website\"},\"primaryImageOfPage\":{\"@id\":\"https:\/\/krookmedia.fi\/index.php\/laskettelu\/#primaryimage\"},\"image\":{\"@id\":\"https:\/\/krookmedia.fi\/index.php\/laskettelu\/#primaryimage\"},\"thumbnailUrl\":\"https:\/\/krookmedia.fi\/wp-content\/uploads\/2022\/09\/krookmedia-slider1.jpeg\",\"datePublished\":\"2023-03-02T07:06:28+00:00\",\"dateModified\":\"2025-01-09T16:32:48+00:00\",\"description\":\"Laskettelu, alppihiihto, vapaalasku tai freestyle. Sill\u00e4 ei ole mit\u00e4\u00e4n v\u00e4li\u00e4 onko m\u00e4ki tai laskija isompi vai pienempi \u2013 p\u00e4\u00e4asia on, ett\u00e4 lajista nauttii.\",\"breadcrumb\":{\"@id\":\"https:\/\/krookmedia.fi\/index.php\/laskettelu\/#breadcrumb\"},\"inLanguage\":\"fi\",\"potentialAction\":[{\"@type\":\"ReadAction\",\"target\":[\"https:\/\/krookmedia.fi\/index.php\/laskettelu\/\"]}]},{\"@type\":\"ImageObject\",\"inLanguage\":\"fi\",\"@id\":\"https:\/\/krookmedia.fi\/index.php\/laskettelu\/#primaryimage\",\"url\":\"https:\/\/krookmedia.fi\/wp-content\/uploads\/2022\/09\/krookmedia-slider1.jpeg\",\"contentUrl\":\"https:\/\/krookmedia.fi\/wp-content\/uploads\/2022\/09\/krookmedia-slider1.jpeg\",\"width\":1183,\"height\":634,\"caption\":\"krookmedia-slider1\"},{\"@type\":\"BreadcrumbList\",\"@id\":\"https:\/\/krookmedia.fi\/index.php\/laskettelu\/#breadcrumb\",\"itemListElement\":[{\"@type\":\"ListItem\",\"position\":1,\"name\":\"Etusivu\",\"item\":\"https:\/\/krookmedia.fi\/\"},{\"@type\":\"ListItem\",\"position\":2,\"name\":\"Edge Ski \u2013 Alppihiihdon erikoismedia\"}]},{\"@type\":\"WebSite\",\"@id\":\"https:\/\/krookmedia.fi\/#website\",\"url\":\"https:\/\/krookmedia.fi\/\",\"name\":\"Krookmedia - Aktivoi tarinasi\",\"description\":\"Kotimainen harrasteiden mediatalo\",\"publisher\":{\"@id\":\"https:\/\/krookmedia.fi\/#organization\"},\"alternateName\":\"Krook-Media\",\"potentialAction\":[{\"@type\":\"SearchAction\",\"target\":{\"@type\":\"EntryPoint\",\"urlTemplate\":\"https:\/\/krookmedia.fi\/?s={search_term_string}\"},\"query-input\":{\"@type\":\"PropertyValueSpecification\",\"valueRequired\":true,\"valueName\":\"search_term_string\"}}],\"inLanguage\":\"fi\"},{\"@type\":\"Organization\",\"@id\":\"https:\/\/krookmedia.fi\/#organization\",\"name\":\"Krook-Media Oy\",\"alternateName\":\"Krook Media\",\"url\":\"https:\/\/krookmedia.fi\/\",\"logo\":{\"@type\":\"ImageObject\",\"inLanguage\":\"fi\",\"@id\":\"https:\/\/krookmedia.fi\/#\/schema\/logo\/image\/\",\"url\":\"https:\/\/krookmedia.fi\/wp-content\/uploads\/2022\/09\/krookmedia-logo-txt.png\",\"contentUrl\":\"https:\/\/krookmedia.fi\/wp-content\/uploads\/2022\/09\/krookmedia-logo-txt.png\",\"width\":600,\"height\":155,\"caption\":\"Krook-Media Oy\"},\"image\":{\"@id\":\"https:\/\/krookmedia.fi\/#\/schema\/logo\/image\/\"}}]}<\/script>\n<!-- \/ Yoast SEO plugin. -->","yoast_head_json":{"title":"Edge Ski \u2013 Alppihiihdon erikoismedia - Krookmedia - Aktivoi tarinasi","description":"Laskettelu, alppihiihto, vapaalasku tai freestyle. Sill\u00e4 ei ole mit\u00e4\u00e4n v\u00e4li\u00e4 onko m\u00e4ki tai laskija isompi vai pienempi \u2013 p\u00e4\u00e4asia on, ett\u00e4 lajista nauttii.","robots":{"index":"index","follow":"follow","max-snippet":"max-snippet:-1","max-image-preview":"max-image-preview:large","max-video-preview":"max-video-preview:-1"},"canonical":"https:\/\/krookmedia.fi\/index.php\/laskettelu\/","og_locale":"fi_FI","og_type":"article","og_title":"Edge Ski \u2013 Alppihiihdon erikoismedia - Krookmedia - Aktivoi tarinasi","og_description":"Laskettelu, alppihiihto, vapaalasku tai freestyle. Sill\u00e4 ei ole mit\u00e4\u00e4n v\u00e4li\u00e4 onko m\u00e4ki tai laskija isompi vai pienempi \u2013 p\u00e4\u00e4asia on, ett\u00e4 lajista nauttii.","og_url":"https:\/\/krookmedia.fi\/index.php\/laskettelu\/","og_site_name":"Krookmedia - Aktivoi tarinasi","article_modified_time":"2025-01-09T16:32:48+00:00","og_image":[{"width":1183,"height":634,"url":"https:\/\/krookmedia.fi\/wp-content\/uploads\/2022\/09\/krookmedia-slider1.jpeg","type":"image\/jpeg"}],"twitter_card":"summary_large_image","twitter_misc":{"Arvioitu lukuaika":"3 minuuttia"},"schema":{"@context":"https:\/\/schema.org","@graph":[{"@type":"WebPage","@id":"https:\/\/krookmedia.fi\/index.php\/laskettelu\/","url":"https:\/\/krookmedia.fi\/index.php\/laskettelu\/","name":"Edge Ski \u2013 Alppihiihdon erikoismedia - Krookmedia - Aktivoi tarinasi","isPartOf":{"@id":"https:\/\/krookmedia.fi\/#website"},"primaryImageOfPage":{"@id":"https:\/\/krookmedia.fi\/index.php\/laskettelu\/#primaryimage"},"image":{"@id":"https:\/\/krookmedia.fi\/index.php\/laskettelu\/#primaryimage"},"thumbnailUrl":"https:\/\/krookmedia.fi\/wp-content\/uploads\/2022\/09\/krookmedia-slider1.jpeg","datePublished":"2023-03-02T07:06:28+00:00","dateModified":"2025-01-09T16:32:48+00:00","description":"Laskettelu, alppihiihto, vapaalasku tai freestyle. Sill\u00e4 ei ole mit\u00e4\u00e4n v\u00e4li\u00e4 onko m\u00e4ki tai laskija isompi vai pienempi \u2013 p\u00e4\u00e4asia on, ett\u00e4 lajista nauttii.","breadcrumb":{"@id":"https:\/\/krookmedia.fi\/index.php\/laskettelu\/#breadcrumb"},"inLanguage":"fi","potentialAction":[{"@type":"ReadAction","target":["https:\/\/krookmedia.fi\/index.php\/laskettelu\/"]}]},{"@type":"ImageObject","inLanguage":"fi","@id":"https:\/\/krookmedia.fi\/index.php\/laskettelu\/#primaryimage","url":"https:\/\/krookmedia.fi\/wp-content\/uploads\/2022\/09\/krookmedia-slider1.jpeg","contentUrl":"https:\/\/krookmedia.fi\/wp-content\/uploads\/2022\/09\/krookmedia-slider1.jpeg","width":1183,"height":634,"caption":"krookmedia-slider1"},{"@type":"BreadcrumbList","@id":"https:\/\/krookmedia.fi\/index.php\/laskettelu\/#breadcrumb","itemListElement":[{"@type":"ListItem","position":1,"name":"Etusivu","item":"https:\/\/krookmedia.fi\/"},{"@type":"ListItem","position":2,"name":"Edge Ski \u2013 Alppihiihdon erikoismedia"}]},{"@type":"WebSite","@id":"https:\/\/krookmedia.fi\/#website","url":"https:\/\/krookmedia.fi\/","name":"Krookmedia - Aktivoi tarinasi","description":"Kotimainen harrasteiden mediatalo","publisher":{"@id":"https:\/\/krookmedia.fi\/#organization"},"alternateName":"Krook-Media","potentialAction":[{"@type":"SearchAction","target":{"@type":"EntryPoint","urlTemplate":"https:\/\/krookmedia.fi\/?s={search_term_string}"},"query-input":{"@type":"PropertyValueSpecification","valueRequired":true,"valueName":"search_term_string"}}],"inLanguage":"fi"},{"@type":"Organization","@id":"https:\/\/krookmedia.fi\/#organization","name":"Krook-Media Oy","alternateName":"Krook Media","url":"https:\/\/krookmedia.fi\/","logo":{"@type":"ImageObject","inLanguage":"fi","@id":"https:\/\/krookmedia.fi\/#\/schema\/logo\/image\/","url":"https:\/\/krookmedia.fi\/wp-content\/uploads\/2022\/09\/krookmedia-logo-txt.png","contentUrl":"https:\/\/krookmedia.fi\/wp-content\/uploads\/2022\/09\/krookmedia-logo-txt.png","width":600,"height":155,"caption":"Krook-Media Oy"},"image":{"@id":"https:\/\/krookmedia.fi\/#\/schema\/logo\/image\/"}}]}},"_links":{"self":[{"href":"https:\/\/krookmedia.fi\/index.php\/wp-json\/wp\/v2\/pages\/83","targetHints":{"allow":["GET"]}}],"collection":[{"href":"https:\/\/krookmedia.fi\/index.php\/wp-json\/wp\/v2\/pages"}],"about":[{"href":"https:\/\/krookmedia.fi\/index.php\/wp-json\/wp\/v2\/types\/page"}],"author":[{"embeddable":true,"href":"https:\/\/krookmedia.fi\/index.php\/wp-json\/wp\/v2\/users\/1"}],"replies":[{"embeddable":true,"href":"https:\/\/krookmedia.fi\/index.php\/wp-json\/wp\/v2\/comments?post=83"}],"version-history":[{"count":13,"href":"https:\/\/krookmedia.fi\/index.php\/wp-json\/wp\/v2\/pages\/83\/revisions"}],"predecessor-version":[{"id":528,"href":"https:\/\/krookmedia.fi\/index.php\/wp-json\/wp\/v2\/pages\/83\/revisions\/528"}],"wp:featuredmedia":[{"embeddable":true,"href":"https:\/\/krookmedia.fi\/index.php\/wp-json\/wp\/v2\/media\/57"}],"wp:attachment":[{"href":"https:\/\/krookmedia.fi\/index.php\/wp-json\/wp\/v2\/media?parent=83"}],"curies":[{"name":"wp","href":"https:\/\/api.w.org\/{rel}","templated":true}]}}