{"id":89,"date":"2023-03-02T10:56:42","date_gmt":"2023-03-02T07:56:42","guid":{"rendered":"https:\/\/uusi.krookmedia.fi\/uusi_krookmedia_fi\/?page_id=89"},"modified":"2025-10-24T09:16:05","modified_gmt":"2025-10-24T06:16:05","slug":"golf","status":"publish","type":"page","link":"https:\/\/krookmedia.fi\/index.php\/golf\/","title":{"rendered":"FORE! \u2013\u00a0Golflehti"},"content":{"rendered":"\n<p><strong>FORE!n kautta tavoittaa yli 100 000 golfaria<\/strong><br>Suomessa on l\u00e4hes 155 000 rekister\u00f6itynytt\u00e4 golfin harrastajaa. Mediatutkimuksen mukaan FORE! saavuttaa heist\u00e4 80%.&nbsp;Naisia golfaajista Suomessa on noin 30%. FORE! on alansa edell\u00e4k\u00e4vij\u00e4, joka pyrkii pois liian vakavasta ja kaavoihin kangistuneesta suhtautumisesta lajiin. Golfia pelataan siksi, koska se on sosiaalinen ja loistava ulkoilmalaji, sek\u00e4&nbsp; tietenkin siksi, ett\u00e4 se on eritt\u00e4in viihdytt\u00e4v\u00e4\u00e4 \u2013 ja sit\u00e4 on my\u00f6s FORE! &nbsp;<\/p>\n\n\n\n<p><strong>FORE! on monikanavainen golfmedia<\/strong><br>Laadukas FORE! tarjoaa asiakkaille kokonaisvaltaisia mediaratkaisuja. Fyysisen painoksen (20.000kpl) lis\u00e4ksi FORE!n n\u00e4k\u00f6islehte\u00e4 ja nettisivuja luetaan aktiivisesti. Sosiaalisessa mediassa FORE! saavuttaa lajin harrastajia Facebookin, TikTokin ja Instragramin kautta.<\/p>\n\n\n\n<p><strong>FORE! j\u00e4rjest\u00e4\u00e4 el\u00e4myksellisi\u00e4 tapahtumia<\/strong><br>Lehden ja sosiaalisen median lis\u00e4ksi FORE! tarjoaa asiakkaille my\u00f6s tapahtumakokonaisuuden lehden oman golfkiertueen, <a href=\"https:\/\/foregolf.fi\/fore-fashion-tour\/\" target=\"_blank\" rel=\"noreferrer noopener\">FORE! Fashion Tourin<\/a>, kautta. Kiertue k\u00e4sitt\u00e4\u00e4 kes\u00e4n aikana nelj\u00e4 osakilpailua ja sit\u00e4 on kutsuttu Suomen&nbsp; hauskimmaksi golftapahtumaksi.<\/p>\n\n\n\n<p>Katso kuvakansioita kiertueelta <a href=\"https:\/\/www.facebook.com\/foremagazine\/photos_albums\" target=\"_blank\" rel=\"noreferrer noopener\">T\u00c4\u00c4LT\u00c4<\/a><\/p>\n\n\n\n<p>Lehden mediatiedot l\u00f6yd\u00e4t <a href=\"https:\/\/foregolf.fi\/mediatiedot-mediakit\/\" target=\"_blank\" rel=\"noreferrer noopener\">T\u00c4\u00c4LT\u00c4<\/a><\/p>\n\n\n\n<p>Digitaalinen n\u00e4k\u00f6islehti <a href=\"https:\/\/www.lehtiluukku.fi\/lehdet\/fore\" target=\"_blank\" rel=\"noreferrer noopener\">T\u00c4\u00c4LL\u00c4<\/a><\/p>\n\n\n\n<figure class=\"wp-block-gallery has-nested-images columns-default is-cropped wp-block-gallery-1 is-layout-flex wp-block-gallery-is-layout-flex\">\n<figure class=\"wp-block-image size-large\"><img loading=\"lazy\" decoding=\"async\" width=\"1500\" height=\"1000\" data-id=\"463\" src=\"https:\/\/krookmedia.fi\/wp-content\/uploads\/2024\/09\/ForeFashion2018_cross_3setti-26-of-47-1500x1000.jpg\" alt=\"\" class=\"wp-image-463\" srcset=\"https:\/\/krookmedia.fi\/wp-content\/uploads\/2024\/09\/ForeFashion2018_cross_3setti-26-of-47-1500x1000.jpg 1500w, https:\/\/krookmedia.fi\/wp-content\/uploads\/2024\/09\/ForeFashion2018_cross_3setti-26-of-47-600x400.jpg 600w, https:\/\/krookmedia.fi\/wp-content\/uploads\/2024\/09\/ForeFashion2018_cross_3setti-26-of-47-150x100.jpg 150w, https:\/\/krookmedia.fi\/wp-content\/uploads\/2024\/09\/ForeFashion2018_cross_3setti-26-of-47-768x512.jpg 768w, https:\/\/krookmedia.fi\/wp-content\/uploads\/2024\/09\/ForeFashion2018_cross_3setti-26-of-47-1536x1024.jpg 1536w, https:\/\/krookmedia.fi\/wp-content\/uploads\/2024\/09\/ForeFashion2018_cross_3setti-26-of-47-2048x1365.jpg 2048w\" sizes=\"auto, (max-width: 1500px) 100vw, 1500px\" \/><\/figure>\n\n\n\n<figure class=\"wp-block-image size-large\"><img loading=\"lazy\" decoding=\"async\" width=\"1500\" height=\"1000\" data-id=\"462\" src=\"https:\/\/krookmedia.fi\/wp-content\/uploads\/2024\/09\/ForeFashion2018_cross_3setti-8-of-47-1500x1000.jpg\" alt=\"\" class=\"wp-image-462\" srcset=\"https:\/\/krookmedia.fi\/wp-content\/uploads\/2024\/09\/ForeFashion2018_cross_3setti-8-of-47-1500x1000.jpg 1500w, https:\/\/krookmedia.fi\/wp-content\/uploads\/2024\/09\/ForeFashion2018_cross_3setti-8-of-47-600x400.jpg 600w, https:\/\/krookmedia.fi\/wp-content\/uploads\/2024\/09\/ForeFashion2018_cross_3setti-8-of-47-150x100.jpg 150w, https:\/\/krookmedia.fi\/wp-content\/uploads\/2024\/09\/ForeFashion2018_cross_3setti-8-of-47-768x512.jpg 768w, https:\/\/krookmedia.fi\/wp-content\/uploads\/2024\/09\/ForeFashion2018_cross_3setti-8-of-47-1536x1024.jpg 1536w, https:\/\/krookmedia.fi\/wp-content\/uploads\/2024\/09\/ForeFashion2018_cross_3setti-8-of-47-2048x1365.jpg 2048w\" sizes=\"auto, (max-width: 1500px) 100vw, 1500px\" \/><\/figure>\n\n\n\n<figure class=\"wp-block-image size-large\"><img loading=\"lazy\" decoding=\"async\" width=\"1500\" height=\"1000\" data-id=\"461\" src=\"https:\/\/krookmedia.fi\/wp-content\/uploads\/2024\/09\/Fore_fashion_2024-87-1500x1000.jpg\" alt=\"\" class=\"wp-image-461\" srcset=\"https:\/\/krookmedia.fi\/wp-content\/uploads\/2024\/09\/Fore_fashion_2024-87-1500x1000.jpg 1500w, https:\/\/krookmedia.fi\/wp-content\/uploads\/2024\/09\/Fore_fashion_2024-87-600x400.jpg 600w, https:\/\/krookmedia.fi\/wp-content\/uploads\/2024\/09\/Fore_fashion_2024-87-150x100.jpg 150w, https:\/\/krookmedia.fi\/wp-content\/uploads\/2024\/09\/Fore_fashion_2024-87-768x512.jpg 768w, https:\/\/krookmedia.fi\/wp-content\/uploads\/2024\/09\/Fore_fashion_2024-87-1536x1024.jpg 1536w, https:\/\/krookmedia.fi\/wp-content\/uploads\/2024\/09\/Fore_fashion_2024-87-2048x1365.jpg 2048w\" sizes=\"auto, (max-width: 1500px) 100vw, 1500px\" \/><\/figure>\n\n\n\n<figure class=\"wp-block-image size-large\"><img loading=\"lazy\" decoding=\"async\" width=\"1500\" height=\"1000\" data-id=\"460\" src=\"https:\/\/krookmedia.fi\/wp-content\/uploads\/2024\/09\/Fore_fashion_2024-12-1500x1000.jpg\" alt=\"\" class=\"wp-image-460\" srcset=\"https:\/\/krookmedia.fi\/wp-content\/uploads\/2024\/09\/Fore_fashion_2024-12-1500x1000.jpg 1500w, https:\/\/krookmedia.fi\/wp-content\/uploads\/2024\/09\/Fore_fashion_2024-12-600x400.jpg 600w, https:\/\/krookmedia.fi\/wp-content\/uploads\/2024\/09\/Fore_fashion_2024-12-150x100.jpg 150w, https:\/\/krookmedia.fi\/wp-content\/uploads\/2024\/09\/Fore_fashion_2024-12-768x512.jpg 768w, https:\/\/krookmedia.fi\/wp-content\/uploads\/2024\/09\/Fore_fashion_2024-12-1536x1024.jpg 1536w, https:\/\/krookmedia.fi\/wp-content\/uploads\/2024\/09\/Fore_fashion_2024-12-2048x1365.jpg 2048w\" sizes=\"auto, (max-width: 1500px) 100vw, 1500px\" \/><\/figure>\n<\/figure>\n\n\n\n<p><strong>V\u00e4lineurheilua parhaimmillaan<br><\/strong>Teknisten uutuustuote-esittelyiden ohella FORE! esittelee koko golfia ja lifestyle\u00e4 laajalla skaalalla. FORE!n jokaisessa lehdess\u00e4 esitell\u00e4\u00e4n ajankohtaista golfmuotia, v\u00e4lineit\u00e4 sek\u00e4 muita lajiin liittyvi\u00e4 tuotteita.<\/p>\n\n\n\n<p><strong>Tuttuja kasvoja<br><\/strong>FORE! esittelee henkil\u00f6haastatteluissa lajin arvostettuja ammattilaisia sek\u00e4 maamme eturivin julkkiksia golfin parissa.<\/p>\n\n\n\n<p><strong>Matkailua<br><\/strong>Lajiin keskittyvien juttujen lis\u00e4ksi mukaan on mahdutettu my\u00f6s viihdytt\u00e4vi\u00e4 raportteja erilaisista tapahtumista, esittelyj\u00e4 niin kotimaan kuin ulkomaidenkin kentist\u00e4 sek\u00e4 tuoreimpia uutisia maailmalta.<\/p>\n\n\n\n<p><strong>Lukija uppoutuu<br><\/strong>FORE!ssa panostetaan hauskuuden ohella laatuun ja visuaalisuuteen. Osaava toimittajakunta tekee ennakkoluulottomille golfareille lehte\u00e4 heit\u00e4 kiinnostavista aiheista, heid\u00e4n omalla kielell\u00e4\u00e4n.<\/p>\n\n\n\n<h2 class=\"wp-block-heading\">Myynti<\/h2>\n\n\n\n<p><strong>Jerker Krook<\/strong><br>jerker.krook@krookmedia.fi<br>puh. +358 40 566 3035<\/p>\n\n\n\n<p><strong>Antero Hiito<br><\/strong>antero.hiito@krookmedia.fi<br>puh. +358 400 779 665<\/p>\n\n\n\n<p>MAINOSTAJA! Katso tekniset tiedot tarkemmin <a href=\"https:\/\/foregolf.fi\/mediatiedot-mediakit\/\" target=\"_blank\" rel=\"noreferrer noopener\">T\u00c4\u00c4LT\u00c4<\/a><\/p>\n\n\n\n<p>You can find MEDIAKIT <a href=\"https:\/\/foregolf.fi\/mediatiedot-mediakit\/\" target=\"_blank\" rel=\"noreferrer noopener\">HERE<\/a><\/p>\n\n\n\n<p><a href=\"http:\/\/foregolf.fi\/lehdet\" target=\"_blank\" rel=\"noreferrer noopener\">Julkaistut lehdet \u00bb<\/a><\/p>\n\n\n\n<p><a href=\"http:\/\/foregolf.fi\/\" target=\"_blank\" rel=\"noreferrer noopener\">Foregolf.fi \u00bb<\/a><\/p>\n\n\n\n<p><\/p>\n\n\n\n<figure class=\"wp-block-gallery has-nested-images columns-default is-cropped wp-block-gallery-2 is-layout-flex wp-block-gallery-is-layout-flex\">\n<figure class=\"wp-block-image size-large\"><img loading=\"lazy\" decoding=\"async\" width=\"1920\" height=\"2560\" data-id=\"456\" src=\"https:\/\/krookmedia.fi\/wp-content\/uploads\/2024\/09\/fore_1_2024_kansi-scaled.jpg\" alt=\"\" class=\"wp-image-456\"\/><\/figure>\n\n\n\n<figure class=\"wp-block-image size-large\"><img loading=\"lazy\" decoding=\"async\" width=\"1125\" height=\"1500\" data-id=\"458\" src=\"https:\/\/krookmedia.fi\/wp-content\/uploads\/2024\/09\/fore_2_2024_kansi-1125x1500.jpg\" alt=\"\" class=\"wp-image-458\" srcset=\"https:\/\/krookmedia.fi\/wp-content\/uploads\/2024\/09\/fore_2_2024_kansi-1125x1500.jpg 1125w, https:\/\/krookmedia.fi\/wp-content\/uploads\/2024\/09\/fore_2_2024_kansi-600x800.jpg 600w, https:\/\/krookmedia.fi\/wp-content\/uploads\/2024\/09\/fore_2_2024_kansi-150x200.jpg 150w, https:\/\/krookmedia.fi\/wp-content\/uploads\/2024\/09\/fore_2_2024_kansi-768x1024.jpg 768w, https:\/\/krookmedia.fi\/wp-content\/uploads\/2024\/09\/fore_2_2024_kansi-1152x1536.jpg 1152w, https:\/\/krookmedia.fi\/wp-content\/uploads\/2024\/09\/fore_2_2024_kansi-1536x2048.jpg 1536w, https:\/\/krookmedia.fi\/wp-content\/uploads\/2024\/09\/fore_2_2024_kansi-scaled.jpg 1920w\" sizes=\"auto, (max-width: 1125px) 100vw, 1125px\" \/><\/figure>\n\n\n\n<figure class=\"wp-block-image size-large\"><img loading=\"lazy\" decoding=\"async\" width=\"1125\" height=\"1500\" data-id=\"457\" src=\"https:\/\/krookmedia.fi\/wp-content\/uploads\/2024\/09\/fore_3_2024_kansi-1125x1500.jpg\" alt=\"\" class=\"wp-image-457\" srcset=\"https:\/\/krookmedia.fi\/wp-content\/uploads\/2024\/09\/fore_3_2024_kansi-1125x1500.jpg 1125w, https:\/\/krookmedia.fi\/wp-content\/uploads\/2024\/09\/fore_3_2024_kansi-600x800.jpg 600w, https:\/\/krookmedia.fi\/wp-content\/uploads\/2024\/09\/fore_3_2024_kansi-150x200.jpg 150w, https:\/\/krookmedia.fi\/wp-content\/uploads\/2024\/09\/fore_3_2024_kansi-scaled.jpg 1920w\" sizes=\"auto, (max-width: 1125px) 100vw, 1125px\" \/><\/figure>\n<\/figure>\n\n\n\n<p><\/p>\n","protected":false},"excerpt":{"rendered":"<p>FORE!n kautta tavoittaa yli 100 000 golfariaSuomessa on l\u00e4hes 155 000 rekister\u00f6itynytt\u00e4 golfin harrastajaa. Mediatutkimuksen mukaan FORE! saavuttaa heist\u00e4 80%.&nbsp;Naisia golfaajista Suomessa on noin 30%. FORE! on alansa edell\u00e4k\u00e4vij\u00e4, joka pyrkii pois liian vakavasta ja kaavoihin kangistuneesta suhtautumisesta lajiin. Golfia pelataan siksi, koska se on sosiaalinen ja loistava ulkoilmalaji, sek\u00e4&nbsp; tietenkin siksi, ett\u00e4 se on [&hellip;]<\/p>\n","protected":false},"author":1,"featured_media":175,"parent":0,"menu_order":0,"comment_status":"closed","ping_status":"closed","template":"","meta":{"footnotes":""},"class_list":["post-89","page","type-page","status-publish","has-post-thumbnail","hentry"],"blocksy_meta":{"disable_featured_image":"no","page_structure_type":"default"},"yoast_head":"<!-- This site is optimized with the Yoast SEO plugin v26.0 - https:\/\/yoast.com\/wordpress\/plugins\/seo\/ -->\n<title>FORE! \u2013\u00a0Golflehti - Krookmedia - Aktivoi tarinasi<\/title>\n<meta name=\"description\" content=\"Golfia pelataan siksi, koska se on sosiaalinen ja loistava ulkoilmalaji, sek\u00e4\u00a0 tietenkin siksi, ett\u00e4 se on eritt\u00e4in viihdytt\u00e4v\u00e4\u00e4 \u2013 ja sit\u00e4 on my\u00f6s FORE! \u00a0\" \/>\n<meta name=\"robots\" content=\"index, follow, max-snippet:-1, max-image-preview:large, max-video-preview:-1\" \/>\n<link rel=\"canonical\" href=\"https:\/\/krookmedia.fi\/index.php\/golf\/\" \/>\n<meta property=\"og:locale\" content=\"fi_FI\" \/>\n<meta property=\"og:type\" content=\"article\" \/>\n<meta property=\"og:title\" content=\"FORE! \u2013\u00a0Golflehti - Krookmedia - Aktivoi tarinasi\" \/>\n<meta property=\"og:description\" content=\"Golfia pelataan siksi, koska se on sosiaalinen ja loistava ulkoilmalaji, sek\u00e4\u00a0 tietenkin siksi, ett\u00e4 se on eritt\u00e4in viihdytt\u00e4v\u00e4\u00e4 \u2013 ja sit\u00e4 on my\u00f6s FORE! \u00a0\" \/>\n<meta property=\"og:url\" content=\"https:\/\/krookmedia.fi\/index.php\/golf\/\" \/>\n<meta property=\"og:site_name\" content=\"Krookmedia - Aktivoi tarinasi\" \/>\n<meta property=\"article:modified_time\" content=\"2025-10-24T06:16:05+00:00\" \/>\n<meta property=\"og:image\" content=\"https:\/\/krookmedia.fi\/wp-content\/uploads\/2023\/03\/golf_feature.jpg\" \/>\n\t<meta property=\"og:image:width\" content=\"1500\" \/>\n\t<meta property=\"og:image:height\" content=\"807\" \/>\n\t<meta property=\"og:image:type\" content=\"image\/jpeg\" \/>\n<meta name=\"twitter:card\" content=\"summary_large_image\" \/>\n<meta name=\"twitter:label1\" content=\"Arvioitu lukuaika\" \/>\n\t<meta name=\"twitter:data1\" content=\"3 minuuttia\" \/>\n<script type=\"application\/ld+json\" class=\"yoast-schema-graph\">{\"@context\":\"https:\/\/schema.org\",\"@graph\":[{\"@type\":\"WebPage\",\"@id\":\"https:\/\/krookmedia.fi\/index.php\/golf\/\",\"url\":\"https:\/\/krookmedia.fi\/index.php\/golf\/\",\"name\":\"FORE! \u2013\u00a0Golflehti - Krookmedia - Aktivoi tarinasi\",\"isPartOf\":{\"@id\":\"https:\/\/krookmedia.fi\/#website\"},\"primaryImageOfPage\":{\"@id\":\"https:\/\/krookmedia.fi\/index.php\/golf\/#primaryimage\"},\"image\":{\"@id\":\"https:\/\/krookmedia.fi\/index.php\/golf\/#primaryimage\"},\"thumbnailUrl\":\"https:\/\/krookmedia.fi\/wp-content\/uploads\/2023\/03\/golf_feature.jpg\",\"datePublished\":\"2023-03-02T07:56:42+00:00\",\"dateModified\":\"2025-10-24T06:16:05+00:00\",\"description\":\"Golfia pelataan siksi, koska se on sosiaalinen ja loistava ulkoilmalaji, sek\u00e4\u00a0 tietenkin siksi, ett\u00e4 se on eritt\u00e4in viihdytt\u00e4v\u00e4\u00e4 \u2013 ja sit\u00e4 on my\u00f6s FORE! \u00a0\",\"breadcrumb\":{\"@id\":\"https:\/\/krookmedia.fi\/index.php\/golf\/#breadcrumb\"},\"inLanguage\":\"fi\",\"potentialAction\":[{\"@type\":\"ReadAction\",\"target\":[\"https:\/\/krookmedia.fi\/index.php\/golf\/\"]}]},{\"@type\":\"ImageObject\",\"inLanguage\":\"fi\",\"@id\":\"https:\/\/krookmedia.fi\/index.php\/golf\/#primaryimage\",\"url\":\"https:\/\/krookmedia.fi\/wp-content\/uploads\/2023\/03\/golf_feature.jpg\",\"contentUrl\":\"https:\/\/krookmedia.fi\/wp-content\/uploads\/2023\/03\/golf_feature.jpg\",\"width\":1500,\"height\":807},{\"@type\":\"BreadcrumbList\",\"@id\":\"https:\/\/krookmedia.fi\/index.php\/golf\/#breadcrumb\",\"itemListElement\":[{\"@type\":\"ListItem\",\"position\":1,\"name\":\"Etusivu\",\"item\":\"https:\/\/krookmedia.fi\/\"},{\"@type\":\"ListItem\",\"position\":2,\"name\":\"FORE! \u2013\u00a0Golflehti\"}]},{\"@type\":\"WebSite\",\"@id\":\"https:\/\/krookmedia.fi\/#website\",\"url\":\"https:\/\/krookmedia.fi\/\",\"name\":\"Krookmedia - Aktivoi tarinasi\",\"description\":\"Kotimainen harrasteiden mediatalo\",\"publisher\":{\"@id\":\"https:\/\/krookmedia.fi\/#organization\"},\"alternateName\":\"Krook-Media\",\"potentialAction\":[{\"@type\":\"SearchAction\",\"target\":{\"@type\":\"EntryPoint\",\"urlTemplate\":\"https:\/\/krookmedia.fi\/?s={search_term_string}\"},\"query-input\":{\"@type\":\"PropertyValueSpecification\",\"valueRequired\":true,\"valueName\":\"search_term_string\"}}],\"inLanguage\":\"fi\"},{\"@type\":\"Organization\",\"@id\":\"https:\/\/krookmedia.fi\/#organization\",\"name\":\"Krook-Media Oy\",\"alternateName\":\"Krook Media\",\"url\":\"https:\/\/krookmedia.fi\/\",\"logo\":{\"@type\":\"ImageObject\",\"inLanguage\":\"fi\",\"@id\":\"https:\/\/krookmedia.fi\/#\/schema\/logo\/image\/\",\"url\":\"https:\/\/krookmedia.fi\/wp-content\/uploads\/2022\/09\/krookmedia-logo-txt.png\",\"contentUrl\":\"https:\/\/krookmedia.fi\/wp-content\/uploads\/2022\/09\/krookmedia-logo-txt.png\",\"width\":600,\"height\":155,\"caption\":\"Krook-Media Oy\"},\"image\":{\"@id\":\"https:\/\/krookmedia.fi\/#\/schema\/logo\/image\/\"}}]}<\/script>\n<!-- \/ Yoast SEO plugin. -->","yoast_head_json":{"title":"FORE! \u2013\u00a0Golflehti - Krookmedia - Aktivoi tarinasi","description":"Golfia pelataan siksi, koska se on sosiaalinen ja loistava ulkoilmalaji, sek\u00e4\u00a0 tietenkin siksi, ett\u00e4 se on eritt\u00e4in viihdytt\u00e4v\u00e4\u00e4 \u2013 ja sit\u00e4 on my\u00f6s FORE! \u00a0","robots":{"index":"index","follow":"follow","max-snippet":"max-snippet:-1","max-image-preview":"max-image-preview:large","max-video-preview":"max-video-preview:-1"},"canonical":"https:\/\/krookmedia.fi\/index.php\/golf\/","og_locale":"fi_FI","og_type":"article","og_title":"FORE! \u2013\u00a0Golflehti - Krookmedia - Aktivoi tarinasi","og_description":"Golfia pelataan siksi, koska se on sosiaalinen ja loistava ulkoilmalaji, sek\u00e4\u00a0 tietenkin siksi, ett\u00e4 se on eritt\u00e4in viihdytt\u00e4v\u00e4\u00e4 \u2013 ja sit\u00e4 on my\u00f6s FORE! \u00a0","og_url":"https:\/\/krookmedia.fi\/index.php\/golf\/","og_site_name":"Krookmedia - Aktivoi tarinasi","article_modified_time":"2025-10-24T06:16:05+00:00","og_image":[{"width":1500,"height":807,"url":"https:\/\/krookmedia.fi\/wp-content\/uploads\/2023\/03\/golf_feature.jpg","type":"image\/jpeg"}],"twitter_card":"summary_large_image","twitter_misc":{"Arvioitu lukuaika":"3 minuuttia"},"schema":{"@context":"https:\/\/schema.org","@graph":[{"@type":"WebPage","@id":"https:\/\/krookmedia.fi\/index.php\/golf\/","url":"https:\/\/krookmedia.fi\/index.php\/golf\/","name":"FORE! \u2013\u00a0Golflehti - Krookmedia - Aktivoi tarinasi","isPartOf":{"@id":"https:\/\/krookmedia.fi\/#website"},"primaryImageOfPage":{"@id":"https:\/\/krookmedia.fi\/index.php\/golf\/#primaryimage"},"image":{"@id":"https:\/\/krookmedia.fi\/index.php\/golf\/#primaryimage"},"thumbnailUrl":"https:\/\/krookmedia.fi\/wp-content\/uploads\/2023\/03\/golf_feature.jpg","datePublished":"2023-03-02T07:56:42+00:00","dateModified":"2025-10-24T06:16:05+00:00","description":"Golfia pelataan siksi, koska se on sosiaalinen ja loistava ulkoilmalaji, sek\u00e4\u00a0 tietenkin siksi, ett\u00e4 se on eritt\u00e4in viihdytt\u00e4v\u00e4\u00e4 \u2013 ja sit\u00e4 on my\u00f6s FORE! \u00a0","breadcrumb":{"@id":"https:\/\/krookmedia.fi\/index.php\/golf\/#breadcrumb"},"inLanguage":"fi","potentialAction":[{"@type":"ReadAction","target":["https:\/\/krookmedia.fi\/index.php\/golf\/"]}]},{"@type":"ImageObject","inLanguage":"fi","@id":"https:\/\/krookmedia.fi\/index.php\/golf\/#primaryimage","url":"https:\/\/krookmedia.fi\/wp-content\/uploads\/2023\/03\/golf_feature.jpg","contentUrl":"https:\/\/krookmedia.fi\/wp-content\/uploads\/2023\/03\/golf_feature.jpg","width":1500,"height":807},{"@type":"BreadcrumbList","@id":"https:\/\/krookmedia.fi\/index.php\/golf\/#breadcrumb","itemListElement":[{"@type":"ListItem","position":1,"name":"Etusivu","item":"https:\/\/krookmedia.fi\/"},{"@type":"ListItem","position":2,"name":"FORE! \u2013\u00a0Golflehti"}]},{"@type":"WebSite","@id":"https:\/\/krookmedia.fi\/#website","url":"https:\/\/krookmedia.fi\/","name":"Krookmedia - Aktivoi tarinasi","description":"Kotimainen harrasteiden mediatalo","publisher":{"@id":"https:\/\/krookmedia.fi\/#organization"},"alternateName":"Krook-Media","potentialAction":[{"@type":"SearchAction","target":{"@type":"EntryPoint","urlTemplate":"https:\/\/krookmedia.fi\/?s={search_term_string}"},"query-input":{"@type":"PropertyValueSpecification","valueRequired":true,"valueName":"search_term_string"}}],"inLanguage":"fi"},{"@type":"Organization","@id":"https:\/\/krookmedia.fi\/#organization","name":"Krook-Media Oy","alternateName":"Krook Media","url":"https:\/\/krookmedia.fi\/","logo":{"@type":"ImageObject","inLanguage":"fi","@id":"https:\/\/krookmedia.fi\/#\/schema\/logo\/image\/","url":"https:\/\/krookmedia.fi\/wp-content\/uploads\/2022\/09\/krookmedia-logo-txt.png","contentUrl":"https:\/\/krookmedia.fi\/wp-content\/uploads\/2022\/09\/krookmedia-logo-txt.png","width":600,"height":155,"caption":"Krook-Media Oy"},"image":{"@id":"https:\/\/krookmedia.fi\/#\/schema\/logo\/image\/"}}]}},"_links":{"self":[{"href":"https:\/\/krookmedia.fi\/index.php\/wp-json\/wp\/v2\/pages\/89","targetHints":{"allow":["GET"]}}],"collection":[{"href":"https:\/\/krookmedia.fi\/index.php\/wp-json\/wp\/v2\/pages"}],"about":[{"href":"https:\/\/krookmedia.fi\/index.php\/wp-json\/wp\/v2\/types\/page"}],"author":[{"embeddable":true,"href":"https:\/\/krookmedia.fi\/index.php\/wp-json\/wp\/v2\/users\/1"}],"replies":[{"embeddable":true,"href":"https:\/\/krookmedia.fi\/index.php\/wp-json\/wp\/v2\/comments?post=89"}],"version-history":[{"count":26,"href":"https:\/\/krookmedia.fi\/index.php\/wp-json\/wp\/v2\/pages\/89\/revisions"}],"predecessor-version":[{"id":594,"href":"https:\/\/krookmedia.fi\/index.php\/wp-json\/wp\/v2\/pages\/89\/revisions\/594"}],"wp:featuredmedia":[{"embeddable":true,"href":"https:\/\/krookmedia.fi\/index.php\/wp-json\/wp\/v2\/media\/175"}],"wp:attachment":[{"href":"https:\/\/krookmedia.fi\/index.php\/wp-json\/wp\/v2\/media?parent=89"}],"curies":[{"name":"wp","href":"https:\/\/api.w.org\/{rel}","templated":true}]}}