{"id":97,"date":"2023-03-02T11:08:43","date_gmt":"2023-03-02T08:08:43","guid":{"rendered":"https:\/\/uusi.krookmedia.fi\/uusi_krookmedia_fi\/?page_id=97"},"modified":"2023-11-30T22:35:03","modified_gmt":"2023-11-30T19:35:03","slug":"skeittaus-ja-lumilautailu","status":"publish","type":"page","link":"https:\/\/krookmedia.fi\/index.php\/skeittaus-ja-lumilautailu\/","title":{"rendered":"Rodeo ja Hang up \u2013 Skeittaus ja lumilautailu"},"content":{"rendered":"\n<p>Skeittaus on vakiinnuttanut paikkansa uusien omaehtoisten lajien pysyv\u00e4ss\u00e4 joukossa. Se ei ole en\u00e4\u00e4 pelkk\u00e4\u00e4 lasten leikki\u00e4 tai pelkk\u00e4 nuorisoharrastus. Viel\u00e4 viisi vuotta sitten 40-vuotias skeittaaja ja tytt\u00f6skeittaaja olivat harvinaisuuksia \u2013 eiv\u00e4t en\u00e4\u00e4. Skeittaus on hyv\u00e4\u00e4, kehonhallintaa kehitt\u00e4v\u00e4\u00e4 liikuntaa. T\u00e4st\u00e4 kertoo mm. se, ett\u00e4 Suomen Syd\u00e4nliitto my\u00f6nsi Skeittiliitolle palkinnon nuorten terveyden ja liikunnan edist\u00e4misest\u00e4.<\/p>\n\n\n\n<p>Hangup on rullalautailuun keskittynyt erikoismedia. Vuosien kuluessa Hang Upista on tullut se ainoa oikea koko skeittikansan lehti, joka tarjoaa lukijoilleen sek\u00e4 suomalaista ett\u00e4 kansainv\u00e4list\u00e4 skeittausta ja sit\u00e4 ymp\u00e4r\u00f6iv\u00e4\u00e4 kulttuuria mielenkiintoisesti, skeittaajien omalla kielell\u00e4, skeneen vihkiytyneen toimittajakuntansa kautta. Nyky\u00e4\u00e4n Hang Up -lehti ilmestyy kerran vuodessa. Hang Upin avulla voit olla osa t\u00e4t\u00e4 vaikeasti tavoitettavaa edell\u00e4k\u00e4vij\u00f6iden joukkoa sek\u00e4 nuorisokulttuurien monipuolista kirjoa.<\/p>\n\n\n\n<p><a href=\"https:\/\/hangup.fi\/\" target=\"_blank\" rel=\"noreferrer noopener\">Vieraile HANGUP.FI sivustolla<\/a><\/p>\n\n\n\n<figure class=\"wp-block-image size-large\"><img loading=\"lazy\" decoding=\"async\" width=\"1500\" height=\"1000\" src=\"https:\/\/uusi.krookmedia.fi\/uusi_krookmedia_fi\/wp-content\/uploads\/2023\/03\/Samu_kaarvonen_fsfeeble_Suvilahti_photomikkokempas-1500x1000.jpeg\" alt=\"\" class=\"wp-image-186\" srcset=\"https:\/\/krookmedia.fi\/wp-content\/uploads\/2023\/03\/Samu_kaarvonen_fsfeeble_Suvilahti_photomikkokempas-1500x1000.jpeg 1500w, https:\/\/krookmedia.fi\/wp-content\/uploads\/2023\/03\/Samu_kaarvonen_fsfeeble_Suvilahti_photomikkokempas-600x400.jpeg 600w, https:\/\/krookmedia.fi\/wp-content\/uploads\/2023\/03\/Samu_kaarvonen_fsfeeble_Suvilahti_photomikkokempas-150x100.jpeg 150w, https:\/\/krookmedia.fi\/wp-content\/uploads\/2023\/03\/Samu_kaarvonen_fsfeeble_Suvilahti_photomikkokempas-768x512.jpeg 768w, https:\/\/krookmedia.fi\/wp-content\/uploads\/2023\/03\/Samu_kaarvonen_fsfeeble_Suvilahti_photomikkokempas-1536x1024.jpeg 1536w, https:\/\/krookmedia.fi\/wp-content\/uploads\/2023\/03\/Samu_kaarvonen_fsfeeble_Suvilahti_photomikkokempas.jpeg 2048w\" sizes=\"auto, (max-width: 1500px) 100vw, 1500px\" \/><\/figure>\n\n\n\n<hr class=\"wp-block-separator has-alpha-channel-opacity\"\/>\n\n\n\n<p>Lumilautailu on skeittauksen ja surffauksen talvinen serkku, omaehtoinen talvilaji, jolla on suuri suosio maassamme. Viime vuosina lumilautailun suosio on kasvanut <a href=\"https:\/\/www.ski.fi\/info\/tutkimukset\/\" target=\"_blank\" rel=\"noreferrer noopener\">ski.fi tutkimusten <\/a>mukaan. Lumilautailusta kiinnostuneita aikuisv\u00e4est\u00f6ss\u00e4 (+18v) on n. 850 000 henkil\u00f6\u00e4 \u2013 nuorista aikuisista miehist\u00e4 lajia seuraa joka kolmas. <\/p>\n\n\n\n<p>Suomi on eritt\u00e4in menestynyt maa lumilautailussa ja maastamme on noussut useita huippulautailijoita koko maailman tietoisuuteen, kuten Roope Tonteri, Rene Rinnekangas, Eero Ettala, Heikki Sorsa, Enni Rukaj\u00e4rvi, Toni Kerkel\u00e4, Sami Luhtanen ja niin edelleen. Lajilla on siis pitk\u00e4t perinteet ja vankka harrastajakunta maassamme. Monet nuoret valitsevat edelleen lumilaudan suksien sijaan sen monipuolisen temppuvalikoiman, vapauden ja rennon asenteen vuoksi ja lis\u00e4ksi aikuisik\u00e4\u00e4n tulleet ensimm\u00e4isen sukupolven laskijat opettavat lapsensa laskemaan. Rinteiss\u00e4 onkin nyky\u00e4\u00e4n hyvin usein lumilautailijoita ik\u00e4haarukaltaan 12-45 vuotta, kaikki samoilla reileill\u00e4 ja paippien hyllyill\u00e4.<\/p>\n\n\n\n<p><a href=\"https:\/\/rodeosnow.fi\/\" target=\"_blank\" rel=\"noreferrer noopener\">Vieraile RODEOSNOW.FI sivustolla <\/a><\/p>\n\n\n\n<figure class=\"wp-block-image size-large\"><img loading=\"lazy\" decoding=\"async\" width=\"1152\" height=\"1500\" src=\"https:\/\/uusi.krookmedia.fi\/uusi_krookmedia_fi\/wp-content\/uploads\/2023\/03\/Jopi_steez_fs3_net_talma-1152x1500.jpg\" alt=\"\" class=\"wp-image-189\" srcset=\"https:\/\/krookmedia.fi\/wp-content\/uploads\/2023\/03\/Jopi_steez_fs3_net_talma-1152x1500.jpg 1152w, https:\/\/krookmedia.fi\/wp-content\/uploads\/2023\/03\/Jopi_steez_fs3_net_talma-600x781.jpg 600w, https:\/\/krookmedia.fi\/wp-content\/uploads\/2023\/03\/Jopi_steez_fs3_net_talma-150x195.jpg 150w, https:\/\/krookmedia.fi\/wp-content\/uploads\/2023\/03\/Jopi_steez_fs3_net_talma-768x1000.jpg 768w, https:\/\/krookmedia.fi\/wp-content\/uploads\/2023\/03\/Jopi_steez_fs3_net_talma-1180x1536.jpg 1180w, https:\/\/krookmedia.fi\/wp-content\/uploads\/2023\/03\/Jopi_steez_fs3_net_talma.jpg 1200w\" sizes=\"auto, (max-width: 1152px) 100vw, 1152px\" \/><\/figure>\n\n\n\n<hr class=\"wp-block-separator has-alpha-channel-opacity\"\/>\n\n\n\n<p><a href=\"https:\/\/krookmedia.fi\/asiantuntijat\/#kempas\"><em>Kysy lis\u00e4\u00e4 suoraan asiantuntijoiltamme<\/em><\/a><\/p>\n\n\n\n<p><a href=\"https:\/\/www.lehtiluukku.fi\/lehdet\/hangup\/\" target=\"_blank\" rel=\"noreferrer noopener\">Hang Up Lehtiluukku.fi<\/a><\/p>\n\n\n\n<p><a href=\"http:\/\/hangup.fi\/\" target=\"_blank\" rel=\"noreferrer noopener\">Hangup.fi \u00bb<\/a><\/p>\n\n\n\n<p><\/p>\n\n\n\n<figure class=\"wp-block-image size-full\"><img loading=\"lazy\" decoding=\"async\" width=\"795\" height=\"981\" src=\"https:\/\/uusi.krookmedia.fi\/uusi_krookmedia_fi\/wp-content\/uploads\/2023\/03\/Hangup2022_kansi-1.jpeg\" alt=\"\" class=\"wp-image-100\" srcset=\"https:\/\/krookmedia.fi\/wp-content\/uploads\/2023\/03\/Hangup2022_kansi-1.jpeg 795w, https:\/\/krookmedia.fi\/wp-content\/uploads\/2023\/03\/Hangup2022_kansi-1-600x740.jpeg 600w, https:\/\/krookmedia.fi\/wp-content\/uploads\/2023\/03\/Hangup2022_kansi-1-150x185.jpeg 150w, https:\/\/krookmedia.fi\/wp-content\/uploads\/2023\/03\/Hangup2022_kansi-1-768x948.jpeg 768w\" sizes=\"auto, (max-width: 795px) 100vw, 795px\" \/><\/figure>\n","protected":false},"excerpt":{"rendered":"<p>Skeittaus on vakiinnuttanut paikkansa uusien omaehtoisten lajien pysyv\u00e4ss\u00e4 joukossa. Se ei ole en\u00e4\u00e4 pelkk\u00e4\u00e4 lasten leikki\u00e4 tai pelkk\u00e4 nuorisoharrastus. Viel\u00e4 viisi vuotta sitten 40-vuotias skeittaaja ja tytt\u00f6skeittaaja olivat harvinaisuuksia \u2013 eiv\u00e4t en\u00e4\u00e4. Skeittaus on hyv\u00e4\u00e4, kehonhallintaa kehitt\u00e4v\u00e4\u00e4 liikuntaa. T\u00e4st\u00e4 kertoo mm. se, ett\u00e4 Suomen Syd\u00e4nliitto my\u00f6nsi Skeittiliitolle palkinnon nuorten terveyden ja liikunnan edist\u00e4misest\u00e4. Hangup on [&hellip;]<\/p>\n","protected":false},"author":1,"featured_media":185,"parent":0,"menu_order":0,"comment_status":"closed","ping_status":"closed","template":"","meta":{"footnotes":""},"class_list":["post-97","page","type-page","status-publish","has-post-thumbnail","hentry"],"blocksy_meta":[],"yoast_head":"<!-- This site is optimized with the Yoast SEO plugin v26.0 - https:\/\/yoast.com\/wordpress\/plugins\/seo\/ -->\n<title>Rodeo ja Hang up \u2013 Skeittaus ja lumilautailu - Krookmedia - Aktivoi tarinasi<\/title>\n<meta name=\"description\" content=\"Skeittaus on vakiinnuttanut paikkansa uusien omaehtoisten lajien pysyv\u00e4ss\u00e4 joukossa kuten lumilautailukin. Ota n\u00e4m\u00e4 mediat haltuun!\" \/>\n<meta name=\"robots\" content=\"index, follow, max-snippet:-1, max-image-preview:large, max-video-preview:-1\" \/>\n<link rel=\"canonical\" href=\"https:\/\/krookmedia.fi\/index.php\/skeittaus-ja-lumilautailu\/\" \/>\n<meta property=\"og:locale\" content=\"fi_FI\" \/>\n<meta property=\"og:type\" content=\"article\" \/>\n<meta property=\"og:title\" content=\"Rodeo ja Hang up \u2013 Skeittaus ja lumilautailu - Krookmedia - Aktivoi tarinasi\" \/>\n<meta property=\"og:description\" content=\"Skeittaus on vakiinnuttanut paikkansa uusien omaehtoisten lajien pysyv\u00e4ss\u00e4 joukossa kuten lumilautailukin. Ota n\u00e4m\u00e4 mediat haltuun!\" \/>\n<meta property=\"og:url\" content=\"https:\/\/krookmedia.fi\/index.php\/skeittaus-ja-lumilautailu\/\" \/>\n<meta property=\"og:site_name\" content=\"Krookmedia - Aktivoi tarinasi\" \/>\n<meta property=\"article:modified_time\" content=\"2023-11-30T19:35:03+00:00\" \/>\n<meta property=\"og:image\" content=\"https:\/\/krookmedia.fi\/wp-content\/uploads\/2023\/03\/skeittausjalumilautailumedia.jpg\" \/>\n\t<meta property=\"og:image:width\" content=\"1500\" \/>\n\t<meta property=\"og:image:height\" content=\"807\" \/>\n\t<meta property=\"og:image:type\" content=\"image\/jpeg\" \/>\n<meta name=\"twitter:card\" content=\"summary_large_image\" \/>\n<meta name=\"twitter:label1\" content=\"Arvioitu lukuaika\" \/>\n\t<meta name=\"twitter:data1\" content=\"3 minuuttia\" \/>\n<script type=\"application\/ld+json\" class=\"yoast-schema-graph\">{\"@context\":\"https:\/\/schema.org\",\"@graph\":[{\"@type\":\"WebPage\",\"@id\":\"https:\/\/krookmedia.fi\/index.php\/skeittaus-ja-lumilautailu\/\",\"url\":\"https:\/\/krookmedia.fi\/index.php\/skeittaus-ja-lumilautailu\/\",\"name\":\"Rodeo ja Hang up \u2013 Skeittaus ja lumilautailu - Krookmedia - Aktivoi tarinasi\",\"isPartOf\":{\"@id\":\"https:\/\/krookmedia.fi\/#website\"},\"primaryImageOfPage\":{\"@id\":\"https:\/\/krookmedia.fi\/index.php\/skeittaus-ja-lumilautailu\/#primaryimage\"},\"image\":{\"@id\":\"https:\/\/krookmedia.fi\/index.php\/skeittaus-ja-lumilautailu\/#primaryimage\"},\"thumbnailUrl\":\"https:\/\/krookmedia.fi\/wp-content\/uploads\/2023\/03\/skeittausjalumilautailumedia.jpg\",\"datePublished\":\"2023-03-02T08:08:43+00:00\",\"dateModified\":\"2023-11-30T19:35:03+00:00\",\"description\":\"Skeittaus on vakiinnuttanut paikkansa uusien omaehtoisten lajien pysyv\u00e4ss\u00e4 joukossa kuten lumilautailukin. Ota n\u00e4m\u00e4 mediat haltuun!\",\"breadcrumb\":{\"@id\":\"https:\/\/krookmedia.fi\/index.php\/skeittaus-ja-lumilautailu\/#breadcrumb\"},\"inLanguage\":\"fi\",\"potentialAction\":[{\"@type\":\"ReadAction\",\"target\":[\"https:\/\/krookmedia.fi\/index.php\/skeittaus-ja-lumilautailu\/\"]}]},{\"@type\":\"ImageObject\",\"inLanguage\":\"fi\",\"@id\":\"https:\/\/krookmedia.fi\/index.php\/skeittaus-ja-lumilautailu\/#primaryimage\",\"url\":\"https:\/\/krookmedia.fi\/wp-content\/uploads\/2023\/03\/skeittausjalumilautailumedia.jpg\",\"contentUrl\":\"https:\/\/krookmedia.fi\/wp-content\/uploads\/2023\/03\/skeittausjalumilautailumedia.jpg\",\"width\":1500,\"height\":807},{\"@type\":\"BreadcrumbList\",\"@id\":\"https:\/\/krookmedia.fi\/index.php\/skeittaus-ja-lumilautailu\/#breadcrumb\",\"itemListElement\":[{\"@type\":\"ListItem\",\"position\":1,\"name\":\"Etusivu\",\"item\":\"https:\/\/krookmedia.fi\/\"},{\"@type\":\"ListItem\",\"position\":2,\"name\":\"Rodeo ja Hang up \u2013 Skeittaus ja lumilautailu\"}]},{\"@type\":\"WebSite\",\"@id\":\"https:\/\/krookmedia.fi\/#website\",\"url\":\"https:\/\/krookmedia.fi\/\",\"name\":\"Krookmedia - Aktivoi tarinasi\",\"description\":\"Kotimainen harrasteiden mediatalo\",\"publisher\":{\"@id\":\"https:\/\/krookmedia.fi\/#organization\"},\"alternateName\":\"Krook-Media\",\"potentialAction\":[{\"@type\":\"SearchAction\",\"target\":{\"@type\":\"EntryPoint\",\"urlTemplate\":\"https:\/\/krookmedia.fi\/?s={search_term_string}\"},\"query-input\":{\"@type\":\"PropertyValueSpecification\",\"valueRequired\":true,\"valueName\":\"search_term_string\"}}],\"inLanguage\":\"fi\"},{\"@type\":\"Organization\",\"@id\":\"https:\/\/krookmedia.fi\/#organization\",\"name\":\"Krook-Media Oy\",\"alternateName\":\"Krook Media\",\"url\":\"https:\/\/krookmedia.fi\/\",\"logo\":{\"@type\":\"ImageObject\",\"inLanguage\":\"fi\",\"@id\":\"https:\/\/krookmedia.fi\/#\/schema\/logo\/image\/\",\"url\":\"https:\/\/krookmedia.fi\/wp-content\/uploads\/2022\/09\/krookmedia-logo-txt.png\",\"contentUrl\":\"https:\/\/krookmedia.fi\/wp-content\/uploads\/2022\/09\/krookmedia-logo-txt.png\",\"width\":600,\"height\":155,\"caption\":\"Krook-Media Oy\"},\"image\":{\"@id\":\"https:\/\/krookmedia.fi\/#\/schema\/logo\/image\/\"}}]}<\/script>\n<!-- \/ Yoast SEO plugin. -->","yoast_head_json":{"title":"Rodeo ja Hang up \u2013 Skeittaus ja lumilautailu - Krookmedia - Aktivoi tarinasi","description":"Skeittaus on vakiinnuttanut paikkansa uusien omaehtoisten lajien pysyv\u00e4ss\u00e4 joukossa kuten lumilautailukin. Ota n\u00e4m\u00e4 mediat haltuun!","robots":{"index":"index","follow":"follow","max-snippet":"max-snippet:-1","max-image-preview":"max-image-preview:large","max-video-preview":"max-video-preview:-1"},"canonical":"https:\/\/krookmedia.fi\/index.php\/skeittaus-ja-lumilautailu\/","og_locale":"fi_FI","og_type":"article","og_title":"Rodeo ja Hang up \u2013 Skeittaus ja lumilautailu - Krookmedia - Aktivoi tarinasi","og_description":"Skeittaus on vakiinnuttanut paikkansa uusien omaehtoisten lajien pysyv\u00e4ss\u00e4 joukossa kuten lumilautailukin. Ota n\u00e4m\u00e4 mediat haltuun!","og_url":"https:\/\/krookmedia.fi\/index.php\/skeittaus-ja-lumilautailu\/","og_site_name":"Krookmedia - Aktivoi tarinasi","article_modified_time":"2023-11-30T19:35:03+00:00","og_image":[{"width":1500,"height":807,"url":"https:\/\/krookmedia.fi\/wp-content\/uploads\/2023\/03\/skeittausjalumilautailumedia.jpg","type":"image\/jpeg"}],"twitter_card":"summary_large_image","twitter_misc":{"Arvioitu lukuaika":"3 minuuttia"},"schema":{"@context":"https:\/\/schema.org","@graph":[{"@type":"WebPage","@id":"https:\/\/krookmedia.fi\/index.php\/skeittaus-ja-lumilautailu\/","url":"https:\/\/krookmedia.fi\/index.php\/skeittaus-ja-lumilautailu\/","name":"Rodeo ja Hang up \u2013 Skeittaus ja lumilautailu - Krookmedia - Aktivoi tarinasi","isPartOf":{"@id":"https:\/\/krookmedia.fi\/#website"},"primaryImageOfPage":{"@id":"https:\/\/krookmedia.fi\/index.php\/skeittaus-ja-lumilautailu\/#primaryimage"},"image":{"@id":"https:\/\/krookmedia.fi\/index.php\/skeittaus-ja-lumilautailu\/#primaryimage"},"thumbnailUrl":"https:\/\/krookmedia.fi\/wp-content\/uploads\/2023\/03\/skeittausjalumilautailumedia.jpg","datePublished":"2023-03-02T08:08:43+00:00","dateModified":"2023-11-30T19:35:03+00:00","description":"Skeittaus on vakiinnuttanut paikkansa uusien omaehtoisten lajien pysyv\u00e4ss\u00e4 joukossa kuten lumilautailukin. Ota n\u00e4m\u00e4 mediat haltuun!","breadcrumb":{"@id":"https:\/\/krookmedia.fi\/index.php\/skeittaus-ja-lumilautailu\/#breadcrumb"},"inLanguage":"fi","potentialAction":[{"@type":"ReadAction","target":["https:\/\/krookmedia.fi\/index.php\/skeittaus-ja-lumilautailu\/"]}]},{"@type":"ImageObject","inLanguage":"fi","@id":"https:\/\/krookmedia.fi\/index.php\/skeittaus-ja-lumilautailu\/#primaryimage","url":"https:\/\/krookmedia.fi\/wp-content\/uploads\/2023\/03\/skeittausjalumilautailumedia.jpg","contentUrl":"https:\/\/krookmedia.fi\/wp-content\/uploads\/2023\/03\/skeittausjalumilautailumedia.jpg","width":1500,"height":807},{"@type":"BreadcrumbList","@id":"https:\/\/krookmedia.fi\/index.php\/skeittaus-ja-lumilautailu\/#breadcrumb","itemListElement":[{"@type":"ListItem","position":1,"name":"Etusivu","item":"https:\/\/krookmedia.fi\/"},{"@type":"ListItem","position":2,"name":"Rodeo ja Hang up \u2013 Skeittaus ja lumilautailu"}]},{"@type":"WebSite","@id":"https:\/\/krookmedia.fi\/#website","url":"https:\/\/krookmedia.fi\/","name":"Krookmedia - Aktivoi tarinasi","description":"Kotimainen harrasteiden mediatalo","publisher":{"@id":"https:\/\/krookmedia.fi\/#organization"},"alternateName":"Krook-Media","potentialAction":[{"@type":"SearchAction","target":{"@type":"EntryPoint","urlTemplate":"https:\/\/krookmedia.fi\/?s={search_term_string}"},"query-input":{"@type":"PropertyValueSpecification","valueRequired":true,"valueName":"search_term_string"}}],"inLanguage":"fi"},{"@type":"Organization","@id":"https:\/\/krookmedia.fi\/#organization","name":"Krook-Media Oy","alternateName":"Krook Media","url":"https:\/\/krookmedia.fi\/","logo":{"@type":"ImageObject","inLanguage":"fi","@id":"https:\/\/krookmedia.fi\/#\/schema\/logo\/image\/","url":"https:\/\/krookmedia.fi\/wp-content\/uploads\/2022\/09\/krookmedia-logo-txt.png","contentUrl":"https:\/\/krookmedia.fi\/wp-content\/uploads\/2022\/09\/krookmedia-logo-txt.png","width":600,"height":155,"caption":"Krook-Media Oy"},"image":{"@id":"https:\/\/krookmedia.fi\/#\/schema\/logo\/image\/"}}]}},"_links":{"self":[{"href":"https:\/\/krookmedia.fi\/index.php\/wp-json\/wp\/v2\/pages\/97","targetHints":{"allow":["GET"]}}],"collection":[{"href":"https:\/\/krookmedia.fi\/index.php\/wp-json\/wp\/v2\/pages"}],"about":[{"href":"https:\/\/krookmedia.fi\/index.php\/wp-json\/wp\/v2\/types\/page"}],"author":[{"embeddable":true,"href":"https:\/\/krookmedia.fi\/index.php\/wp-json\/wp\/v2\/users\/1"}],"replies":[{"embeddable":true,"href":"https:\/\/krookmedia.fi\/index.php\/wp-json\/wp\/v2\/comments?post=97"}],"version-history":[{"count":7,"href":"https:\/\/krookmedia.fi\/index.php\/wp-json\/wp\/v2\/pages\/97\/revisions"}],"predecessor-version":[{"id":335,"href":"https:\/\/krookmedia.fi\/index.php\/wp-json\/wp\/v2\/pages\/97\/revisions\/335"}],"wp:featuredmedia":[{"embeddable":true,"href":"https:\/\/krookmedia.fi\/index.php\/wp-json\/wp\/v2\/media\/185"}],"wp:attachment":[{"href":"https:\/\/krookmedia.fi\/index.php\/wp-json\/wp\/v2\/media?parent=97"}],"curies":[{"name":"wp","href":"https:\/\/api.w.org\/{rel}","templated":true}]}}